{"id":345197,"date":"2024-06-18T11:03:34","date_gmt":"2024-06-18T11:05:18","guid":{"rendered":"https:\/\/www.moskito.cz\/produkt\/couteau-pliant-stockman-en-acier-froid\/"},"modified":"2025-05-07T11:17:42","modified_gmt":"2025-05-07T10:17:42","slug":"couteau-pliant-stockman-en-acier-froid","status":"publish","type":"product","link":"https:\/\/www.moskito.cz\/fr\/produkt\/couteau-pliant-stockman-en-acier-froid\/","title":{"rendered":"Couteau pliant STOCKMAN en acier froid"},"content":{"rendered":"<p>Couteau pliant STOCKMAN <strong>en acier froid<\/strong> .<\/p>\n<p><strong>Le couteau pliant Cold Steel Stockman<\/strong> est une version l\u00e9g\u00e8rement plus grande et plus durable du Gentleman&rsquo;s Stockman. La s\u00e9rie Stockman est notre variante du couteau classique pour hommes. Il est dot\u00e9 de poign\u00e9es en os v\u00e9ritable et est rehauss\u00e9 d&rsquo;appuie-t\u00eates en m\u00e9tal poli. Les poign\u00e9es robustes sont consid\u00e9rablement dimensionn\u00e9es pour les travaux lourds, m\u00eame avec des mains gant\u00e9es. Il est construit dans la conception traditionnelle du Jack Knife avec trois lames polies en acier inoxydable 8Cr13MoV&nbsp;: une lame \u00e0 clip pour percer et couper, une lame d&rsquo;\u00e9corchage et d&rsquo;\u00e9visc\u00e9ration et une lame en pied de mouton pour \u00e9viter les perforations lors de tout travail de tranchage. C&rsquo;est un couteau pratique, utile pour toutes sortes de travaux et qui s&rsquo;int\u00e8gre bien dans presque tous les environnements, de la ville \u00e0 la campagne. Il s&rsquo;agit d&rsquo;un excellent couteau de poche, parfait pour les projets domestiques, une utilisation en ext\u00e9rieur ou comme couteau de chasse.<\/p>\n<p>Longueur de lame 1&nbsp;: <span id=\"cwos\" class=\"qv3Wpe\">8,75<\/span> cm<\/p>\n<p>Longueur de lame 2&nbsp;: <span id=\"cwos\" class=\"qv3Wpe\">5,75<\/span> cm<br \/>\nLongueur de lame 3&nbsp;: 5 cm<br \/>\nFamille d&rsquo;acier : 8Cr13MoV Inox<\/p>\n<p>Couleur: Os<\/p>\n<p>Gamme de produits&nbsp;: Stockman<\/p>\n<p>M\u00e9canisme de verrouillage : Joint coulissant<\/p>\n<p>&nbsp;<\/p>\n","protected":false},"excerpt":{"rendered":"<p><strong>Le couteau pliant Cold Steel Stockman est une version l\u00e9g\u00e8rement plus grande et plus durable du Gentleman&rsquo;s Stockman. La s\u00e9rie Stockman est notre variante du couteau classique pour hommes.<\/strong><\/p>\n","protected":false},"featured_media":345165,"comment_status":"open","ping_status":"closed","template":"","meta":[],"pwb-brand":[3789],"product_brand":[],"product_cat":[3700,3696],"product_tag":[3754],"class_list":{"0":"post-345197","1":"product","2":"type-product","3":"status-publish","4":"has-post-thumbnail","6":"pwb-brand-acier-froid","7":"product_cat-couteaux-de-fermeture","8":"product_cat-des-couteaux","9":"product_tag-b2b-fr","11":"first","12":"outofstock","13":"taxable","14":"shipping-taxable","15":"purchasable","16":"product-type-simple"},"brands":[{"id":3789,"name":"Acier froid","slug":"acier-froid"}],"_links":{"self":[{"href":"https:\/\/www.moskito.cz\/fr\/wp-json\/wp\/v2\/product\/345197","targetHints":{"allow":["GET"]}}],"collection":[{"href":"https:\/\/www.moskito.cz\/fr\/wp-json\/wp\/v2\/product"}],"about":[{"href":"https:\/\/www.moskito.cz\/fr\/wp-json\/wp\/v2\/types\/product"}],"replies":[{"embeddable":true,"href":"https:\/\/www.moskito.cz\/fr\/wp-json\/wp\/v2\/comments?post=345197"}],"wp:featuredmedia":[{"embeddable":true,"href":"https:\/\/www.moskito.cz\/fr\/wp-json\/wp\/v2\/media\/345165"}],"wp:attachment":[{"href":"https:\/\/www.moskito.cz\/fr\/wp-json\/wp\/v2\/media?parent=345197"}],"wp:term":[{"taxonomy":"pwb-brand","embeddable":true,"href":"https:\/\/www.moskito.cz\/fr\/wp-json\/wp\/v2\/pwb-brand?post=345197"},{"taxonomy":"product_brand","embeddable":true,"href":"https:\/\/www.moskito.cz\/fr\/wp-json\/wp\/v2\/product_brand?post=345197"},{"taxonomy":"product_cat","embeddable":true,"href":"https:\/\/www.moskito.cz\/fr\/wp-json\/wp\/v2\/product_cat?post=345197"},{"taxonomy":"product_tag","embeddable":true,"href":"https:\/\/www.moskito.cz\/fr\/wp-json\/wp\/v2\/product_tag?post=345197"}],"curies":[{"name":"wp","href":"https:\/\/api.w.org\/{rel}","templated":true}]}}