{"id":345211,"date":"2024-06-18T12:11:54","date_gmt":"2024-06-18T11:13:20","guid":{"rendered":"https:\/\/www.moskito.cz\/produkt\/couteau-de-lancer-cold-steel-sure-flight-sport\/"},"modified":"2025-05-07T11:17:43","modified_gmt":"2025-05-07T10:17:43","slug":"couteau-de-lancer-cold-steel-sure-flight-sport","status":"publish","type":"product","link":"https:\/\/www.moskito.cz\/fr\/produkt\/couteau-de-lancer-cold-steel-sure-flight-sport\/","title":{"rendered":"Couteau de lancer Cold Steel SURE FLIGHT SPORT"},"content":{"rendered":"<p>Couteau de lancer <strong>Cold Steel<\/strong> SURE FLIGHT SPORT.<\/p>\n<p>Nous proposons depuis de nombreuses ann\u00e9es certains des meilleurs couteaux de lancer professionnels haut de gamme. Nos lanceurs sont devenus un pilier de la communaut\u00e9 des lanceurs et participent r\u00e9guli\u00e8rement aux plus hautes comp\u00e9titions de lancer \u00e0 travers le monde. Aujourd&rsquo;hui, en raison de la demande g\u00e9n\u00e9rale, nous sommes fiers de pr\u00e9senter une nouvelle gamme de lanceurs sportifs de milieu de gamme abordables. Construits selon les m\u00eames normes rigoureuses et avec la m\u00eame trempe que nos mod\u00e8les haut de gamme, ces mod\u00e8les sportifs sont l\u00e9g\u00e8rement plus fins et plus l\u00e9gers, mais ont la m\u00eame durabilit\u00e9 et le m\u00eame \u00e9quilibre que nos clients attendent. Ils conviennent \u00e0 tout niveau de comp\u00e9tence. ils sont nettement moins chers que nos mod\u00e8les professionnels originaux et rendent ce passe-temps agr\u00e9able et enrichissant plus facile que jamais.<\/p>\n<p>Poids : 232,46 g<br \/>\nTaille totale : 30,4 cm<br \/>\n\u00c9paisseur de la lame : 0,35 cm<br \/>\nAcier&nbsp;:&nbsp;1055 acier au carbone<\/p>\n","protected":false},"excerpt":{"rendered":"<p><strong>Le Sure Flight Sport de Cold Steel est un couteau de lancer de taille moyenne. Ce couteau vous accompagnera dans les comp\u00e9titions professionnelles et amateurs, mais vous prendrez \u00e9galement beaucoup de plaisir avec lors de lancers en famille ou entre amis.<\/strong><\/p>\n","protected":false},"featured_media":345205,"comment_status":"open","ping_status":"closed","template":"","meta":[],"pwb-brand":[3789],"product_brand":[],"product_cat":[3696,3698],"product_tag":[3754],"class_list":{"0":"post-345211","1":"product","2":"type-product","3":"status-publish","4":"has-post-thumbnail","6":"pwb-brand-acier-froid","7":"product_cat-des-couteaux","8":"product_cat-lancer-des-couteaux","9":"product_tag-b2b-fr","11":"first","12":"outofstock","13":"taxable","14":"shipping-taxable","15":"purchasable","16":"product-type-simple"},"brands":[{"id":3789,"name":"Acier froid","slug":"acier-froid"}],"_links":{"self":[{"href":"https:\/\/www.moskito.cz\/fr\/wp-json\/wp\/v2\/product\/345211","targetHints":{"allow":["GET"]}}],"collection":[{"href":"https:\/\/www.moskito.cz\/fr\/wp-json\/wp\/v2\/product"}],"about":[{"href":"https:\/\/www.moskito.cz\/fr\/wp-json\/wp\/v2\/types\/product"}],"replies":[{"embeddable":true,"href":"https:\/\/www.moskito.cz\/fr\/wp-json\/wp\/v2\/comments?post=345211"}],"wp:featuredmedia":[{"embeddable":true,"href":"https:\/\/www.moskito.cz\/fr\/wp-json\/wp\/v2\/media\/345205"}],"wp:attachment":[{"href":"https:\/\/www.moskito.cz\/fr\/wp-json\/wp\/v2\/media?parent=345211"}],"wp:term":[{"taxonomy":"pwb-brand","embeddable":true,"href":"https:\/\/www.moskito.cz\/fr\/wp-json\/wp\/v2\/pwb-brand?post=345211"},{"taxonomy":"product_brand","embeddable":true,"href":"https:\/\/www.moskito.cz\/fr\/wp-json\/wp\/v2\/product_brand?post=345211"},{"taxonomy":"product_cat","embeddable":true,"href":"https:\/\/www.moskito.cz\/fr\/wp-json\/wp\/v2\/product_cat?post=345211"},{"taxonomy":"product_tag","embeddable":true,"href":"https:\/\/www.moskito.cz\/fr\/wp-json\/wp\/v2\/product_tag?post=345211"}],"curies":[{"name":"wp","href":"https:\/\/api.w.org\/{rel}","templated":true}]}}