{"id":345252,"date":"2024-06-18T12:20:23","date_gmt":"2024-06-18T11:20:23","guid":{"rendered":"https:\/\/www.moskito.cz\/produkt\/cold-steel-couteaux-a-lancer-avec-manche-paracorde-paquet-de-3-avec-gaine\/"},"modified":"2025-05-07T11:17:44","modified_gmt":"2025-05-07T10:17:44","slug":"cold-steel-couteaux-a-lancer-avec-manche-paracorde-paquet-de-3-avec-gaine","status":"publish","type":"product","link":"https:\/\/www.moskito.cz\/fr\/produkt\/cold-steel-couteaux-a-lancer-avec-manche-paracorde-paquet-de-3-avec-gaine\/","title":{"rendered":"Cold Steel COUTEAUX \u00c0 LANCER AVEC MANCHE PARACORDE &#8211; PAQUET DE 3 AVEC GAINE"},"content":{"rendered":"<p>COUTEAUX \u00c0 LANCER <strong>Cold Steel<\/strong> AVEC MANCHE PARACORDE &#8211; PAQUET DE 3 AVEC GAINE.<\/p>\n<p>Fabriqu\u00e9 en acier 420SS robuste et fini avec un rev\u00eatement protecteur noir r\u00e9sistant aux rayures. Ces couteaux de lancer sont magnifiquement \u00e9quilibr\u00e9s pour plus de pr\u00e9cision et de durabilit\u00e9 pour une longue dur\u00e9e de vie. Leurs lames utilitaires tranchantes et fonctionnelles et leurs poign\u00e9es envelopp\u00e9es de paracorde les aident \u00e0 servir d&rsquo;excellents couteaux de bushcraft ou de survie. L&rsquo;ensemble de trois se range facilement dans l&rsquo;\u00e9tui en nylon inclus.<\/p>\n<p>Poids : 138g<br \/>\nTaille totale : 22,9 cm<br \/>\nLongueur de la lame : 10,2 cm<br \/>\n\u00c9paisseur de la lame : 0,39 cm<br \/>\nAcier&nbsp;:&nbsp;420SS<br \/>\nLongueur du manche : 12,7 cm<br \/>\nMat\u00e9riau du bo\u00eetier : Nylon<\/p>\n","protected":false},"excerpt":{"rendered":"<p><strong>Ces couteaux de lancer sont magnifiquement \u00e9quilibr\u00e9s pour plus de pr\u00e9cision et de durabilit\u00e9 pour une longue dur\u00e9e de vie. Leurs lames utilitaires tranchantes et fonctionnelles et leurs poign\u00e9es envelopp\u00e9es de paracorde les aident \u00e0 servir d&rsquo;excellents couteaux de bushcraft ou de survie.<\/strong><\/p>\n","protected":false},"featured_media":345221,"comment_status":"open","ping_status":"closed","template":"","meta":[],"pwb-brand":[3789],"product_brand":[],"product_cat":[3698,3696],"product_tag":[3754],"class_list":{"0":"post-345252","1":"product","2":"type-product","3":"status-publish","4":"has-post-thumbnail","6":"pwb-brand-acier-froid","7":"product_cat-lancer-des-couteaux","8":"product_cat-des-couteaux","9":"product_tag-b2b-fr","11":"first","12":"instock","13":"sold-individually","14":"taxable","15":"shipping-taxable","16":"purchasable","17":"product-type-simple"},"brands":[{"id":3789,"name":"Acier froid","slug":"acier-froid"}],"_links":{"self":[{"href":"https:\/\/www.moskito.cz\/fr\/wp-json\/wp\/v2\/product\/345252","targetHints":{"allow":["GET"]}}],"collection":[{"href":"https:\/\/www.moskito.cz\/fr\/wp-json\/wp\/v2\/product"}],"about":[{"href":"https:\/\/www.moskito.cz\/fr\/wp-json\/wp\/v2\/types\/product"}],"replies":[{"embeddable":true,"href":"https:\/\/www.moskito.cz\/fr\/wp-json\/wp\/v2\/comments?post=345252"}],"wp:featuredmedia":[{"embeddable":true,"href":"https:\/\/www.moskito.cz\/fr\/wp-json\/wp\/v2\/media\/345221"}],"wp:attachment":[{"href":"https:\/\/www.moskito.cz\/fr\/wp-json\/wp\/v2\/media?parent=345252"}],"wp:term":[{"taxonomy":"pwb-brand","embeddable":true,"href":"https:\/\/www.moskito.cz\/fr\/wp-json\/wp\/v2\/pwb-brand?post=345252"},{"taxonomy":"product_brand","embeddable":true,"href":"https:\/\/www.moskito.cz\/fr\/wp-json\/wp\/v2\/product_brand?post=345252"},{"taxonomy":"product_cat","embeddable":true,"href":"https:\/\/www.moskito.cz\/fr\/wp-json\/wp\/v2\/product_cat?post=345252"},{"taxonomy":"product_tag","embeddable":true,"href":"https:\/\/www.moskito.cz\/fr\/wp-json\/wp\/v2\/product_tag?post=345252"}],"curies":[{"name":"wp","href":"https:\/\/api.w.org\/{rel}","templated":true}]}}