{"id":345322,"date":"2024-06-19T04:21:22","date_gmt":"2024-06-19T03:22:32","guid":{"rendered":"https:\/\/www.moskito.cz\/produkt\/couteau-de-fermeture-emerson-apache-sf\/"},"modified":"2025-05-07T11:17:46","modified_gmt":"2025-05-07T10:17:46","slug":"couteau-de-fermeture-emerson-apache-sf","status":"publish","type":"product","link":"https:\/\/www.moskito.cz\/fr\/produkt\/couteau-de-fermeture-emerson-apache-sf\/","title":{"rendered":"Couteau de fermeture Emerson Apache SF"},"content":{"rendered":"<p>Couteau de fermeture <strong>Emerson<\/strong> Apache SF.<\/p>\n<p>Les tribus Apache \u00e9taient parmi les Indiens les plus redout\u00e9s du vieil ouest am\u00e9ricain. Le plus c\u00e9l\u00e8bre d\u2019entre eux \u00e9tait un groupe de guerriers dirig\u00e9 par Geronimo, un Apache originaire de la tribu Bedonkohe.<\/p>\n<p>Geronimo fut l&rsquo;un des derniers grands guerriers des guerres indiennes, qui fut finalement captur\u00e9 le 4. Septembre 1886. Il a \u00e9t\u00e9 captur\u00e9 avec un fusil Winchester, un pistolet Colt et un couteau Bowie.<\/p>\n<p>Lorsque je concevais l&rsquo;Emerson Apache, il y avait quelque chose dans l&rsquo;apparence et la sensation, la \u00ab&nbsp;vibration&nbsp;\u00bb de ce couteau qui m&rsquo;appelait \u00ab&nbsp;Indien&nbsp;\u00bb. C&rsquo;\u00e9tait primitif, rude et dur. Je l&rsquo;ai nomm\u00e9 Apache. J&rsquo;ai d\u00e9couvert plus tard que lorsque Geronimo a finalement renonc\u00e9 \u00e0 l&rsquo;un de ses derniers et plus pr\u00e9cieux biens, il s&rsquo;agissait de son couteau Sheffield Bowie.<\/p>\n<p>Ce couteau \u00e9tait juste destin\u00e9 \u00e0 exister. Lorsque vous le ramassez, vous pouvez presque entendre le craquement du cuir us\u00e9 et sentir la sauge dans la brise chaude. Et vous pouvez ressentir l\u2019esprit ininterrompu de celui qui se battra jusqu\u2019au bout.<\/p>\n<p>Poign\u00e9e : G-10<br \/>\nLame : 154 cm<br \/>\nTraitement de surface de la lame : Stone Washed<\/p>\n<p>Longueur totale : 22 cm<br \/>\nLongueur de la lame : 9,25 cm<br \/>\nDuret\u00e9 57-59RC<br \/>\nPoids 6,0 onces<\/p>\n<p>&nbsp;<\/p>\n","protected":false},"excerpt":{"rendered":"<p><strong>LES COUTEAUX EMERSON SONT RECHERCH\u00c9S PAR LES MILITAIRES D&rsquo;\u00c9LITE ET LES APPLICATIONS DE LA LOI<\/strong><br \/>\n<strong>PAR LES TROUPES DU MONDE ENTIER ET \u00c9TABLISSEMENT LA NORME PAR LAQUELLE TOUS LES AUTRES COUTEAUX TACTIQUES SONT JUG\u00c9S.<\/strong><\/p>\n<p>Transports gratuits.<\/p>\n","protected":false},"featured_media":345289,"comment_status":"open","ping_status":"closed","template":"","meta":[],"pwb-brand":[3784],"product_brand":[],"product_cat":[3700,3696],"product_tag":[],"class_list":{"0":"post-345322","1":"product","2":"type-product","3":"status-publish","4":"has-post-thumbnail","6":"pwb-brand-emerson-fr","7":"product_cat-couteaux-de-fermeture","8":"product_cat-des-couteaux","10":"first","11":"outofstock","12":"taxable","13":"shipping-taxable","14":"purchasable","15":"product-type-simple"},"brands":[{"id":3784,"name":"\u00c9merson","slug":"emerson-fr"}],"_links":{"self":[{"href":"https:\/\/www.moskito.cz\/fr\/wp-json\/wp\/v2\/product\/345322","targetHints":{"allow":["GET"]}}],"collection":[{"href":"https:\/\/www.moskito.cz\/fr\/wp-json\/wp\/v2\/product"}],"about":[{"href":"https:\/\/www.moskito.cz\/fr\/wp-json\/wp\/v2\/types\/product"}],"replies":[{"embeddable":true,"href":"https:\/\/www.moskito.cz\/fr\/wp-json\/wp\/v2\/comments?post=345322"}],"wp:featuredmedia":[{"embeddable":true,"href":"https:\/\/www.moskito.cz\/fr\/wp-json\/wp\/v2\/media\/345289"}],"wp:attachment":[{"href":"https:\/\/www.moskito.cz\/fr\/wp-json\/wp\/v2\/media?parent=345322"}],"wp:term":[{"taxonomy":"pwb-brand","embeddable":true,"href":"https:\/\/www.moskito.cz\/fr\/wp-json\/wp\/v2\/pwb-brand?post=345322"},{"taxonomy":"product_brand","embeddable":true,"href":"https:\/\/www.moskito.cz\/fr\/wp-json\/wp\/v2\/product_brand?post=345322"},{"taxonomy":"product_cat","embeddable":true,"href":"https:\/\/www.moskito.cz\/fr\/wp-json\/wp\/v2\/product_cat?post=345322"},{"taxonomy":"product_tag","embeddable":true,"href":"https:\/\/www.moskito.cz\/fr\/wp-json\/wp\/v2\/product_tag?post=345322"}],"curies":[{"name":"wp","href":"https:\/\/api.w.org\/{rel}","templated":true}]}}