{"id":345377,"date":"2024-06-19T04:46:55","date_gmt":"2024-06-19T03:49:45","guid":{"rendered":"https:\/\/www.moskito.cz\/produkt\/couteau-de-fermeture-emerson-hattin-sf\/"},"modified":"2025-05-07T11:17:47","modified_gmt":"2025-05-07T10:17:47","slug":"couteau-de-fermeture-emerson-hattin-sf","status":"publish","type":"product","link":"https:\/\/www.moskito.cz\/fr\/produkt\/couteau-de-fermeture-emerson-hattin-sf\/","title":{"rendered":"Couteau de fermeture Emerson Hattin SF"},"content":{"rendered":"<p>Couteau de fermeture <strong>Emerson<\/strong> Hattin SF.<\/p>\n<p>Lorsque les crois\u00e9s europ\u00e9ens rencontr\u00e8rent pour la premi\u00e8re fois les arm\u00e9es de l\u2019Islam au Moyen-Orient, ils furent surpris par les tactiques de combat de leurs ennemis musulmans. Pour la premi\u00e8re fois, les arm\u00e9es europ\u00e9ennes faisaient face aux raids ultra-rapides de la cavalerie l\u00e9g\u00e8re mont\u00e9e qui portait \u00e9galement l&rsquo;\u00e9p\u00e9e ultra-rapide, le sabre. L\u00e9g\u00e8re, rapide et mortelle sont probablement les meilleurs mots qui pourraient \u00eatre utilis\u00e9s pour d\u00e9crire cette arme exotique et redoutable.<\/p>\n<p>Le cimeterre \u00e9tait une arme \u00e0 une main avec une prise tr\u00e8s s\u00fbre, et ses lignes formaient un arc de coupe gracieux jusqu&rsquo;\u00e0 la mort, ce qui en faisait une arme tout aussi efficace pour poignarder et trancher. <strong>Emerson Hattin<\/strong> doit son nom \u00e0 la bataille de Hattin qui a eu lieu le 4 Juillet 1187, bataille historique men\u00e9e dans les plaines arides au-dessous des Cornes de Hattin, qui aboutit \u00e0 la d\u00e9faite \u00e9crasante des Crois\u00e9s et des Byzantins face \u00e0 l&rsquo;arm\u00e9e de Sal Al A Dina (Saladin), le plus grand de tous les guerriers islamiques et plus tard l&rsquo;ennemi. de Richard Cour\u00e9 de Leone (Richard C\u0153ur de Lion).  <strong>L&rsquo;Emerson Hattin<\/strong> a une lame de style cimeterre et transmet exactement la m\u00eame signification des trois mots, l\u00e9ger, rapide et mortel, d\u00e9crits pour la premi\u00e8re fois il y a pr\u00e8s de mille ans.<\/p>\n<p>Lorsque vous en prendrez un, fermez les yeux et vous pourrez peut-\u00eatre entendre le cri de guerre des guerriers et le bruit de l&rsquo;acier aiguis\u00e9 au loin de la bataille qui hante toujours les plaines arides du Moyen-Orient et qui se poursuit. men\u00e9e aujourd&rsquo;hui entre les forces du bien et du mal.<\/p>\n<p>Ernest <strong>Emerson<\/strong> est sans aucun doute l\u2019un des cr\u00e9ateurs de couteaux les plus prolifiques de tous les temps. Ses cr\u00e9ations ont \u00e9t\u00e9 la force la plus influente de l&rsquo;industrie du couteau depuis plus de 20 ans, et \u00e0 en juger par l&rsquo;impact qu&rsquo;elles ont eu, elles devaient \u00eatre de tr\u00e8s bonnes cr\u00e9ations. Cela provoque le probl\u00e8me. Emerson a plus de mod\u00e8les que de couteaux.<\/p>\n<p>Selon ses mots&nbsp;: \u00ab\u00a0J&rsquo;ai une banque de designs que j&rsquo;ai r\u00e9alis\u00e9s et dont la construction prendrait des d\u00e9cennies, et je continue de cr\u00e9er de nouveaux designs.\u00a0\u00bb<\/p>\n<p>Pour vous apporter ces suggestions, l&rsquo;utilisateur de couteaux, <strong>Emerson Knives,<\/strong> a introduit l&rsquo;id\u00e9e des \u00ab&nbsp;Special Runs&nbsp;\u00bb. Chaque ann\u00e9e, nous produisons 6 de ces nouveaux mod\u00e8les en \u00ab&nbsp;s\u00e9rie sp\u00e9ciale&nbsp;\u00bb afin que vous ayez la chance de poss\u00e9der ces nouveaux mod\u00e8les de couteaux uniques et passionnants. Ils sortiront tous les deux mois en quantit\u00e9s extr\u00eamement limit\u00e9es.<\/p>\n<p>Poign\u00e9es&nbsp;: \u00c9poxy G-10 noir \/ Fibre de verre<br \/>\nSerrure&nbsp;: Titane<br \/>\nLame : 154 cm<br \/>\nFinition&nbsp;: d\u00e9lav\u00e9<br \/>\nLongueur totale : 24 cm<br \/>\nLongueur de la lame : 10 cm<br \/>\nDuret\u00e9 57-59 RC<\/p>\n<p><iframe title=\"Emerson Knives 3rd Special Limited Run - The Hattin. Available for Pre-sale now.\" width=\"800\" height=\"450\" src=\"https:\/\/www.youtube.com\/embed\/ASMhmI0oM6g?feature=oembed\" frameborder=\"0\" allow=\"accelerometer; autoplay; clipboard-write; encrypted-media; gyroscope; picture-in-picture; web-share\" referrerpolicy=\"strict-origin-when-cross-origin\" allowfullscreen><\/iframe><\/p>\n<p>&nbsp;<\/p>\n","protected":false},"excerpt":{"rendered":"<p><strong>Lorsque vous en prendrez un, fermez les yeux et vous pourrez peut-\u00eatre entendre le cri de guerre des guerriers et le bruit de l&rsquo;acier aiguis\u00e9 au loin de la bataille qui hante toujours les plaines arides du Moyen-Orient et qui se poursuit. men\u00e9e aujourd&rsquo;hui entre les forces du bien et du mal.<\/strong><\/p>\n<p><strong>Transports gratuits.<\/strong><\/p>\n","protected":false},"featured_media":345329,"comment_status":"open","ping_status":"closed","template":"","meta":[],"pwb-brand":[3784],"product_brand":[],"product_cat":[3700,3696],"product_tag":[],"class_list":{"0":"post-345377","1":"product","2":"type-product","3":"status-publish","4":"has-post-thumbnail","6":"pwb-brand-emerson-fr","7":"product_cat-couteaux-de-fermeture","8":"product_cat-des-couteaux","10":"first","11":"outofstock","12":"taxable","13":"shipping-taxable","14":"purchasable","15":"product-type-simple"},"brands":[{"id":3784,"name":"\u00c9merson","slug":"emerson-fr"}],"_links":{"self":[{"href":"https:\/\/www.moskito.cz\/fr\/wp-json\/wp\/v2\/product\/345377","targetHints":{"allow":["GET"]}}],"collection":[{"href":"https:\/\/www.moskito.cz\/fr\/wp-json\/wp\/v2\/product"}],"about":[{"href":"https:\/\/www.moskito.cz\/fr\/wp-json\/wp\/v2\/types\/product"}],"replies":[{"embeddable":true,"href":"https:\/\/www.moskito.cz\/fr\/wp-json\/wp\/v2\/comments?post=345377"}],"wp:featuredmedia":[{"embeddable":true,"href":"https:\/\/www.moskito.cz\/fr\/wp-json\/wp\/v2\/media\/345329"}],"wp:attachment":[{"href":"https:\/\/www.moskito.cz\/fr\/wp-json\/wp\/v2\/media?parent=345377"}],"wp:term":[{"taxonomy":"pwb-brand","embeddable":true,"href":"https:\/\/www.moskito.cz\/fr\/wp-json\/wp\/v2\/pwb-brand?post=345377"},{"taxonomy":"product_brand","embeddable":true,"href":"https:\/\/www.moskito.cz\/fr\/wp-json\/wp\/v2\/product_brand?post=345377"},{"taxonomy":"product_cat","embeddable":true,"href":"https:\/\/www.moskito.cz\/fr\/wp-json\/wp\/v2\/product_cat?post=345377"},{"taxonomy":"product_tag","embeddable":true,"href":"https:\/\/www.moskito.cz\/fr\/wp-json\/wp\/v2\/product_tag?post=345377"}],"curies":[{"name":"wp","href":"https:\/\/api.w.org\/{rel}","templated":true}]}}