{"id":345430,"date":"2024-06-19T05:06:55","date_gmt":"2024-06-19T04:07:41","guid":{"rendered":"https:\/\/www.moskito.cz\/produkt\/couteau-de-fermeture-emerson-cqc-45-sf\/"},"modified":"2025-05-07T11:17:50","modified_gmt":"2025-05-07T10:17:50","slug":"couteau-de-fermeture-emerson-cqc-45-sf","status":"publish","type":"product","link":"https:\/\/www.moskito.cz\/fr\/produkt\/couteau-de-fermeture-emerson-cqc-45-sf\/","title":{"rendered":"Couteau de fermeture Emerson CQC-45 SF"},"content":{"rendered":"<p>Couteau de fermeture <strong>Emerson<\/strong> CQC-45 SF.<\/p>\n<p>Le couteau pr\u00e9sente un manche ergonomique classique d&rsquo;Emerson avec une lame tranchante de style Bowie \u00e9prouv\u00e9e et intemporelle. La lame est fabriqu\u00e9e en acier \u00e0 lame Crucible de 154 cm de qualit\u00e9 sup\u00e9rieure, trait\u00e9 thermiquement pour une duret\u00e9 de travail optimale de Rockwell RC 57-59.<\/p>\n<p>Quand Les Baer m&rsquo;a demand\u00e9 de concevoir un couteau assorti <strong>au pistolet CQC-45<\/strong>, j&rsquo;ai bien s\u00fbr choisi le couteau Emerson Nineteen-11, d\u00e9sormais rebaptis\u00e9 CQC-45. D\u00e8s sa cr\u00e9ation, ce couteau a \u00e9t\u00e9 con\u00e7u pour incarner l\u2019efficacit\u00e9 simple et robuste de l\u2019arme embl\u00e9matique dont il porte le nom. Un historien et armurier tr\u00e8s c\u00e9l\u00e8bre de 1911 m&rsquo;a dit un jour : \u00ab Ernesti, si John H. Browning avait pu demander \u00e0 quelqu&rsquo;un de concevoir un couteau assorti \u00e0 son arme, il vous aurait choisi. Un plus grand compliment n&rsquo;aurait pas pu m&rsquo;\u00eatre adress\u00e9. \u00bb . Si je pouvais vivre pour voir ne serait-ce qu\u2019une petite partie de ce compliment au cours de ma vie, je serais heureux.<\/p>\n<p>Poign\u00e9es&nbsp;: \u00c9poxy G-10 noir \/ Fibre de verre<br \/>\nSerrure&nbsp;: Titane<br \/>\nLame : 154 cm<br \/>\nFinition&nbsp;: d\u00e9lav\u00e9<br \/>\nLongueur totale : 21 cm<br \/>\nLongueur de la lame : 9 cm<br \/>\nDuret\u00e9 57-59 RC<\/p>\n","protected":false},"excerpt":{"rendered":"<p><strong>LES COUTEAUX EMERSON SONT RECHERCH\u00c9S PAR LES MILITAIRES D&rsquo;\u00c9LITE ET LES APPLICATIONS DE LA LOI<\/strong><br \/>\n<strong>PAR LES TROUPES DU MONDE ENTIER ET \u00c9TABLISSEMENT LA NORME PAR LAQUELLE TOUS LES AUTRES COUTEAUX TACTIQUES SONT JUG\u00c9S.<\/strong><\/p>\n<p>Transports gratuits.<\/p>\n","protected":false},"featured_media":345387,"comment_status":"open","ping_status":"closed","template":"","meta":[],"pwb-brand":[3784],"product_brand":[],"product_cat":[3700,3696],"product_tag":[],"class_list":{"0":"post-345430","1":"product","2":"type-product","3":"status-publish","4":"has-post-thumbnail","6":"pwb-brand-emerson-fr","7":"product_cat-couteaux-de-fermeture","8":"product_cat-des-couteaux","10":"first","11":"outofstock","12":"taxable","13":"shipping-taxable","14":"purchasable","15":"product-type-simple"},"brands":[{"id":3784,"name":"\u00c9merson","slug":"emerson-fr"}],"_links":{"self":[{"href":"https:\/\/www.moskito.cz\/fr\/wp-json\/wp\/v2\/product\/345430","targetHints":{"allow":["GET"]}}],"collection":[{"href":"https:\/\/www.moskito.cz\/fr\/wp-json\/wp\/v2\/product"}],"about":[{"href":"https:\/\/www.moskito.cz\/fr\/wp-json\/wp\/v2\/types\/product"}],"replies":[{"embeddable":true,"href":"https:\/\/www.moskito.cz\/fr\/wp-json\/wp\/v2\/comments?post=345430"}],"wp:featuredmedia":[{"embeddable":true,"href":"https:\/\/www.moskito.cz\/fr\/wp-json\/wp\/v2\/media\/345387"}],"wp:attachment":[{"href":"https:\/\/www.moskito.cz\/fr\/wp-json\/wp\/v2\/media?parent=345430"}],"wp:term":[{"taxonomy":"pwb-brand","embeddable":true,"href":"https:\/\/www.moskito.cz\/fr\/wp-json\/wp\/v2\/pwb-brand?post=345430"},{"taxonomy":"product_brand","embeddable":true,"href":"https:\/\/www.moskito.cz\/fr\/wp-json\/wp\/v2\/product_brand?post=345430"},{"taxonomy":"product_cat","embeddable":true,"href":"https:\/\/www.moskito.cz\/fr\/wp-json\/wp\/v2\/product_cat?post=345430"},{"taxonomy":"product_tag","embeddable":true,"href":"https:\/\/www.moskito.cz\/fr\/wp-json\/wp\/v2\/product_tag?post=345430"}],"curies":[{"name":"wp","href":"https:\/\/api.w.org\/{rel}","templated":true}]}}