{"id":345444,"date":"2024-06-19T05:21:15","date_gmt":"2024-06-19T04:22:21","guid":{"rendered":"https:\/\/www.moskito.cz\/produkt\/couteau-pliant-emerson-sheepdog\/"},"modified":"2025-05-07T11:17:51","modified_gmt":"2025-05-07T10:17:51","slug":"couteau-pliant-emerson-sheepdog","status":"publish","type":"product","link":"https:\/\/www.moskito.cz\/fr\/produkt\/couteau-pliant-emerson-sheepdog\/","title":{"rendered":"Couteau pliant Emerson Sheepdog"},"content":{"rendered":"<p>Couteau pliant <strong>Emerson<\/strong> Sheepdog.<\/p>\n<p><strong>Le chien de berger<\/strong> est l&rsquo;un des meilleurs amis de l&rsquo;homme, pr\u00eat \u00e0 passer \u00e0 l&rsquo;action \u00e0 tout moment pour prot\u00e9ger le troupeau et sa famille humaine. Ils sont toujours de service et toujours votre compagnon constant. Vous avez peut-\u00eatre d\u00e9j\u00e0 votre \u00ab chien de berger \u00bb \u00e0 vos c\u00f4t\u00e9s, mais vous pouvez d\u00e9sormais avoir un chien de berger que vous pouvez transporter dans votre poche. Pr\u00e9sentation <strong>du couteau Sheepdog<\/strong> d&rsquo; <strong>Emerson Knives<\/strong> , et ne vous laissez pas tromper par sa taille. Il y a beaucoup de r\u00e9sistance, d&rsquo;utilit\u00e9 et de performances robustes dans ce protecteur de poche. Gr\u00e2ce \u00e0 nos triples fonctionnalit\u00e9s d&rsquo;ouverture : bouton de pouce, vague et flipper, il est pr\u00eat \u00e0 passer \u00e0 l&rsquo;action \u00e0 tout moment, tout comme son inspiration canine. Ne soyez jamais sans une version EDC du meilleur ami de l&rsquo;homme. Emportez <strong>Emerson Sheepdog<\/strong> partout o\u00f9 vous allez.<\/p>\n<p>Poign\u00e9es&nbsp;: \u00c9poxy G-10 noir \/ Fibre de verre<br \/>\nSerrure&nbsp;: Titane<br \/>\nLame : 154 cm<br \/>\nFinition&nbsp;: d\u00e9lav\u00e9<br \/>\nLongueur totale : 18 cm<br \/>\nLongueur de la lame : 7,5 cm<br \/>\nDuret\u00e9 57-59 RC<\/p>\n","protected":false},"excerpt":{"rendered":"<p><strong>Gardien et protecteur. Lorsqu&rsquo;un couteau est l&rsquo;outil dont vous avez besoin, le berger ne vous laissera jamais tomber. Pour le travail, pour l&rsquo;aventure, pour les situations d&rsquo;urgence et pour se prot\u00e9ger, le berger est le meilleur ami de l&rsquo;homme.  <\/strong><\/p>\n<p><strong>Transports gratuits.<\/strong><\/p>\n","protected":false},"featured_media":345436,"comment_status":"open","ping_status":"closed","template":"","meta":[],"pwb-brand":[3784],"product_brand":[],"product_cat":[3700,3696],"product_tag":[],"class_list":{"0":"post-345444","1":"product","2":"type-product","3":"status-publish","4":"has-post-thumbnail","6":"pwb-brand-emerson-fr","7":"product_cat-couteaux-de-fermeture","8":"product_cat-des-couteaux","10":"first","11":"instock","12":"taxable","13":"shipping-taxable","14":"purchasable","15":"product-type-simple"},"brands":[{"id":3784,"name":"\u00c9merson","slug":"emerson-fr"}],"_links":{"self":[{"href":"https:\/\/www.moskito.cz\/fr\/wp-json\/wp\/v2\/product\/345444","targetHints":{"allow":["GET"]}}],"collection":[{"href":"https:\/\/www.moskito.cz\/fr\/wp-json\/wp\/v2\/product"}],"about":[{"href":"https:\/\/www.moskito.cz\/fr\/wp-json\/wp\/v2\/types\/product"}],"replies":[{"embeddable":true,"href":"https:\/\/www.moskito.cz\/fr\/wp-json\/wp\/v2\/comments?post=345444"}],"wp:featuredmedia":[{"embeddable":true,"href":"https:\/\/www.moskito.cz\/fr\/wp-json\/wp\/v2\/media\/345436"}],"wp:attachment":[{"href":"https:\/\/www.moskito.cz\/fr\/wp-json\/wp\/v2\/media?parent=345444"}],"wp:term":[{"taxonomy":"pwb-brand","embeddable":true,"href":"https:\/\/www.moskito.cz\/fr\/wp-json\/wp\/v2\/pwb-brand?post=345444"},{"taxonomy":"product_brand","embeddable":true,"href":"https:\/\/www.moskito.cz\/fr\/wp-json\/wp\/v2\/product_brand?post=345444"},{"taxonomy":"product_cat","embeddable":true,"href":"https:\/\/www.moskito.cz\/fr\/wp-json\/wp\/v2\/product_cat?post=345444"},{"taxonomy":"product_tag","embeddable":true,"href":"https:\/\/www.moskito.cz\/fr\/wp-json\/wp\/v2\/product_tag?post=345444"}],"curies":[{"name":"wp","href":"https:\/\/api.w.org\/{rel}","templated":true}]}}