{"id":345489,"date":"2024-06-19T05:37:31","date_gmt":"2024-06-19T04:39:55","guid":{"rendered":"https:\/\/www.moskito.cz\/produkt\/couteau-pliant-emerson-bulldog\/"},"modified":"2025-05-07T11:17:52","modified_gmt":"2025-05-07T10:17:52","slug":"couteau-pliant-emerson-bulldog","status":"publish","type":"product","link":"https:\/\/www.moskito.cz\/fr\/produkt\/couteau-pliant-emerson-bulldog\/","title":{"rendered":"Couteau pliant Emerson Bulldog"},"content":{"rendered":"<p>Couteau pliant <strong>Emerson Bulldog<\/strong> .<\/p>\n<p>L&rsquo;Emerson Bulldog est le sac de transport durable et robuste que vous recherchez au quotidien. Le Bulldog est un couteau tr\u00e8s simple gr\u00e2ce \u00e0 sa lame droite, qui atteint la pointe ac\u00e9r\u00e9e gr\u00e2ce \u00e0 des angles vifs. Il est dot\u00e9 d&rsquo;une poign\u00e9e carr\u00e9e G-10 avec prot\u00e8ge-doigts associ\u00e9e \u00e0 notre fonction brevet\u00e9e Emerson Wave pour un d\u00e9ploiement rapide depuis la poche. L&rsquo;Emerson Bulldog est l&rsquo;un des favoris des policiers \u00e0 la recherche d&rsquo;un couteau de service pratique, petit mais robuste. La lame est propos\u00e9e dans votre choix de lame \u00e0 rev\u00eatement en pierre ou noire avec des bords lisses ou partiellement dentel\u00e9s. Voyez par vous-m\u00eame pourquoi le couteau Bulldog est si fiable.<\/p>\n<p>Poign\u00e9es&nbsp;: \u00c9poxy G-10 noir \/ Fibre de verre<br \/>\nSerrure&nbsp;: Titane<br \/>\nLame : 154 cm<br \/>\nFinition&nbsp;: d\u00e9lav\u00e9<br \/>\nLongueur totale : 19 cm<br \/>\nLongueur de la lame : 8 cm<br \/>\nDuret\u00e9 57-59 RC<\/p>\n<p><iframe title=\"The Emerson Knives Bulldog\" width=\"800\" height=\"450\" src=\"https:\/\/www.youtube.com\/embed\/EYQ1QIL6Zu0?feature=oembed\" frameborder=\"0\" allow=\"accelerometer; autoplay; clipboard-write; encrypted-media; gyroscope; picture-in-picture; web-share\" referrerpolicy=\"strict-origin-when-cross-origin\" allowfullscreen><\/iframe><\/p>\n<p><iframe title=\"Emerson Bulldog | A Closer Look\" width=\"800\" height=\"450\" src=\"https:\/\/www.youtube.com\/embed\/I8PAyCUwvn8?feature=oembed\" frameborder=\"0\" allow=\"accelerometer; autoplay; clipboard-write; encrypted-media; gyroscope; picture-in-picture; web-share\" referrerpolicy=\"strict-origin-when-cross-origin\" allowfullscreen><\/iframe><\/p>\n<p>&nbsp;<\/p>\n","protected":false},"excerpt":{"rendered":"<p><strong>Bulldog Emerson Knives, l&rsquo;un des nombreux mod\u00e8les de couteaux Emerson Knife Design\u00ae, est un excellent outil \u00e0 transporter au quotidien ou un couteau \u00e9prouv\u00e9 au combat, pr\u00eat pour le combat !<\/strong><\/p>\n<p><strong>Transports gratuits.<\/strong><\/p>\n","protected":false},"featured_media":345454,"comment_status":"open","ping_status":"closed","template":"","meta":[],"pwb-brand":[3784],"product_brand":[],"product_cat":[3700,3696],"product_tag":[],"class_list":{"0":"post-345489","1":"product","2":"type-product","3":"status-publish","4":"has-post-thumbnail","6":"pwb-brand-emerson-fr","7":"product_cat-couteaux-de-fermeture","8":"product_cat-des-couteaux","10":"first","11":"outofstock","12":"taxable","13":"shipping-taxable","14":"purchasable","15":"product-type-simple"},"brands":[{"id":3784,"name":"\u00c9merson","slug":"emerson-fr"}],"_links":{"self":[{"href":"https:\/\/www.moskito.cz\/fr\/wp-json\/wp\/v2\/product\/345489","targetHints":{"allow":["GET"]}}],"collection":[{"href":"https:\/\/www.moskito.cz\/fr\/wp-json\/wp\/v2\/product"}],"about":[{"href":"https:\/\/www.moskito.cz\/fr\/wp-json\/wp\/v2\/types\/product"}],"replies":[{"embeddable":true,"href":"https:\/\/www.moskito.cz\/fr\/wp-json\/wp\/v2\/comments?post=345489"}],"wp:featuredmedia":[{"embeddable":true,"href":"https:\/\/www.moskito.cz\/fr\/wp-json\/wp\/v2\/media\/345454"}],"wp:attachment":[{"href":"https:\/\/www.moskito.cz\/fr\/wp-json\/wp\/v2\/media?parent=345489"}],"wp:term":[{"taxonomy":"pwb-brand","embeddable":true,"href":"https:\/\/www.moskito.cz\/fr\/wp-json\/wp\/v2\/pwb-brand?post=345489"},{"taxonomy":"product_brand","embeddable":true,"href":"https:\/\/www.moskito.cz\/fr\/wp-json\/wp\/v2\/product_brand?post=345489"},{"taxonomy":"product_cat","embeddable":true,"href":"https:\/\/www.moskito.cz\/fr\/wp-json\/wp\/v2\/product_cat?post=345489"},{"taxonomy":"product_tag","embeddable":true,"href":"https:\/\/www.moskito.cz\/fr\/wp-json\/wp\/v2\/product_tag?post=345489"}],"curies":[{"name":"wp","href":"https:\/\/api.w.org\/{rel}","templated":true}]}}