{"id":345523,"date":"2024-06-19T05:57:16","date_gmt":"2024-06-19T04:57:16","guid":{"rendered":"https:\/\/www.moskito.cz\/produkt\/couteau-de-fermeture-emerson-seax-sf\/"},"modified":"2025-05-07T11:17:53","modified_gmt":"2025-05-07T10:17:53","slug":"couteau-de-fermeture-emerson-seax-sf","status":"publish","type":"product","link":"https:\/\/www.moskito.cz\/fr\/produkt\/couteau-de-fermeture-emerson-seax-sf\/","title":{"rendered":"Couteau de fermeture Emerson SEAX SF"},"content":{"rendered":"<p>Couteau de fermeture <strong>Emerson<\/strong> SEAX SF.<\/p>\n<p>Quand quelque chose va bien, il n\u2019y a rien \u00e0 am\u00e9liorer et cela durera des ann\u00e9es. Initialement pr\u00e9sent\u00e9 au Shot Show 2018, le <strong>couteau Seax<\/strong> a gagn\u00e9 en popularit\u00e9 aux confins d&rsquo;Internet. Il n&rsquo;existe pas beaucoup de versions pliables produites en s\u00e9rie sur le march\u00e9, et comme nous sommes passionn\u00e9s par les armes vintage, nous voulions faire sensation avec un design embl\u00e9matique. REGARDEZ LA VID\u00c9O CI-DESSOUS.<\/p>\n<p>Poign\u00e9es&nbsp;: \u00c9poxy G-10 noir \/ Fibre de verre<br \/>\nSerrure&nbsp;: Titane<br \/>\nLame : 154 cm<br \/>\nFinition&nbsp;: d\u00e9lav\u00e9<br \/>\nLongueur totale : 23 cm<br \/>\nLongueur de la lame : 9,7 cm<br \/>\nDuret\u00e9 57-59 RC<\/p>\n<p><iframe title=\"The Emerson Knives Seax Folding Knife\" width=\"800\" height=\"450\" src=\"https:\/\/www.youtube.com\/embed\/mtv5IK5p8hE?feature=oembed\" frameborder=\"0\" allow=\"accelerometer; autoplay; clipboard-write; encrypted-media; gyroscope; picture-in-picture; web-share\" referrerpolicy=\"strict-origin-when-cross-origin\" allowfullscreen><\/iframe><\/p>\n<p>&nbsp;<\/p>\n","protected":false},"excerpt":{"rendered":"<p><strong>Ayant fait ses preuves en tant que mod\u00e8le d&rsquo;ext\u00e9rieur durable depuis des si\u00e8cles, le Viking Seax est le couteau utilitaire parfait pour les chasseurs, les p\u00eacheurs et les commer\u00e7ants, et si vous faites les trois, le Seax ne vous d\u00e9cevra jamais.  <\/strong><\/p>\n<p><strong>Transports gratuits.<\/strong><\/p>\n","protected":false},"featured_media":345494,"comment_status":"open","ping_status":"closed","template":"","meta":[],"pwb-brand":[3784],"product_brand":[],"product_cat":[3700,3696],"product_tag":[],"class_list":{"0":"post-345523","1":"product","2":"type-product","3":"status-publish","4":"has-post-thumbnail","6":"pwb-brand-emerson-fr","7":"product_cat-couteaux-de-fermeture","8":"product_cat-des-couteaux","10":"first","11":"instock","12":"taxable","13":"shipping-taxable","14":"purchasable","15":"product-type-simple"},"brands":[{"id":3784,"name":"\u00c9merson","slug":"emerson-fr"}],"_links":{"self":[{"href":"https:\/\/www.moskito.cz\/fr\/wp-json\/wp\/v2\/product\/345523","targetHints":{"allow":["GET"]}}],"collection":[{"href":"https:\/\/www.moskito.cz\/fr\/wp-json\/wp\/v2\/product"}],"about":[{"href":"https:\/\/www.moskito.cz\/fr\/wp-json\/wp\/v2\/types\/product"}],"replies":[{"embeddable":true,"href":"https:\/\/www.moskito.cz\/fr\/wp-json\/wp\/v2\/comments?post=345523"}],"wp:featuredmedia":[{"embeddable":true,"href":"https:\/\/www.moskito.cz\/fr\/wp-json\/wp\/v2\/media\/345494"}],"wp:attachment":[{"href":"https:\/\/www.moskito.cz\/fr\/wp-json\/wp\/v2\/media?parent=345523"}],"wp:term":[{"taxonomy":"pwb-brand","embeddable":true,"href":"https:\/\/www.moskito.cz\/fr\/wp-json\/wp\/v2\/pwb-brand?post=345523"},{"taxonomy":"product_brand","embeddable":true,"href":"https:\/\/www.moskito.cz\/fr\/wp-json\/wp\/v2\/product_brand?post=345523"},{"taxonomy":"product_cat","embeddable":true,"href":"https:\/\/www.moskito.cz\/fr\/wp-json\/wp\/v2\/product_cat?post=345523"},{"taxonomy":"product_tag","embeddable":true,"href":"https:\/\/www.moskito.cz\/fr\/wp-json\/wp\/v2\/product_tag?post=345523"}],"curies":[{"name":"wp","href":"https:\/\/api.w.org\/{rel}","templated":true}]}}