{"id":345583,"date":"2024-06-19T06:21:42","date_gmt":"2024-06-19T09:57:26","guid":{"rendered":"https:\/\/www.moskito.cz\/produkt\/couteau-a-steak-pliant-emerson\/"},"modified":"2025-05-07T11:17:55","modified_gmt":"2025-05-07T10:17:55","slug":"couteau-a-steak-pliant-emerson","status":"publish","type":"product","link":"https:\/\/www.moskito.cz\/fr\/produkt\/couteau-a-steak-pliant-emerson\/","title":{"rendered":"Couteau \u00e0 steak pliant Emerson"},"content":{"rendered":"<p>Couteau \u00e0 steak pliant <strong>Emerson<\/strong> .<\/p>\n<p>Je suis carnivore. Je mange de la viande, beaucoup de viande. J&rsquo;adore un bon steak. Je le commande \u00e0 chaque fois que nous sortons d\u00eener. Mais chaque fois que j&rsquo;en re\u00e7ois un, peu importe la qualit\u00e9 du steak, les couteaux \u00e0 steak sont terribles. La plupart d&rsquo;entre eux sont plus ternes qu&rsquo;un couteau \u00e0 beurre et si bon march\u00e9 et si merdiques que j&rsquo;ai l&rsquo;impression qu&rsquo;ils sont franchement une insulte \u00e0 un steak parfaitement cuit \u00e0 60 $.<\/p>\n<p>Je dois donc g\u00e9n\u00e9ralement sortir de mon Emerson Commander, Roadhouse ou Tiger pour faire le travail. En fait, parfois, mon couteau finit par se frayer un chemin autour de la table vers ceux qui n&rsquo;ont pas de couteau Emerson sur eux. Et dans un restaurant sympa avec une nappe blanche, je vois parfois d&rsquo;autres convives nous regarder avec un peu de choc alors que nous passons un couteau de combat autour de la table. Mais je sais que je ne suis pas seul, car chaque semaine, nous recevons des courriels ou des photos de nos clients nous montrant ce que leur Emerson a fait \u00e0 une tendre coupe de b\u0153uf vieilli \u00e0 sec.<\/p>\n<p>Le voici donc, le couteau \u00e0 steak pliant <strong>Emerson<\/strong> . Vous ne ferez jamais peur aux autres convives d&rsquo;un restaurant ni ne chasserez un serveur qui recule de peur en appelant \u00e0 nouveau le 911. Le couteau \u00e0 steak Emerson est une conception sp\u00e9cialement con\u00e7ue. Son but? Pour trancher facilement le steak en bouch\u00e9es parfaites. Ne d\u00e9chirez pas, n&rsquo;\u00e9crasez pas et ne d\u00e9truisez pas un excellent d\u00eener Wagyu avec un couteau en \u00e9tain \u00e9mouss\u00e9 fabriqu\u00e9 en Chine.<\/p>\n<p>De plus, vous ne pouvez certainement pas ignorer le \u00ab facteur show \u00bb. Tout comme un joueur de billard avec sa propre queue de billard personnelle faite \u00e0 la main, vous pourrez impressionner vos coll\u00e8gues convives avec votre propre couteau \u00e0 steak Emerson premium. Ils sauront tout de suite que vous connaissez parfaitement le quartier haut de gamme de New York.<\/p>\n<p>Vous pouvez transporter ce couteau n&rsquo;importe o\u00f9, m\u00eame si vous \u00eates entour\u00e9 d&rsquo;une foule de costumes Armani, tout en b\u00e9n\u00e9ficiant de la confiance et de la sup\u00e9riorit\u00e9 de savoir que vous \u00eates un homme portant votre propre couteau \u00e0 steak. Donc, si jamais quelqu&rsquo;un vous dit : \u00ab Mec, ce couteau ne coupe m\u00eame pas le beurre \u00bb, vous pouvez simplement sourire et proposer : \u00ab Tiens, laisse-moi te l&rsquo;apporter. \u00bb<\/p>\n<p>PS Un couteau coupera toujours quelqu&rsquo;un de sa ceinture de s\u00e9curit\u00e9 dans un accident de voiture. Il est, apr\u00e8s tout, <strong>Emerson<\/strong> .<\/p>\n<p>Poign\u00e9es&nbsp;: Richlite<br \/>\nSerrure&nbsp;: Titane<br \/>\nLame : 154 cm<br \/>\nFinition&nbsp;: d\u00e9lav\u00e9<br \/>\nLongueur totale : 22 cm<br \/>\nLongueur de la lame : 9,75 cm<br \/>\nDuret\u00e9 57-59 RC<\/p>\n<p><iframe title=\"The Signature Series Carnivore Folding Steak Knife\" width=\"800\" height=\"450\" src=\"https:\/\/www.youtube.com\/embed\/6MjRfPAKCXs?feature=oembed\" frameborder=\"0\" allow=\"accelerometer; autoplay; clipboard-write; encrypted-media; gyroscope; picture-in-picture; web-share\" referrerpolicy=\"strict-origin-when-cross-origin\" allowfullscreen><\/iframe><\/p>\n<p>&nbsp;<\/p>\n","protected":false},"excerpt":{"rendered":"<p><strong>Le voici donc, le couteau \u00e0 steak pliant Emerson. Vous ne ferez jamais peur aux autres convives d&rsquo;un restaurant ni ne chasserez un serveur qui recule de peur en appelant \u00e0 nouveau le 911. Le couteau \u00e0 steak Emerson est une conception sp\u00e9cialement con\u00e7ue.<\/strong><\/p>\n<p><strong>Transports gratuits.<\/strong><\/p>\n","protected":false},"featured_media":345563,"comment_status":"open","ping_status":"closed","template":"","meta":[],"pwb-brand":[3784],"product_brand":[],"product_cat":[3700,3696],"product_tag":[],"class_list":{"0":"post-345583","1":"product","2":"type-product","3":"status-publish","4":"has-post-thumbnail","6":"pwb-brand-emerson-fr","7":"product_cat-couteaux-de-fermeture","8":"product_cat-des-couteaux","10":"first","11":"outofstock","12":"taxable","13":"shipping-taxable","14":"purchasable","15":"product-type-simple"},"brands":[{"id":3784,"name":"\u00c9merson","slug":"emerson-fr"}],"_links":{"self":[{"href":"https:\/\/www.moskito.cz\/fr\/wp-json\/wp\/v2\/product\/345583","targetHints":{"allow":["GET"]}}],"collection":[{"href":"https:\/\/www.moskito.cz\/fr\/wp-json\/wp\/v2\/product"}],"about":[{"href":"https:\/\/www.moskito.cz\/fr\/wp-json\/wp\/v2\/types\/product"}],"replies":[{"embeddable":true,"href":"https:\/\/www.moskito.cz\/fr\/wp-json\/wp\/v2\/comments?post=345583"}],"wp:featuredmedia":[{"embeddable":true,"href":"https:\/\/www.moskito.cz\/fr\/wp-json\/wp\/v2\/media\/345563"}],"wp:attachment":[{"href":"https:\/\/www.moskito.cz\/fr\/wp-json\/wp\/v2\/media?parent=345583"}],"wp:term":[{"taxonomy":"pwb-brand","embeddable":true,"href":"https:\/\/www.moskito.cz\/fr\/wp-json\/wp\/v2\/pwb-brand?post=345583"},{"taxonomy":"product_brand","embeddable":true,"href":"https:\/\/www.moskito.cz\/fr\/wp-json\/wp\/v2\/product_brand?post=345583"},{"taxonomy":"product_cat","embeddable":true,"href":"https:\/\/www.moskito.cz\/fr\/wp-json\/wp\/v2\/product_cat?post=345583"},{"taxonomy":"product_tag","embeddable":true,"href":"https:\/\/www.moskito.cz\/fr\/wp-json\/wp\/v2\/product_tag?post=345583"}],"curies":[{"name":"wp","href":"https:\/\/api.w.org\/{rel}","templated":true}]}}