{"id":345602,"date":"2024-06-19T15:20:50","date_gmt":"2024-06-19T14:22:57","guid":{"rendered":"https:\/\/www.moskito.cz\/produkt\/couteau-de-lancer-micro-vol-cold-steel\/"},"modified":"2025-05-07T11:17:57","modified_gmt":"2025-05-07T10:17:57","slug":"couteau-de-lancer-micro-vol-cold-steel","status":"publish","type":"product","link":"https:\/\/www.moskito.cz\/fr\/produkt\/couteau-de-lancer-micro-vol-cold-steel\/","title":{"rendered":"Couteau de lancer micro-vol Cold Steel"},"content":{"rendered":"<p>Couteau de lancer de micro-vol <strong>en acier froid<\/strong> .<\/p>\n<p><strong>Le Micro Flight Thrower<\/strong> est mince, profil\u00e9 et incroyablement compact. Mais ne vous laissez pas tromper par sa petite taille et son prix \u00e9conomique, car il offre \u00e9norm\u00e9ment de punch pour tr\u00e8s peu d&rsquo;argent. Fabriqu\u00e9 \u00e0 partir d&rsquo;un \u00ab&nbsp;acier \u00e0 ressorts&nbsp;\u00bb ultra r\u00e9sistant, il vous procurera \u00e0 coup s\u00fbr des ann\u00e9es de plaisir \u00e0 lancer. Et en prime, sa large lame de lance, sa protection int\u00e9gr\u00e9e et sa poign\u00e9e ergonomique permettent de le transformer facilement et \u00e0 moindre co\u00fbt en un couteau \u00e0 chaussures tr\u00e8s efficace.<\/p>\n<p>Poids : 77g<br \/>\nTaille totale : 20 cm<br \/>\n\u00c9paisseur de la lame : 0,2 cm<br \/>\nTaille de la t\u00eate<br \/>\nAcier&nbsp;:&nbsp;1055 acier au carbone<\/p>\n","protected":false},"excerpt":{"rendered":"<p><strong>Micro Flight est un tr\u00e8s petit couteau de lancer pesant seulement 77 g. Vous vous amuserez beaucoup avec ce couteau de lancer.<\/strong><\/p>\n","protected":false},"featured_media":345594,"comment_status":"open","ping_status":"closed","template":"","meta":[],"pwb-brand":[3789],"product_brand":[],"product_cat":[3696,3698],"product_tag":[],"class_list":{"0":"post-345602","1":"product","2":"type-product","3":"status-publish","4":"has-post-thumbnail","6":"pwb-brand-acier-froid","7":"product_cat-des-couteaux","8":"product_cat-lancer-des-couteaux","10":"first","11":"outofstock","12":"taxable","13":"shipping-taxable","14":"purchasable","15":"product-type-simple"},"brands":[{"id":3789,"name":"Acier froid","slug":"acier-froid"}],"_links":{"self":[{"href":"https:\/\/www.moskito.cz\/fr\/wp-json\/wp\/v2\/product\/345602","targetHints":{"allow":["GET"]}}],"collection":[{"href":"https:\/\/www.moskito.cz\/fr\/wp-json\/wp\/v2\/product"}],"about":[{"href":"https:\/\/www.moskito.cz\/fr\/wp-json\/wp\/v2\/types\/product"}],"replies":[{"embeddable":true,"href":"https:\/\/www.moskito.cz\/fr\/wp-json\/wp\/v2\/comments?post=345602"}],"wp:featuredmedia":[{"embeddable":true,"href":"https:\/\/www.moskito.cz\/fr\/wp-json\/wp\/v2\/media\/345594"}],"wp:attachment":[{"href":"https:\/\/www.moskito.cz\/fr\/wp-json\/wp\/v2\/media?parent=345602"}],"wp:term":[{"taxonomy":"pwb-brand","embeddable":true,"href":"https:\/\/www.moskito.cz\/fr\/wp-json\/wp\/v2\/pwb-brand?post=345602"},{"taxonomy":"product_brand","embeddable":true,"href":"https:\/\/www.moskito.cz\/fr\/wp-json\/wp\/v2\/product_brand?post=345602"},{"taxonomy":"product_cat","embeddable":true,"href":"https:\/\/www.moskito.cz\/fr\/wp-json\/wp\/v2\/product_cat?post=345602"},{"taxonomy":"product_tag","embeddable":true,"href":"https:\/\/www.moskito.cz\/fr\/wp-json\/wp\/v2\/product_tag?post=345602"}],"curies":[{"name":"wp","href":"https:\/\/api.w.org\/{rel}","templated":true}]}}