{"id":345618,"date":"2024-06-19T15:34:06","date_gmt":"2024-06-19T14:34:46","guid":{"rendered":"https:\/\/www.moskito.cz\/produkt\/couteau-pliant-cold-steel-counter-point-xl\/"},"modified":"2025-05-07T11:17:58","modified_gmt":"2025-05-07T10:17:58","slug":"couteau-pliant-cold-steel-counter-point-xl","status":"publish","type":"product","link":"https:\/\/www.moskito.cz\/fr\/produkt\/couteau-pliant-cold-steel-counter-point-xl\/","title":{"rendered":"Couteau pliant Cold Steel Counter Point XL"},"content":{"rendered":"<p>Couteau pliant <strong>Cold Steel<\/strong> Counter Point XL.<\/p>\n<p>Nous avons pass\u00e9 des ann\u00e9es \u00e0 rechercher des couteaux \u00e0 chaussures haut de gamme, et nous avons maintenant appliqu\u00e9 ces connaissances au couteau pliant <strong>Cold Steel<\/strong> Counter Point. Le Counter Point est disponible en trois tailles de lame : 3&Prime;, 4&Prime; et 6&Prime;. Leurs lames de lance inspir\u00e9es des aiguilles pr\u00e9sentent un faux bord distinctif et une finition satin\u00e9e brillante, ce qui en fait une lame qui non seulement est superbe, mais offre \u00e9galement d&rsquo;excellentes performances. Fabriqu\u00e9 \u00e0 partir d&rsquo;acier japonais AUS10A, le Counter Point est tr\u00e8s r\u00e9sistant \u00e0 la corrosion et aux taches et poss\u00e8de un bord tr\u00e8s tranchant et durable, non seulement tr\u00e8s solide, mais confortable et s\u00e9curis\u00e9 dans presque toutes les prises. Pour plus de solidit\u00e9 et de s\u00e9curit\u00e9, nous avons \u00e9quip\u00e9 le Counter Point de notre c\u00e9l\u00e8bre m\u00e9canisme de verrouillage Tri-Ad, qui s&rsquo;est av\u00e9r\u00e9 \u00e0 maintes reprises incroyablement solide et r\u00e9sistant aux chocs.<\/p>\n<p>Poids : 224 g<br \/>\nTaille hors tout : 33,33 cm<br \/>\nLongueur de la lame : 15,24 cm<br \/>\n\u00c9paisseur de la lame : 0,4 cm<br \/>\nAcier&nbsp;: AUS 10A<br \/>\nLongueur du manche : 18 cm<br \/>\nMat\u00e9riau du manche&nbsp;: Long Griv-Ex\u2122<\/p>\n<p>&nbsp;<\/p>\n","protected":false},"excerpt":{"rendered":"<p><strong>Nous avons pass\u00e9 des ann\u00e9es \u00e0 rechercher des couteaux \u00e0 chaussures haut de gamme, et nous avons maintenant appliqu\u00e9 ces connaissances au couteau pliant Cold Steel Counter Point.<\/strong><\/p>\n<p><strong>Transports gratuits.<\/strong><\/p>\n","protected":false},"featured_media":345610,"comment_status":"open","ping_status":"closed","template":"","meta":[],"pwb-brand":[3789],"product_brand":[],"product_cat":[3700,3696],"product_tag":[],"class_list":{"0":"post-345618","1":"product","2":"type-product","3":"status-publish","4":"has-post-thumbnail","6":"pwb-brand-acier-froid","7":"product_cat-couteaux-de-fermeture","8":"product_cat-des-couteaux","10":"first","11":"instock","12":"taxable","13":"shipping-taxable","14":"purchasable","15":"product-type-simple"},"brands":[{"id":3789,"name":"Acier froid","slug":"acier-froid"}],"_links":{"self":[{"href":"https:\/\/www.moskito.cz\/fr\/wp-json\/wp\/v2\/product\/345618","targetHints":{"allow":["GET"]}}],"collection":[{"href":"https:\/\/www.moskito.cz\/fr\/wp-json\/wp\/v2\/product"}],"about":[{"href":"https:\/\/www.moskito.cz\/fr\/wp-json\/wp\/v2\/types\/product"}],"replies":[{"embeddable":true,"href":"https:\/\/www.moskito.cz\/fr\/wp-json\/wp\/v2\/comments?post=345618"}],"wp:featuredmedia":[{"embeddable":true,"href":"https:\/\/www.moskito.cz\/fr\/wp-json\/wp\/v2\/media\/345610"}],"wp:attachment":[{"href":"https:\/\/www.moskito.cz\/fr\/wp-json\/wp\/v2\/media?parent=345618"}],"wp:term":[{"taxonomy":"pwb-brand","embeddable":true,"href":"https:\/\/www.moskito.cz\/fr\/wp-json\/wp\/v2\/pwb-brand?post=345618"},{"taxonomy":"product_brand","embeddable":true,"href":"https:\/\/www.moskito.cz\/fr\/wp-json\/wp\/v2\/product_brand?post=345618"},{"taxonomy":"product_cat","embeddable":true,"href":"https:\/\/www.moskito.cz\/fr\/wp-json\/wp\/v2\/product_cat?post=345618"},{"taxonomy":"product_tag","embeddable":true,"href":"https:\/\/www.moskito.cz\/fr\/wp-json\/wp\/v2\/product_tag?post=345618"}],"curies":[{"name":"wp","href":"https:\/\/api.w.org\/{rel}","templated":true}]}}