{"id":345669,"date":"2024-06-19T16:00:11","date_gmt":"2024-06-19T15:00:55","guid":{"rendered":"https:\/\/www.moskito.cz\/produkt\/couteau-de-fermeture-sog-escape\/"},"modified":"2025-05-07T11:17:59","modified_gmt":"2025-05-07T10:17:59","slug":"couteau-de-fermeture-sog-escape","status":"publish","type":"product","link":"https:\/\/www.moskito.cz\/fr\/produkt\/couteau-de-fermeture-sog-escape\/","title":{"rendered":"Couteau de fermeture SOG ESCAPE"},"content":{"rendered":"<p>Couteau de fermeture <strong>SOG<\/strong> ESCAPE.<\/p>\n<p><strong>L&rsquo;Escape<\/strong> est un couteau pliant dont la taille est id\u00e9ale pour un transport quotidien, mais qui poss\u00e8de n\u00e9anmoins d&rsquo;\u00e9normes capacit\u00e9s avec une lame qui peut \u00eatre ouverte d&rsquo;une seule main. Int\u00e9gr\u00e9s dans la poign\u00e9e se trouvent un coupe-fil (id\u00e9al pour couper des cordons, des ficelles, des ceintures de s\u00e9curit\u00e9, etc.), un brise-verre pour les cas extr\u00eames, notre d\u00e9nudeur de fil brevet\u00e9 et des lames coupe-fil suppl\u00e9mentaires (qui sont rang\u00e9es sous la plaque de poign\u00e9e). Tout cela, combin\u00e9 \u00e0 une lame de lance solide et semi-dentel\u00e9e et \u00e0 un manche en aluminium anodis\u00e9 dur, montre que je suis pr\u00eat \u00e0 affronter tout ce qui se pr\u00e9sente \u00e0 moi.<\/p>\n<p>Taille totale : 20,8 cm<br \/>\nLongueur de la lame : 8,6 cm<br \/>\n\u00c9paisseur de la lame : 0,33 cm<br \/>\nAcier&nbsp;: 9Cr18MoV<br \/>\nMat\u00e9riau du manche : aluminium anodis\u00e9 6061-T6 avec rev\u00eatement en polycarbonate<\/p>\n","protected":false},"excerpt":{"rendered":"<p><strong>L&rsquo;Escape est un couteau pliant dont la taille est id\u00e9ale pour un transport quotidien, mais qui poss\u00e8de n\u00e9anmoins d&rsquo;\u00e9normes capacit\u00e9s avec une lame qui peut \u00eatre ouverte d&rsquo;une seule main.<\/strong><\/p>\n","protected":false},"featured_media":345628,"comment_status":"open","ping_status":"closed","template":"","meta":[],"pwb-brand":[3849],"product_brand":[],"product_cat":[3700,3696],"product_tag":[],"class_list":{"0":"post-345669","1":"product","2":"type-product","3":"status-publish","4":"has-post-thumbnail","6":"pwb-brand-sog-fr","7":"product_cat-couteaux-de-fermeture","8":"product_cat-des-couteaux","10":"first","11":"outofstock","12":"taxable","13":"shipping-taxable","14":"purchasable","15":"product-type-simple"},"brands":[{"id":3849,"name":"SOG","slug":"sog-fr"}],"_links":{"self":[{"href":"https:\/\/www.moskito.cz\/fr\/wp-json\/wp\/v2\/product\/345669","targetHints":{"allow":["GET"]}}],"collection":[{"href":"https:\/\/www.moskito.cz\/fr\/wp-json\/wp\/v2\/product"}],"about":[{"href":"https:\/\/www.moskito.cz\/fr\/wp-json\/wp\/v2\/types\/product"}],"replies":[{"embeddable":true,"href":"https:\/\/www.moskito.cz\/fr\/wp-json\/wp\/v2\/comments?post=345669"}],"wp:featuredmedia":[{"embeddable":true,"href":"https:\/\/www.moskito.cz\/fr\/wp-json\/wp\/v2\/media\/345628"}],"wp:attachment":[{"href":"https:\/\/www.moskito.cz\/fr\/wp-json\/wp\/v2\/media?parent=345669"}],"wp:term":[{"taxonomy":"pwb-brand","embeddable":true,"href":"https:\/\/www.moskito.cz\/fr\/wp-json\/wp\/v2\/pwb-brand?post=345669"},{"taxonomy":"product_brand","embeddable":true,"href":"https:\/\/www.moskito.cz\/fr\/wp-json\/wp\/v2\/product_brand?post=345669"},{"taxonomy":"product_cat","embeddable":true,"href":"https:\/\/www.moskito.cz\/fr\/wp-json\/wp\/v2\/product_cat?post=345669"},{"taxonomy":"product_tag","embeddable":true,"href":"https:\/\/www.moskito.cz\/fr\/wp-json\/wp\/v2\/product_tag?post=345669"}],"curies":[{"name":"wp","href":"https:\/\/api.w.org\/{rel}","templated":true}]}}