{"id":345732,"date":"2024-06-19T16:41:30","date_gmt":"2024-06-19T15:46:42","guid":{"rendered":"https:\/\/www.moskito.cz\/produkt\/couteau-solid-sog-rapid-rescue-rouge\/"},"modified":"2025-05-07T11:18:00","modified_gmt":"2025-05-07T10:18:00","slug":"couteau-solid-sog-rapid-rescue-rouge","status":"publish","type":"product","link":"https:\/\/www.moskito.cz\/fr\/produkt\/couteau-solid-sog-rapid-rescue-rouge\/","title":{"rendered":"Couteau Solid SOG Rapid Rescue Rouge"},"content":{"rendered":"<p>Couteau solide <strong>SOG<\/strong> Rapid Rescue Rouge.<\/p>\n<p>Rapid Rescue comprend un coupe-ceinture de s\u00e9curit\u00e9 et un brise-verre. Stock\u00e9 sur un porte-cl\u00e9s ou une boucle de cordon, le Rapid est rapide et facile \u00e0 d\u00e9ployer et passe sous le radar lorsqu&rsquo;il n&rsquo;est pas utilis\u00e9. La conception de la poign\u00e9e guide intuitivement vos doigts vers la position optimale lors du d\u00e9ploiement et offre une prise s\u00fbre pendant le travail. Le Rapid se d\u00e9ploie rapidement depuis l&rsquo;\u00e9tui avec une simple traction et est facile \u00e0 utiliser avec un doigt \u00e0 travers le trou de l&rsquo;index. Fabriqu\u00e9 avec un outil \u00e0 soie compl\u00e8te, un anneau de traction en aluminium et une poign\u00e9e et une gaine GRN textur\u00e9es.<\/p>\n<p>\u00c9PAISSEUR DE LA LAME&nbsp;: 3&nbsp;mm<br \/>\nACIER&nbsp;: 2Cr13<br \/>\nMAT\u00c9RIEL DU CAS: 30% GRN<br \/>\nMAT\u00c9RIAU DE LA POIGN\u00c9E&nbsp;: VERT<br \/>\nTAILLE HORS TOUT : 7 cm<\/p>\n","protected":false},"excerpt":{"rendered":"<p><strong>Rapid Rescue est un coupe-ceinture de s\u00e9curit\u00e9 d&rsquo;urgence et un brise-verre.<\/strong><\/p>\n","protected":false},"featured_media":345684,"comment_status":"open","ping_status":"closed","template":"","meta":[],"pwb-brand":[3849],"product_brand":[],"product_cat":[3697,3696],"product_tag":[],"class_list":{"0":"post-345732","1":"product","2":"type-product","3":"status-publish","4":"has-post-thumbnail","6":"pwb-brand-sog-fr","7":"product_cat-couteaux-solides","8":"product_cat-des-couteaux","10":"first","11":"instock","12":"taxable","13":"shipping-taxable","14":"purchasable","15":"product-type-simple"},"brands":[{"id":3849,"name":"SOG","slug":"sog-fr"}],"_links":{"self":[{"href":"https:\/\/www.moskito.cz\/fr\/wp-json\/wp\/v2\/product\/345732","targetHints":{"allow":["GET"]}}],"collection":[{"href":"https:\/\/www.moskito.cz\/fr\/wp-json\/wp\/v2\/product"}],"about":[{"href":"https:\/\/www.moskito.cz\/fr\/wp-json\/wp\/v2\/types\/product"}],"replies":[{"embeddable":true,"href":"https:\/\/www.moskito.cz\/fr\/wp-json\/wp\/v2\/comments?post=345732"}],"wp:featuredmedia":[{"embeddable":true,"href":"https:\/\/www.moskito.cz\/fr\/wp-json\/wp\/v2\/media\/345684"}],"wp:attachment":[{"href":"https:\/\/www.moskito.cz\/fr\/wp-json\/wp\/v2\/media?parent=345732"}],"wp:term":[{"taxonomy":"pwb-brand","embeddable":true,"href":"https:\/\/www.moskito.cz\/fr\/wp-json\/wp\/v2\/pwb-brand?post=345732"},{"taxonomy":"product_brand","embeddable":true,"href":"https:\/\/www.moskito.cz\/fr\/wp-json\/wp\/v2\/product_brand?post=345732"},{"taxonomy":"product_cat","embeddable":true,"href":"https:\/\/www.moskito.cz\/fr\/wp-json\/wp\/v2\/product_cat?post=345732"},{"taxonomy":"product_tag","embeddable":true,"href":"https:\/\/www.moskito.cz\/fr\/wp-json\/wp\/v2\/product_tag?post=345732"}],"curies":[{"name":"wp","href":"https:\/\/api.w.org\/{rel}","templated":true}]}}