{"id":345785,"date":"2024-06-20T09:20:45","date_gmt":"2024-06-20T08:20:45","guid":{"rendered":"https:\/\/www.moskito.cz\/produkt\/couteau-fixe-tellus-fx-wolf-grey\/"},"modified":"2025-05-07T11:18:02","modified_gmt":"2025-05-07T10:18:02","slug":"couteau-fixe-tellus-fx-wolf-grey","status":"publish","type":"product","link":"https:\/\/www.moskito.cz\/fr\/produkt\/couteau-fixe-tellus-fx-wolf-grey\/","title":{"rendered":"Couteau Fixe Tellus FX Wolf Grey"},"content":{"rendered":"<p>Couteau fixe <strong>Tellus FX<\/strong> Wolf Grey.<\/p>\n<p>Tellus FX \u2013 un couteau avec une lame solide et un bord lisse. Le couteau de travail ultime pour les travaux difficiles. Vous pouvez trouver son application dans la nature.<\/p>\n<p>CRYO 440C en acier inoxydable<\/p>\n<p>L&rsquo;acier inoxydable CRYO 440C offre la combinaison parfaite d&rsquo;une excellente r\u00e9sistance \u00e0 la corrosion et \u00e0 l&rsquo;usure requise pour un couteau con\u00e7u pour une utilisation ext\u00e9rieure difficile. La finition Stonewashed offre une r\u00e9sistance accrue \u00e0 la corrosion et masque les rayures pour garder votre couteau en bon \u00e9tat.<\/p>\n<p>Poign\u00e9e VERT<\/p>\n<p>Le nylon est un mat\u00e9riau populaire pour les manches de couteaux en raison de sa solidit\u00e9, de sa r\u00e9sistance aux chocs, de son inertie chimique et de sa stabilit\u00e9 \u00e0 haute temp\u00e9rature. Toutes ces propri\u00e9t\u00e9s sont am\u00e9lior\u00e9es dans le Tellus FX en ajoutant des fibres de verre au nylon pour cr\u00e9er un nouveau mat\u00e9riau encore plus durable, le nylon renforc\u00e9 de fibre de verre (GRN).<\/p>\n<p>Boitier compatible UMS<\/p>\n<p>L&rsquo;\u00e9tui int\u00e8gre les meilleures parties du syst\u00e8me de montage universel de SOG, permettant un transport s\u00e9curis\u00e9 et personnalis\u00e9 lors d&rsquo;une grande vari\u00e9t\u00e9 d&rsquo;aventures en plein air.<\/p>\n<p>Poids : 191<br \/>\nTaille totale : 22,9 cm<br \/>\nLongueur de la lame : 10,8 cm<br \/>\n\u00c9paisseur de la lame : 0,38 cm<br \/>\nAcier : CRYO 440 (9Cr18MoV)<br \/>\nMat\u00e9riau du manche : GRN<\/p>\n<p>&nbsp;<\/p>\n<p><iframe title=\"Tellus and Altair Knives - Texas Axis Deer Hunt\" width=\"800\" height=\"450\" src=\"https:\/\/www.youtube.com\/embed\/3nAfH51J9f0?feature=oembed\" frameborder=\"0\" allow=\"accelerometer; autoplay; clipboard-write; encrypted-media; gyroscope; picture-in-picture; web-share\" referrerpolicy=\"strict-origin-when-cross-origin\" allowfullscreen><\/iframe><\/p>\n<p>&nbsp;<\/p>\n<p>&nbsp;<\/p>\n","protected":false},"excerpt":{"rendered":"<p><strong>Tellus FX \u2013 un couteau avec une lame solide et un bord lisse. Le couteau de travail ultime pour les travaux difficiles.<\/strong><\/p>\n","protected":false},"featured_media":345745,"comment_status":"open","ping_status":"closed","template":"","meta":[],"pwb-brand":[3849],"product_brand":[],"product_cat":[3697,3696],"product_tag":[3754],"class_list":{"0":"post-345785","1":"product","2":"type-product","3":"status-publish","4":"has-post-thumbnail","6":"pwb-brand-sog-fr","7":"product_cat-couteaux-solides","8":"product_cat-des-couteaux","9":"product_tag-b2b-fr","11":"first","12":"outofstock","13":"taxable","14":"shipping-taxable","15":"purchasable","16":"product-type-simple"},"brands":[{"id":3849,"name":"SOG","slug":"sog-fr"}],"_links":{"self":[{"href":"https:\/\/www.moskito.cz\/fr\/wp-json\/wp\/v2\/product\/345785","targetHints":{"allow":["GET"]}}],"collection":[{"href":"https:\/\/www.moskito.cz\/fr\/wp-json\/wp\/v2\/product"}],"about":[{"href":"https:\/\/www.moskito.cz\/fr\/wp-json\/wp\/v2\/types\/product"}],"replies":[{"embeddable":true,"href":"https:\/\/www.moskito.cz\/fr\/wp-json\/wp\/v2\/comments?post=345785"}],"wp:featuredmedia":[{"embeddable":true,"href":"https:\/\/www.moskito.cz\/fr\/wp-json\/wp\/v2\/media\/345745"}],"wp:attachment":[{"href":"https:\/\/www.moskito.cz\/fr\/wp-json\/wp\/v2\/media?parent=345785"}],"wp:term":[{"taxonomy":"pwb-brand","embeddable":true,"href":"https:\/\/www.moskito.cz\/fr\/wp-json\/wp\/v2\/pwb-brand?post=345785"},{"taxonomy":"product_brand","embeddable":true,"href":"https:\/\/www.moskito.cz\/fr\/wp-json\/wp\/v2\/product_brand?post=345785"},{"taxonomy":"product_cat","embeddable":true,"href":"https:\/\/www.moskito.cz\/fr\/wp-json\/wp\/v2\/product_cat?post=345785"},{"taxonomy":"product_tag","embeddable":true,"href":"https:\/\/www.moskito.cz\/fr\/wp-json\/wp\/v2\/product_tag?post=345785"}],"curies":[{"name":"wp","href":"https:\/\/api.w.org\/{rel}","templated":true}]}}