{"id":345875,"date":"2024-06-20T09:46:24","date_gmt":"2024-06-20T08:46:58","guid":{"rendered":"https:\/\/www.moskito.cz\/produkt\/couteau-fixe-sog-ether-fx\/"},"modified":"2025-05-07T11:18:03","modified_gmt":"2025-05-07T10:18:03","slug":"couteau-fixe-sog-ether-fx","status":"publish","type":"product","link":"https:\/\/www.moskito.cz\/fr\/produkt\/couteau-fixe-sog-ether-fx\/","title":{"rendered":"Couteau fixe SOG Ether FX"},"content":{"rendered":"<p>Couteau fixe <strong>SOG<\/strong> Ether FX.<\/p>\n<p><strong>L&rsquo;Ether FX<\/strong> est le compagnon id\u00e9al pour les amateurs de plein air et de chasse, et son poids de 2,1 onces le rend id\u00e9al pour une portabilit\u00e9 l\u00e9g\u00e8re et un emballage. La lame en acier CPM S35VN garantit une solidit\u00e9, une r\u00e9tention des bords et une r\u00e9sistance \u00e0 la corrosion exceptionnelles. Les lames au fini satin\u00e9 bross\u00e9 lui conf\u00e8rent un aspect robuste et offrent une protection suppl\u00e9mentaire contre l&rsquo;usure. Le couteau est \u00e9quip\u00e9 d&rsquo;un manche G10, connu pour sa durabilit\u00e9 et son excellente adh\u00e9rence m\u00eame lorsqu&rsquo;il est mouill\u00e9. Les \u00e9cailles sont amovibles, ce qui rend l&rsquo;Ether FX encore plus l\u00e9ger et plus fin, tout en vous permettant de personnaliser le couteau avec des enveloppes en para-corde pour plus de personnalisation et de fonctionnalit\u00e9. Pour un transport et un rangement pratiques, l&rsquo;Ether FX est livr\u00e9 avec un \u00e9tui compatible Kydex SOG UMS qui offre plusieurs options de fixation, vous permettant de l&rsquo;attacher en toute s\u00e9curit\u00e9 \u00e0 votre ceinture, sac \u00e0 dos ou \u00e9quipement.<\/p>\n<p>Conception l\u00e9g\u00e8re et compacte<br \/>\nEn termes de poids et d&rsquo;espace, les poign\u00e9es textur\u00e9es G10 peuvent \u00eatre facilement retir\u00e9es, le cadre squelett\u00e9 du couteau transforme le couteau en un outil compact plus l\u00e9ger, plus efficace sans compromettre sa solidit\u00e9 et sa fonctionnalit\u00e9. Notre syst\u00e8me de gainage UMS permet de nombreuses fa\u00e7ons de conserver l&rsquo;\u00e9ther aux bons endroits.<\/p>\n<p>Lame de haute qualit\u00e9<br \/>\nSa finition de lame satin\u00e9e S35VN offre un aspect robuste et distinctif tout en offrant une couche suppl\u00e9mentaire de protection contre l&rsquo;usure. La lame effectue une coupe compl\u00e8te le long de la colonne vert\u00e9brale et offre un meilleur contr\u00f4le et une meilleure adh\u00e9rence pour une coupe pr\u00e9cise. La lame encastr\u00e9e ajoute une surface suppl\u00e9mentaire au toucher pour une prise s\u00fbre sur tous les types de coupe.<\/p>\n<p>Acier S35VN<\/p>\n<p>Fabriqu\u00e9 en acier CPM S35VV, Ether FX garantit une solidit\u00e9, une r\u00e9tention des bords et une r\u00e9sistance \u00e0 la corrosion exceptionnelles. La finition satin\u00e9e bross\u00e9e de la lame lui conf\u00e8re un aspect robuste et distinctif tout en offrant une couche suppl\u00e9mentaire de protection contre l&rsquo;usure. Les fossettes et les sauts assurent une prise s\u00fbre pour tout type de coupe.<\/p>\n<p>Poign\u00e9es G10 amovibles<\/p>\n<p>L&rsquo;Ether FX est dot\u00e9 de poign\u00e9es amovibles Blaze Orange G10 qui permettent de trouver facilement le couteau au fond de votre sac \u00e0 dos ou sur le sol forestier. Le G10 est connu pour sa r\u00e9sistance exceptionnelle, qui permet une prise s\u00fbre et confortable m\u00eame dans des conditions humides ou glissantes.<\/p>\n<p>\u00c9tui Kydex UMS<\/p>\n<p>Pour augmenter sa polyvalence, le Provider FX est dot\u00e9 de trous pour lani\u00e8re int\u00e9gr\u00e9s et d&rsquo;un syst\u00e8me de montage SOG polyvalent. Ces caract\u00e9ristiques permettent de fixer le couteau \u00e0 une vari\u00e9t\u00e9 d&rsquo;appareils et d&rsquo;accessoires, garantissant ainsi qu&rsquo;il est toujours \u00e0 port\u00e9e de main lorsque vous en avez le plus besoin.<\/p>\n<p>Poids : 60g<br \/>\nTaille totale : 18 m<br \/>\nLongueur de la lame : 7,9 cm<br \/>\n\u00c9paisseur de la lame : 0,36 cm<br \/>\nAcier : CPM S35VN<br \/>\nMat\u00e9riau du manche : GRN<br \/>\nMat\u00e9riau du bo\u00eetier : Kydex<\/p>\n<p>&nbsp;<\/p>\n<p><iframe title=\"Ether FX\" width=\"800\" height=\"450\" src=\"https:\/\/www.youtube.com\/embed\/u4cnd0XZUIU?feature=oembed\" frameborder=\"0\" allow=\"accelerometer; autoplay; clipboard-write; encrypted-media; gyroscope; picture-in-picture; web-share\" referrerpolicy=\"strict-origin-when-cross-origin\" allowfullscreen><\/iframe><\/p>\n<p>&nbsp;<\/p>\n","protected":false},"excerpt":{"rendered":"<p><strong>L&rsquo;Ether FX est le compagnon id\u00e9al pour les amateurs de plein air et de chasse et son poids de 60 g le rend id\u00e9al pour un transport et un emballage l\u00e9gers.<\/strong><\/p>\n<p><strong>Transports gratuits.<\/strong><\/p>\n","protected":false},"featured_media":345794,"comment_status":"open","ping_status":"closed","template":"","meta":[],"pwb-brand":[3849],"product_brand":[],"product_cat":[3697,3696],"product_tag":[3754],"class_list":{"0":"post-345875","1":"product","2":"type-product","3":"status-publish","4":"has-post-thumbnail","6":"pwb-brand-sog-fr","7":"product_cat-couteaux-solides","8":"product_cat-des-couteaux","9":"product_tag-b2b-fr","11":"first","12":"outofstock","13":"taxable","14":"shipping-taxable","15":"purchasable","16":"product-type-simple"},"brands":[{"id":3849,"name":"SOG","slug":"sog-fr"}],"_links":{"self":[{"href":"https:\/\/www.moskito.cz\/fr\/wp-json\/wp\/v2\/product\/345875","targetHints":{"allow":["GET"]}}],"collection":[{"href":"https:\/\/www.moskito.cz\/fr\/wp-json\/wp\/v2\/product"}],"about":[{"href":"https:\/\/www.moskito.cz\/fr\/wp-json\/wp\/v2\/types\/product"}],"replies":[{"embeddable":true,"href":"https:\/\/www.moskito.cz\/fr\/wp-json\/wp\/v2\/comments?post=345875"}],"wp:featuredmedia":[{"embeddable":true,"href":"https:\/\/www.moskito.cz\/fr\/wp-json\/wp\/v2\/media\/345794"}],"wp:attachment":[{"href":"https:\/\/www.moskito.cz\/fr\/wp-json\/wp\/v2\/media?parent=345875"}],"wp:term":[{"taxonomy":"pwb-brand","embeddable":true,"href":"https:\/\/www.moskito.cz\/fr\/wp-json\/wp\/v2\/pwb-brand?post=345875"},{"taxonomy":"product_brand","embeddable":true,"href":"https:\/\/www.moskito.cz\/fr\/wp-json\/wp\/v2\/product_brand?post=345875"},{"taxonomy":"product_cat","embeddable":true,"href":"https:\/\/www.moskito.cz\/fr\/wp-json\/wp\/v2\/product_cat?post=345875"},{"taxonomy":"product_tag","embeddable":true,"href":"https:\/\/www.moskito.cz\/fr\/wp-json\/wp\/v2\/product_tag?post=345875"}],"curies":[{"name":"wp","href":"https:\/\/api.w.org\/{rel}","templated":true}]}}