{"id":346037,"date":"2024-06-20T10:37:18","date_gmt":"2024-06-20T09:37:18","guid":{"rendered":"https:\/\/www.moskito.cz\/produkt\/couteau-solide-sog-bowie-2-0\/"},"modified":"2024-06-20T10:37:58","modified_gmt":"2024-06-20T09:37:58","slug":"couteau-solide-sog-bowie-2-0","status":"publish","type":"product","link":"https:\/\/www.moskito.cz\/fr\/produkt\/couteau-solide-sog-bowie-2-0\/","title":{"rendered":"Couteau Solide SOG BOWIE 2.0"},"content":{"rendered":"<p>Couteau solide <strong>SOG<\/strong> BOWIE 2.0.<\/p>\n<p>Le <strong>SOG Bowie<\/strong> \u00e0 lame fixe original qui a fond\u00e9 notre entreprise \u00e9tait bas\u00e9 sur un couteau utilis\u00e9 par le groupe d&rsquo;\u00e9tude et d&rsquo;observation des forces sp\u00e9ciales am\u00e9ricaines et d&rsquo;autres soldats d&rsquo;\u00e9lite pendant la guerre du Vietnam. <strong>SOG Bowie<\/strong> 2.0 combine le <strong>SOG Bowie<\/strong> traditionnel avec une technologie et des mat\u00e9riaux modernes. Il b\u00e9n\u00e9ficie de rev\u00eatements TiNi noirs durs et d&rsquo;acier AUS-8 en tant que couteau \u00e0 lame fixe de haute performance. Le SOG Bowie 2.0 est devenu un classique sans \u00e9gal en qualit\u00e9. La garde transversale fa\u00e7onn\u00e9e, le meulage creux profond et les d\u00e9tails pr\u00e9cis et la pointe facett\u00e9e sont des signatures indubitables.<\/p>\n<p>Une lame solide, grande et audacieuse<br \/>\nCe magnifique Bowie trouve ses racines dans l&rsquo;h\u00e9ritage militaire SOG o\u00f9 il a \u00e9t\u00e9 utilis\u00e9 par les forces sp\u00e9ciales et d&rsquo;autres soldats d&rsquo;\u00e9lite pendant la guerre du Vietnam.<\/p>\n<p>Lame solide grand format avec style et substance<br \/>\nIl est dot\u00e9 d&rsquo;une lame int\u00e9grale en acier \u00e9poxy AUS-8 de haute qualit\u00e9, combin\u00e9e \u00e0 un manche en cuir, une protection crois\u00e9e et une t\u00eate en acier inoxydable.<\/p>\n<p>Conception de poign\u00e9e classique<\/p>\n<p>La poign\u00e9e de rondelle en cuir pliss\u00e9 \u00e9poxy offre un look classique et une sensation de confort.<\/p>\n<p>Protecteur de croix en forme<\/p>\n<p>Garde vos doigts en s\u00e9curit\u00e9 et en bonne sant\u00e9. \u00c7a a l&rsquo;air cool aussi.<\/p>\n<p>Longueur totale : <span id=\"cwos\" class=\"qv3Wpe\">27,5 cm<\/span><br \/>\nPoids du produit : 11,20 onces<br \/>\nLongueur de la lame : <span id=\"cwos\" class=\"qv3Wpe\">16<\/span> cm<br \/>\n\u00c9paisseur de la lame : 0,6 cm<br \/>\nPierre \u00e0 aiguiser&nbsp;: Oui<br \/>\nTrou pour lani\u00e8re&nbsp;: Oui<br \/>\nFinition&nbsp;: TiNi noir dur<br \/>\nType de bord&nbsp;:&nbsp;droit<br \/>\nType d&rsquo;acier de lame : AUS-8<br \/>\nMat\u00e9riau du manche : coussinets en cuir<br \/>\nCouleur du manche : Marron<br \/>\nDuret\u00e9 : Rc. 57-58<br \/>\n\u00c9tui inclus : Oui<br \/>\nCouleur de la coque : Noir<br \/>\nType d&rsquo;attache de veste : Boucle<br \/>\nMat\u00e9riau de la coque : Cuir<\/p>\n<p><iframe title=\"SOG Knives Bowie 2.0\" width=\"800\" height=\"450\" src=\"https:\/\/www.youtube.com\/embed\/k6HjM-vii_M?feature=oembed\" frameborder=\"0\" allow=\"accelerometer; autoplay; clipboard-write; encrypted-media; gyroscope; picture-in-picture; web-share\" referrerpolicy=\"strict-origin-when-cross-origin\" allowfullscreen><\/iframe><\/p>\n<p>&nbsp;<\/p>\n<p>&nbsp;<\/p>\n<p>&nbsp;<\/p>\n<p>&nbsp;<\/p>\n","protected":false},"excerpt":{"rendered":"<p><strong>Ce magnifique Bowie trouve ses racines dans l&rsquo;h\u00e9ritage militaire SOG o\u00f9 il a \u00e9t\u00e9 utilis\u00e9 par les forces sp\u00e9ciales et d&rsquo;autres soldats d&rsquo;\u00e9lite pendant la guerre du Vietnam.<\/strong><\/p>\n<p><strong>Transports gratuits.<\/strong><\/p>\n","protected":false},"featured_media":345957,"comment_status":"open","ping_status":"closed","template":"","meta":[],"pwb-brand":[3849],"product_brand":[],"product_cat":[3697,3696],"product_tag":[3754],"class_list":{"0":"post-346037","1":"product","2":"type-product","3":"status-publish","4":"has-post-thumbnail","6":"pwb-brand-sog-fr","7":"product_cat-couteaux-solides","8":"product_cat-des-couteaux","9":"product_tag-b2b-fr","11":"first","12":"outofstock","13":"taxable","14":"shipping-taxable","15":"purchasable","16":"product-type-simple"},"brands":[{"id":3849,"name":"SOG","slug":"sog-fr"}],"_links":{"self":[{"href":"https:\/\/www.moskito.cz\/fr\/wp-json\/wp\/v2\/product\/346037","targetHints":{"allow":["GET"]}}],"collection":[{"href":"https:\/\/www.moskito.cz\/fr\/wp-json\/wp\/v2\/product"}],"about":[{"href":"https:\/\/www.moskito.cz\/fr\/wp-json\/wp\/v2\/types\/product"}],"replies":[{"embeddable":true,"href":"https:\/\/www.moskito.cz\/fr\/wp-json\/wp\/v2\/comments?post=346037"}],"wp:featuredmedia":[{"embeddable":true,"href":"https:\/\/www.moskito.cz\/fr\/wp-json\/wp\/v2\/media\/345957"}],"wp:attachment":[{"href":"https:\/\/www.moskito.cz\/fr\/wp-json\/wp\/v2\/media?parent=346037"}],"wp:term":[{"taxonomy":"pwb-brand","embeddable":true,"href":"https:\/\/www.moskito.cz\/fr\/wp-json\/wp\/v2\/pwb-brand?post=346037"},{"taxonomy":"product_brand","embeddable":true,"href":"https:\/\/www.moskito.cz\/fr\/wp-json\/wp\/v2\/product_brand?post=346037"},{"taxonomy":"product_cat","embeddable":true,"href":"https:\/\/www.moskito.cz\/fr\/wp-json\/wp\/v2\/product_cat?post=346037"},{"taxonomy":"product_tag","embeddable":true,"href":"https:\/\/www.moskito.cz\/fr\/wp-json\/wp\/v2\/product_tag?post=346037"}],"curies":[{"name":"wp","href":"https:\/\/api.w.org\/{rel}","templated":true}]}}