{"id":346198,"date":"2024-06-20T12:33:13","date_gmt":"2024-06-20T11:44:42","guid":{"rendered":"https:\/\/www.moskito.cz\/produkt\/pince-multifonctionnelle-sog-aegis-mt-indigo-acid\/"},"modified":"2025-05-07T11:18:07","modified_gmt":"2025-05-07T10:18:07","slug":"pince-multifonctionnelle-sog-aegis-mt-indigo-acid","status":"publish","type":"product","link":"https:\/\/www.moskito.cz\/fr\/produkt\/pince-multifonctionnelle-sog-aegis-mt-indigo-acid\/","title":{"rendered":"Pince multifonctionnelle SOG Aegis MT Indigo Acid"},"content":{"rendered":"<p>Pince multifonctionnelle <strong>SOG<\/strong> Aegis MT Indigo Acid.<\/p>\n<p>Il pr\u00e9sente un design ambidextre avec une poign\u00e9e GRN ergonomique solide et un motif de pr\u00e9hension con\u00e7u pour une utilisation en ext\u00e9rieur avec ou sans gants, humides ou secs. La lame tranchante en acier inoxydable CRYO 440 \u00e0 pointe encliquetable convient \u00e0 une vari\u00e9t\u00e9 de travaux de coupe tout en offrant une excellente r\u00e9tention des bords et une excellente r\u00e9sistance \u00e0 la corrosion. L&rsquo;Aegis MT comprend cinq outils essentiels, dont une pince \u00e0 bec effil\u00e9 avec le levier compos\u00e9 brevet\u00e9 de SOG, des coupe-fils souples, des pincettes, un ouvre-bouteille et une lame en acier inoxydable 440 de 1,9 pouces.<\/p>\n<p>LE COMPAGNON EXT\u00c9RIEUR INDISPENSABLE<br \/>\nL&rsquo;Aegis MT comprend cinq outils qui vous assureront de le vouloir dans votre sac \u00e0 chaque fois que vous partez \u00e0 l&rsquo;aventure en plein air.<\/p>\n<p>OUTIL MULTIPLE CAPABLE ET COMPACT POUR UNE UTILISATION EN EXT\u00c9RIEUR<br \/>\nCinq outils, dont une lame en acier inoxydable CRYO 440, une pince \u00e0 levier compos\u00e9 de SOG, un ouvre-bouteille, une pince \u00e0 \u00e9piler et un coupe-fil, font de l&rsquo;Aegis MT l&rsquo;outil que vous utilisez lorsque vous \u00eates en d\u00e9placement.<\/p>\n<p>LAME EN ACIER INOXYDABLE CRYO 440<\/p>\n<p>Lame en acier CRYO 440 de 1,9 pouces super tranchante, robuste et r\u00e9sistante \u00e0 la corrosion avec clip.<\/p>\n<p>POIGN\u00c9E VERT<\/p>\n<p>La poign\u00e9e GRN robuste est textur\u00e9e pour une prise s\u00fbre aussi bien humide que s\u00e8che, sans gants.<\/p>\n<p>LEVIER COMPOS\u00c9<\/p>\n<p>Les points de pivotement entra\u00een\u00e9s par engrenages g\u00e9n\u00e8rent plus de d\u00e9battement de la poign\u00e9e par rapport au mouvement de la pince, offrant deux fois la puissance de coupe et de pr\u00e9hension des pinces conventionnelles pour une utilisation plus fluide et plus facile.<\/p>\n<p>Poids : 68g<br \/>\nTaille totale : 11,7 cm<br \/>\nLongueur de la lame : 5 cm<br \/>\n\u00c9paisseur de la lame : 0,15 cm<br \/>\nAcier : CRYO 440<br \/>\nLongueur du manche : 8,2 cm<br \/>\nMat\u00e9riau du manche : GRN<\/p>\n<p>&nbsp;<\/p>\n<p>&nbsp;<\/p>\n<p>&nbsp;<\/p>\n<p><iframe title=\"Aegis MT\" width=\"800\" height=\"450\" src=\"https:\/\/www.youtube.com\/embed\/BYXhNxksK2k?feature=oembed\" frameborder=\"0\" allow=\"accelerometer; autoplay; clipboard-write; encrypted-media; gyroscope; picture-in-picture; web-share\" referrerpolicy=\"strict-origin-when-cross-origin\" allowfullscreen><\/iframe><\/p>\n<p>&nbsp;<\/p>\n","protected":false},"excerpt":{"rendered":"<p><strong>Aegis MT est un petit multitool avec cinq outils de base dont vous avez le plus souvent besoin.<\/strong><\/p>\n","protected":false},"featured_media":346118,"comment_status":"open","ping_status":"closed","template":"","meta":[],"pwb-brand":[3849],"product_brand":[],"product_cat":[3695],"product_tag":[],"class_list":{"0":"post-346198","1":"product","2":"type-product","3":"status-publish","4":"has-post-thumbnail","6":"pwb-brand-sog-fr","7":"product_cat-outil-multi-fonction","9":"first","10":"instock","11":"taxable","12":"shipping-taxable","13":"purchasable","14":"product-type-simple"},"brands":[{"id":3849,"name":"SOG","slug":"sog-fr"}],"_links":{"self":[{"href":"https:\/\/www.moskito.cz\/fr\/wp-json\/wp\/v2\/product\/346198","targetHints":{"allow":["GET"]}}],"collection":[{"href":"https:\/\/www.moskito.cz\/fr\/wp-json\/wp\/v2\/product"}],"about":[{"href":"https:\/\/www.moskito.cz\/fr\/wp-json\/wp\/v2\/types\/product"}],"replies":[{"embeddable":true,"href":"https:\/\/www.moskito.cz\/fr\/wp-json\/wp\/v2\/comments?post=346198"}],"wp:featuredmedia":[{"embeddable":true,"href":"https:\/\/www.moskito.cz\/fr\/wp-json\/wp\/v2\/media\/346118"}],"wp:attachment":[{"href":"https:\/\/www.moskito.cz\/fr\/wp-json\/wp\/v2\/media?parent=346198"}],"wp:term":[{"taxonomy":"pwb-brand","embeddable":true,"href":"https:\/\/www.moskito.cz\/fr\/wp-json\/wp\/v2\/pwb-brand?post=346198"},{"taxonomy":"product_brand","embeddable":true,"href":"https:\/\/www.moskito.cz\/fr\/wp-json\/wp\/v2\/product_brand?post=346198"},{"taxonomy":"product_cat","embeddable":true,"href":"https:\/\/www.moskito.cz\/fr\/wp-json\/wp\/v2\/product_cat?post=346198"},{"taxonomy":"product_tag","embeddable":true,"href":"https:\/\/www.moskito.cz\/fr\/wp-json\/wp\/v2\/product_tag?post=346198"}],"curies":[{"name":"wp","href":"https:\/\/api.w.org\/{rel}","templated":true}]}}