{"id":346320,"date":"2024-06-20T14:22:51","date_gmt":"2024-06-20T13:27:30","guid":{"rendered":"https:\/\/www.moskito.cz\/produkt\/couteau-solide-sog-fournisseur-fx\/"},"modified":"2025-05-07T11:18:08","modified_gmt":"2025-05-07T10:18:08","slug":"couteau-solide-sog-fournisseur-fx","status":"publish","type":"product","link":"https:\/\/www.moskito.cz\/fr\/produkt\/couteau-solide-sog-fournisseur-fx\/","title":{"rendered":"Couteau solide SOG Fournisseur FX"},"content":{"rendered":"<p>Fournisseur Solid Knife <strong>SOG<\/strong> FX.<\/p>\n<p>Provider FX est un compagnon polyvalent et fiable pour les chasseurs et les amateurs de plein air. Construit dans un souci de pr\u00e9cision et de durabilit\u00e9, ce couteau exceptionnel est con\u00e7u pour offrir des performances sup\u00e9rieures dans la nature. Il est dot\u00e9 d&rsquo;une lame en acier pierre de 3,75 pouces et 154 cm connue pour son excellente r\u00e9tention des bords et sa r\u00e9sistance \u00e0 la corrosion. La lame effectue une coupe compl\u00e8te le long de la colonne vert\u00e9brale et offre un meilleur contr\u00f4le et une meilleure adh\u00e9rence pour une coupe pr\u00e9cise. La poign\u00e9e robuste et textur\u00e9e de la balance G10 offre une prise s\u00fbre et peut \u00eatre facilement retir\u00e9e pour un sac l\u00e9ger et compact. L&rsquo;\u00e9tui Kydex est dot\u00e9 d&rsquo;un syst\u00e8me de montage SOG polyvalent qui vous permet d&rsquo;avoir ce couteau \u00e0 port\u00e9e de main chaque fois que vous en avez besoin.<\/p>\n<p>Con\u00e7u pour la performance<br \/>\nSa finition de lame de 154 cm d&rsquo;\u00e9paisseur offre un aspect robuste et distinctif tout en offrant une couche suppl\u00e9mentaire de protection contre l&rsquo;usure. La lame effectue une coupe compl\u00e8te le long de la colonne vert\u00e9brale et offre un meilleur contr\u00f4le et une meilleure adh\u00e9rence pour une coupe pr\u00e9cise.<\/p>\n<p>Que vous suiviez du gibier ou conqu\u00e9riez la nature sauvage, Provider FX est le compagnon id\u00e9al pour vos aventures en plein air.<br \/>\nSa construction robuste, ses mat\u00e9riaux haut de gamme et sa conception r\u00e9fl\u00e9chie en font un outil indispensable pour les chasseurs, les campeurs et les amoureux de la nature. Faites confiance \u00e0 un fournisseur FX qui offre des performances et une fiabilit\u00e9 exceptionnelles \u00e0 chaque \u00e9tape du processus.<\/p>\n<p>Acier 154CM<\/p>\n<p>Le c\u0153ur du Provider FX est une lame forg\u00e9e \u00e0 partir d&rsquo;acier de haute qualit\u00e9 de 154 cm. Connu pour son excellente r\u00e9tention de la lame et sa r\u00e9sistance \u00e0 la corrosion, cet acier de qualit\u00e9 sup\u00e9rieure garantit que votre couteau restera tranchant et fiable m\u00eame en cas d&rsquo;utilisation \u00e0 long terme dans des conditions difficiles. La longueur de la lame est de 3,75&Prime;, ce qui est l&rsquo;\u00e9quilibre parfait entre polyvalence et maniabilit\u00e9. Avec une longueur totale de 8,1&Prime;, ce couteau offre suffisamment de port\u00e9e tout en conservant un design compact et portable.<\/p>\n<p>Poign\u00e9es G10 amovibles<\/p>\n<p>Con\u00e7u pour r\u00e9pondre \u00e0 vos besoins, le Provider FX est dot\u00e9 d&rsquo;une poign\u00e9e G10 verte amovible pour une portabilit\u00e9 et un emballage l\u00e9gers et compacts. Le G10 est connu pour sa r\u00e9sistance exceptionnelle, qui permet une prise s\u00fbre et confortable m\u00eame dans des conditions humides ou glissantes.<\/p>\n<p>Poids : 142g<br \/>\nTaille totale : 20,5 cm<br \/>\nLongueur de la lame : 9,5 cm<br \/>\n\u00c9paisseur de la lame : 0,36 cm<br \/>\nAcier : CRYO 154CM<br \/>\nMat\u00e9riau du manche : GRN<br \/>\nMat\u00e9riau du bo\u00eetier : Kydex<\/p>\n<p><iframe title=\"Provider FX\" width=\"800\" height=\"450\" src=\"https:\/\/www.youtube.com\/embed\/8uWEDZD3w4k?feature=oembed\" frameborder=\"0\" allow=\"accelerometer; autoplay; clipboard-write; encrypted-media; gyroscope; picture-in-picture; web-share\" referrerpolicy=\"strict-origin-when-cross-origin\" allowfullscreen><\/iframe><\/p>\n<p>&nbsp;<\/p>\n<p>&nbsp;<\/p>\n","protected":false},"excerpt":{"rendered":"<p><strong>Le Provider FX est un couteau solide polyvalent et fiable pour les chasseurs et les amateurs de plein air avec une construction pleine soie.<\/strong><\/p>\n<p><strong>Transports gratuits.<\/strong><\/p>\n","protected":false},"featured_media":346255,"comment_status":"open","ping_status":"closed","template":"","meta":[],"pwb-brand":[3849],"product_brand":[],"product_cat":[3697,3696],"product_tag":[],"class_list":{"0":"post-346320","1":"product","2":"type-product","3":"status-publish","4":"has-post-thumbnail","6":"pwb-brand-sog-fr","7":"product_cat-couteaux-solides","8":"product_cat-des-couteaux","10":"first","11":"instock","12":"taxable","13":"shipping-taxable","14":"purchasable","15":"product-type-simple"},"brands":[{"id":3849,"name":"SOG","slug":"sog-fr"}],"_links":{"self":[{"href":"https:\/\/www.moskito.cz\/fr\/wp-json\/wp\/v2\/product\/346320","targetHints":{"allow":["GET"]}}],"collection":[{"href":"https:\/\/www.moskito.cz\/fr\/wp-json\/wp\/v2\/product"}],"about":[{"href":"https:\/\/www.moskito.cz\/fr\/wp-json\/wp\/v2\/types\/product"}],"replies":[{"embeddable":true,"href":"https:\/\/www.moskito.cz\/fr\/wp-json\/wp\/v2\/comments?post=346320"}],"wp:featuredmedia":[{"embeddable":true,"href":"https:\/\/www.moskito.cz\/fr\/wp-json\/wp\/v2\/media\/346255"}],"wp:attachment":[{"href":"https:\/\/www.moskito.cz\/fr\/wp-json\/wp\/v2\/media?parent=346320"}],"wp:term":[{"taxonomy":"pwb-brand","embeddable":true,"href":"https:\/\/www.moskito.cz\/fr\/wp-json\/wp\/v2\/pwb-brand?post=346320"},{"taxonomy":"product_brand","embeddable":true,"href":"https:\/\/www.moskito.cz\/fr\/wp-json\/wp\/v2\/product_brand?post=346320"},{"taxonomy":"product_cat","embeddable":true,"href":"https:\/\/www.moskito.cz\/fr\/wp-json\/wp\/v2\/product_cat?post=346320"},{"taxonomy":"product_tag","embeddable":true,"href":"https:\/\/www.moskito.cz\/fr\/wp-json\/wp\/v2\/product_tag?post=346320"}],"curies":[{"name":"wp","href":"https:\/\/api.w.org\/{rel}","templated":true}]}}