{"id":346412,"date":"2024-06-20T14:49:03","date_gmt":"2024-06-20T13:49:03","guid":{"rendered":"https:\/\/www.moskito.cz\/produkt\/couteau-solide-super-sog-bowie\/"},"modified":"2024-06-20T14:50:51","modified_gmt":"2024-06-20T13:50:51","slug":"couteau-solide-super-sog-bowie","status":"publish","type":"product","link":"https:\/\/www.moskito.cz\/fr\/produkt\/couteau-solide-super-sog-bowie\/","title":{"rendered":"Couteau Solide SUPER SOG BOWIE"},"content":{"rendered":"<p>Couteau solide SUPER <strong>SOG<\/strong> BOWIE.<\/p>\n<p>\u00c0 notre 20\u00e8me. anniversaire en 2006, nous avons lanc\u00e9 une nouvelle adaptation du SOG Bowie original, qui a fond\u00e9 la soci\u00e9t\u00e9. Cette lame grand format vous \u00e9tonnera par sa construction pr\u00e9cise et ses lignes d&rsquo;aff\u00fbtage. Contrairement \u00e0 l&rsquo;original, toutes les pi\u00e8ces sont prot\u00e9g\u00e9es par un rev\u00eatement TiNi noir solide pour une apparence et des performances optimales. Il conserve ses racines avec une poign\u00e9e de machine \u00e0 laver en cuir pli\u00e9 et un design g\u00e9n\u00e9ral<\/p>\n<p>La lame fixe grand format XL dont le style et l&rsquo;essence ont lanc\u00e9 SOG.<br \/>\nIl est dot\u00e9 d&rsquo;une lame TiNi noire int\u00e9grale de 7,5 pouces en acier AUS-8 de qualit\u00e9 avec un support en cuir pli\u00e9 \u00e9poxy et une garde crois\u00e9e et un pommeau en acier inoxydable.<\/p>\n<p>Protecteur de croix en forme<\/p>\n<p>Garde vos doigts en s\u00e9curit\u00e9 et en bonne sant\u00e9. \u00c7a a l&rsquo;air cool aussi.<\/p>\n<p>Conception de poign\u00e9e classique<\/p>\n<p>La poign\u00e9e de rondelle en cuir pliss\u00e9 \u00e9poxy offre un look classique et une sensation de confort.<\/p>\n<p>Lame fixe grand format<\/p>\n<p>Lame solide et durable.<\/p>\n<p>Poids : 493 g<br \/>\nTaille totale : 32,7 cm<br \/>\nLongueur de la lame : 19,1 cm<br \/>\n\u00c9paisseur de la lame : 0,64 cm<br \/>\nAcier&nbsp;:&nbsp;AUS-8<br \/>\nMat\u00e9riau du manche&nbsp;: Rondelles empil\u00e9es en cuir \u00e9poxyd\u00e9<br \/>\nMat\u00e9riau du bo\u00eetier : Cuir<\/p>\n<p>&nbsp;<\/p>\n<p>&nbsp;<\/p>\n","protected":false},"excerpt":{"rendered":"<p><strong>\u00c0 notre 20\u00e8me. anniversaire en 2006, nous avons lanc\u00e9 une nouvelle adaptation du SOG Bowie original, qui a fond\u00e9 la soci\u00e9t\u00e9. Cette lame grand format vous \u00e9tonnera par sa construction pr\u00e9cise.<\/strong><\/p>\n<p><strong>Transports gratuits.<\/strong><\/p>\n","protected":false},"featured_media":346329,"comment_status":"open","ping_status":"closed","template":"","meta":[],"pwb-brand":[3849],"product_brand":[],"product_cat":[3697,3696],"product_tag":[],"class_list":{"0":"post-346412","1":"product","2":"type-product","3":"status-publish","4":"has-post-thumbnail","6":"pwb-brand-sog-fr","7":"product_cat-couteaux-solides","8":"product_cat-des-couteaux","10":"first","11":"instock","12":"taxable","13":"shipping-taxable","14":"purchasable","15":"product-type-simple"},"brands":[{"id":3849,"name":"SOG","slug":"sog-fr"}],"_links":{"self":[{"href":"https:\/\/www.moskito.cz\/fr\/wp-json\/wp\/v2\/product\/346412","targetHints":{"allow":["GET"]}}],"collection":[{"href":"https:\/\/www.moskito.cz\/fr\/wp-json\/wp\/v2\/product"}],"about":[{"href":"https:\/\/www.moskito.cz\/fr\/wp-json\/wp\/v2\/types\/product"}],"replies":[{"embeddable":true,"href":"https:\/\/www.moskito.cz\/fr\/wp-json\/wp\/v2\/comments?post=346412"}],"wp:featuredmedia":[{"embeddable":true,"href":"https:\/\/www.moskito.cz\/fr\/wp-json\/wp\/v2\/media\/346329"}],"wp:attachment":[{"href":"https:\/\/www.moskito.cz\/fr\/wp-json\/wp\/v2\/media?parent=346412"}],"wp:term":[{"taxonomy":"pwb-brand","embeddable":true,"href":"https:\/\/www.moskito.cz\/fr\/wp-json\/wp\/v2\/pwb-brand?post=346412"},{"taxonomy":"product_brand","embeddable":true,"href":"https:\/\/www.moskito.cz\/fr\/wp-json\/wp\/v2\/product_brand?post=346412"},{"taxonomy":"product_cat","embeddable":true,"href":"https:\/\/www.moskito.cz\/fr\/wp-json\/wp\/v2\/product_cat?post=346412"},{"taxonomy":"product_tag","embeddable":true,"href":"https:\/\/www.moskito.cz\/fr\/wp-json\/wp\/v2\/product_tag?post=346412"}],"curies":[{"name":"wp","href":"https:\/\/api.w.org\/{rel}","templated":true}]}}