{"id":346448,"date":"2022-11-24T23:20:55","date_gmt":"2024-06-20T14:14:42","guid":{"rendered":"https:\/\/www.moskito.cz\/produkt\/couteau-fixe-extrema-ratio-misericordia-black-warfare-edition-limitee\/"},"modified":"2025-05-07T11:18:10","modified_gmt":"2025-05-07T10:18:10","slug":"couteau-fixe-extrema-ratio-misericordia-black-warfare-edition-limitee","status":"publish","type":"product","link":"https:\/\/www.moskito.cz\/fr\/produkt\/couteau-fixe-extrema-ratio-misericordia-black-warfare-edition-limitee\/","title":{"rendered":"Couteau fixe Extrema Ratio MISERICORDIA BLACK WARFARE EDITION LIMIT\u00c9E"},"content":{"rendered":"<p>Couteau fixe <strong>Extrema Ratio<\/strong> MISERICORDIA BLACK WARFARE EDITION LIMIT\u00c9E.<\/p>\n<p>Extrema Ratio Misericordia Black Warfare est une \u00e9dition limit\u00e9e de seulement 500 pi\u00e8ces. Elle pr\u00e9sente toutes les caract\u00e9ristiques de la c\u00e9l\u00e8bre Misericordia adopt\u00e9e le 4. par le R\u00e9giment de Parachutistes Alpins, qui a contribu\u00e9 \u00e0 son d\u00e9veloppement et \u00e0 ses tests, et l&rsquo;a choisi pour ses caract\u00e9ristiques uniques qui le rendent particuli\u00e8rement adapt\u00e9 au combat en embuscade.<\/p>\n<p>La lame est frais\u00e9e \u00e0 partir d&rsquo;acier B\u00f6hler N690, trait\u00e9e thermiquement \u00e0 58 HRC pour la meilleure combinaison de r\u00e9tention des bords et de t\u00e9nacit\u00e9. Il mesure 118 mm (4,65&Prime;) de long et 4 mm (0,16&Prime;) d&rsquo;\u00e9paisseur avec une meule plate. Le couteau ne p\u00e8se que 87 g (3,1 oz). La lame a la forme d&rsquo;un fer de lance avec une longueur plus compl\u00e8te, ce qui la rend encore plus l\u00e9g\u00e8re et poss\u00e8de un faux double tranchant jusqu&rsquo;aux 3\/4 de sa longueur. Sa finition, Black Warfare, est r\u00e9alis\u00e9e \u00e0 partir du motif Geotech Camo innovant et original d&rsquo;Extrema Ratio, grav\u00e9 au laser dans la surface. La poign\u00e9e conserve le profil ergonomique caract\u00e9ristique d&rsquo;Extrema Ratio et est fabriqu\u00e9e en nylon renforc\u00e9 de fibre de verre pour offrir une r\u00e9sistance maximale \u00e0 tout moment, m\u00eame dans les conditions d&rsquo;utilisation les plus difficiles.<\/p>\n<p>L&rsquo;anneau embl\u00e9matique sur l&rsquo;ogive aide le soldat \u00e0 obtenir une meilleure prise pour une traction plus s\u00fbre et plus efficace, augmentant ainsi de mani\u00e8re exponentielle l&rsquo;efficacit\u00e9 au combat du Misericordia. L&rsquo;\u00e9tui kydex peut \u00eatre attach\u00e9 \u00e0 un clip de ceinture, un ULTICLIP et un clip malice, ainsi qu&rsquo;\u00e0 une sangle MOLLE avec paracorde. Il existe \u00e9galement une gaine en nylon robuste en option avec deux boucles r\u00e9glables pour la fixation \u00e0 une sangle MOLLE.<\/p>\n<p>Le Misericordia Black Warfare est livr\u00e9 dans un bo\u00eetier de valve de pression IP67 en polypropyl\u00e8ne r\u00e9sistant aux intemp\u00e9ries, \u00e0 la poussi\u00e8re et aux chocs qui contient \u00e9galement une gaine Kydex, un double ulticlip, un double taille-crayon (diamant c\u00e9ramique et synth\u00e9tique) et une plaque m\u00e9tallique \u00e0 num\u00e9ro progressif dans la s\u00e9rie limit\u00e9e.<\/p>\n<p>POIDS G&nbsp;:&nbsp;87<br \/>\nPOIDS ONCES&nbsp;: 3,1<br \/>\nLONGUEUR DE LA LAME (MM): 118<br \/>\nLONGUEUR DE LA LAME (POUCES)&nbsp;: 4,64<br \/>\nLONGUEUR TOTALE (MM): 233<br \/>\nLONGUEUR TOTALE (H): 9,17<br \/>\n\u00c9PAISSEUR DE LA LAME (MM): 4<br \/>\n\u00c9PAISSEUR DE LA LAME (POUCES)&nbsp;: 0,16<br \/>\nMAT\u00c9RIAU DE LA LAME&nbsp;: ACIER B\u00d6HLER N690 (58HRC)<br \/>\nTRAITEMENT DE SURFACE DE LA LAME&nbsp;: MIL-C-13924 BURNISHING GEOTECH CAMO<br \/>\nGRILLE PRINCIPALE&nbsp;: PLATE<br \/>\nMAT\u00c9RIAU DE LA POIGN\u00c9E&nbsp;: NYLON \/ FIBRE DE VERRE (FRN)<\/p>\n<p><iframe title=\"New Misericordia Black Warfare\" width=\"800\" height=\"450\" src=\"https:\/\/www.youtube.com\/embed\/2IxpuJsoT1E?feature=oembed\" frameborder=\"0\" allow=\"accelerometer; autoplay; clipboard-write; encrypted-media; gyroscope; picture-in-picture; web-share\" referrerpolicy=\"strict-origin-when-cross-origin\" allowfullscreen><\/iframe><\/p>\n<p>&nbsp;<\/p>\n","protected":false},"excerpt":{"rendered":"<p>Bas\u00e9e \u00e0 Prato, en Italie <strong>, Extrema Ratio<\/strong> con\u00e7oit et fabrique des couteaux de combat, militaires, de cuisine, de chasse et tactiques de haute performance depuis 1997 et jouit d&rsquo;une r\u00e9putation de qualit\u00e9 sup\u00e9rieure sans \u00e9gal dans l&rsquo;industrie des couteaux militaires et tactiques. <strong>Transports gratuits.<\/strong><\/p>\n","protected":false},"featured_media":346449,"comment_status":"open","ping_status":"closed","template":"","meta":[],"pwb-brand":[3767],"product_brand":[],"product_cat":[3697,3696],"product_tag":[3754],"class_list":{"0":"post-346448","1":"product","2":"type-product","3":"status-publish","4":"has-post-thumbnail","6":"pwb-brand-rapport-extreme","7":"product_cat-couteaux-solides","8":"product_cat-des-couteaux","9":"product_tag-b2b-fr","11":"first","12":"instock","13":"taxable","14":"shipping-taxable","15":"purchasable","16":"product-type-simple"},"brands":[{"id":3767,"name":"Rapport extr\u00eame","slug":"rapport-extreme"}],"_links":{"self":[{"href":"https:\/\/www.moskito.cz\/fr\/wp-json\/wp\/v2\/product\/346448","targetHints":{"allow":["GET"]}}],"collection":[{"href":"https:\/\/www.moskito.cz\/fr\/wp-json\/wp\/v2\/product"}],"about":[{"href":"https:\/\/www.moskito.cz\/fr\/wp-json\/wp\/v2\/types\/product"}],"replies":[{"embeddable":true,"href":"https:\/\/www.moskito.cz\/fr\/wp-json\/wp\/v2\/comments?post=346448"}],"wp:featuredmedia":[{"embeddable":true,"href":"https:\/\/www.moskito.cz\/fr\/wp-json\/wp\/v2\/media\/346449"}],"wp:attachment":[{"href":"https:\/\/www.moskito.cz\/fr\/wp-json\/wp\/v2\/media?parent=346448"}],"wp:term":[{"taxonomy":"pwb-brand","embeddable":true,"href":"https:\/\/www.moskito.cz\/fr\/wp-json\/wp\/v2\/pwb-brand?post=346448"},{"taxonomy":"product_brand","embeddable":true,"href":"https:\/\/www.moskito.cz\/fr\/wp-json\/wp\/v2\/product_brand?post=346448"},{"taxonomy":"product_cat","embeddable":true,"href":"https:\/\/www.moskito.cz\/fr\/wp-json\/wp\/v2\/product_cat?post=346448"},{"taxonomy":"product_tag","embeddable":true,"href":"https:\/\/www.moskito.cz\/fr\/wp-json\/wp\/v2\/product_tag?post=346448"}],"curies":[{"name":"wp","href":"https:\/\/api.w.org\/{rel}","templated":true}]}}