{"id":346523,"date":"2024-06-20T20:31:52","date_gmt":"2024-06-20T19:32:47","guid":{"rendered":"https:\/\/www.moskito.cz\/produkt\/couteau-de-tir-boker-kalachnikov-wiener-warrior-couteau-automatique-rouge\/"},"modified":"2025-05-07T11:18:11","modified_gmt":"2025-05-07T10:18:11","slug":"couteau-de-tir-boker-kalachnikov-wiener-warrior-couteau-automatique-rouge","status":"publish","type":"product","link":"https:\/\/www.moskito.cz\/fr\/produkt\/couteau-de-tir-boker-kalachnikov-wiener-warrior-couteau-automatique-rouge\/","title":{"rendered":"Couteau de tir Boker Kalachnikov Wiener Warrior Couteau automatique rouge"},"content":{"rendered":"<p>Couteau de tir <strong>Boker<\/strong> Kalachnikov Wiener Warrior Couteau automatique rouge.<\/p>\n<p>Pr\u00e9sentation <strong>de Dessert Warrior<\/strong> ! Nous avons peut-\u00eatre enfreint les r\u00e8gles en commen\u00e7ant par quelque chose de sucr\u00e9, mais nous sommes l\u00e0 pour compenser cela avec une copieuse portion de prot\u00e9ines directement du c\u00e9l\u00e8bre Warrior Buffet. Dites bonjour \u00e0 <strong>WIENER WARRIOR KALASHNIKOV<\/strong> , une exclusivit\u00e9 <strong>Moskito s.r.o.<\/strong> D\u00e9sormais, quand il s\u2019agit de hot-dogs, ils sont ordinaires puis extraordinaires. Nous parlons de ceux que l&rsquo;on retrouve lors d&rsquo;un match de baseball, enduits de moutarde et d\u00e9bordants de chair juteuse. C&rsquo;est une explosion totale, sans remplissage. Vivez une vague de nostalgie am\u00e9ricaine avec <strong>Wiener Warrior.<\/strong> Inspir\u00e9 du fusil embl\u00e9matique, le couteau Boker Kalachnikov pr\u00e9sente un design simple mais tr\u00e8s fonctionnel. Fabriqu\u00e9 \u00e0 partir de mat\u00e9riaux haut de gamme, ce couteau offre des performances et une valeur exceptionnelles. Et maintenant, juste au moment o\u00f9 vous pensiez que nous ne pouvions plus nous amuser, nous vous pr\u00e9sentons la Kalachnikov dans ce design viennois super amusant qui ne manquera pas de susciter la conversation. Alors prenez vos \u00e9pices et savourez le Wiener Warrior !<\/p>\n<p>SP\u00c9CIFICATIONS : Acier de la lame : D 2<br \/>\nNum\u00e9ro de mod\u00e8le : 01 Kals 178 Nsoi<br \/>\nType de serrure : Bouton<br \/>\n\u00c9paisseur de la lame : 0,3 cm<br \/>\n\u00c9paisseur du manche : 1,67 cm<br \/>\nLongueur de la lame : 8,12 cm<br \/>\nLongueur ouvert : 19,12 cm<br \/>\nBord de la lame&nbsp;:&nbsp;Lisse<br \/>\nCouleur de finition : Rouge<br \/>\nMat\u00e9riau du manche : aluminium<br \/>\nCas d&rsquo;utilisation&nbsp;:&nbsp;EDC<\/p>\n","protected":false},"excerpt":{"rendered":"<p>Couteau de tir Boker Kalachnikov Wiener Warrior Couteau automatique rouge. Pr\u00e9sentation de Dessert Warrior ! Nous avons peut-\u00eatre enfreint les r\u00e8gles en commen\u00e7ant par quelque chose de sucr\u00e9, mais nous sommes l\u00e0 pour compenser cela avec une copieuse portion de prot\u00e9ines directement du c\u00e9l\u00e8bre Warrior Buffet. Dites bonjour \u00e0 WIENER WARRIOR KALASHNIKOV , une exclusivit\u00e9 [&hellip;]<\/p>\n","protected":false},"featured_media":346479,"comment_status":"open","ping_status":"closed","template":"","meta":[],"pwb-brand":[3799],"product_brand":[],"product_cat":[3699,3696],"product_tag":[3754],"class_list":{"0":"post-346523","1":"product","2":"type-product","3":"status-publish","4":"has-post-thumbnail","6":"pwb-brand-boker-fr","7":"product_cat-couteaux-de-tir","8":"product_cat-des-couteaux","9":"product_tag-b2b-fr","11":"first","12":"instock","13":"taxable","14":"shipping-taxable","15":"purchasable","16":"product-type-simple"},"brands":[{"id":3799,"name":"Boker","slug":"boker-fr"}],"_links":{"self":[{"href":"https:\/\/www.moskito.cz\/fr\/wp-json\/wp\/v2\/product\/346523","targetHints":{"allow":["GET"]}}],"collection":[{"href":"https:\/\/www.moskito.cz\/fr\/wp-json\/wp\/v2\/product"}],"about":[{"href":"https:\/\/www.moskito.cz\/fr\/wp-json\/wp\/v2\/types\/product"}],"replies":[{"embeddable":true,"href":"https:\/\/www.moskito.cz\/fr\/wp-json\/wp\/v2\/comments?post=346523"}],"wp:featuredmedia":[{"embeddable":true,"href":"https:\/\/www.moskito.cz\/fr\/wp-json\/wp\/v2\/media\/346479"}],"wp:attachment":[{"href":"https:\/\/www.moskito.cz\/fr\/wp-json\/wp\/v2\/media?parent=346523"}],"wp:term":[{"taxonomy":"pwb-brand","embeddable":true,"href":"https:\/\/www.moskito.cz\/fr\/wp-json\/wp\/v2\/pwb-brand?post=346523"},{"taxonomy":"product_brand","embeddable":true,"href":"https:\/\/www.moskito.cz\/fr\/wp-json\/wp\/v2\/product_brand?post=346523"},{"taxonomy":"product_cat","embeddable":true,"href":"https:\/\/www.moskito.cz\/fr\/wp-json\/wp\/v2\/product_cat?post=346523"},{"taxonomy":"product_tag","embeddable":true,"href":"https:\/\/www.moskito.cz\/fr\/wp-json\/wp\/v2\/product_tag?post=346523"}],"curies":[{"name":"wp","href":"https:\/\/api.w.org\/{rel}","templated":true}]}}