{"id":346563,"date":"2024-06-20T21:20:42","date_gmt":"2024-06-20T20:21:30","guid":{"rendered":"https:\/\/www.moskito.cz\/produkt\/couteau-de-tir-boker-plus-kalachnikov-dessert-warrior-blue-donut\/"},"modified":"2025-05-07T11:18:13","modified_gmt":"2025-05-07T10:18:13","slug":"couteau-de-tir-boker-plus-kalachnikov-dessert-warrior-blue-donut","status":"publish","type":"product","link":"https:\/\/www.moskito.cz\/fr\/produkt\/couteau-de-tir-boker-plus-kalachnikov-dessert-warrior-blue-donut\/","title":{"rendered":"Couteau de tir Boker Plus Kalachnikov Dessert Warrior Blue Donut"},"content":{"rendered":"<p>Couteau de tir <strong>Boker<\/strong> Plus Kalachnikov Dessert Warrior Blue Donut.<\/p>\n<p>Un couteau tactique \u00e0 dessert avec des rainures en caoutchouc textur\u00e9 sur un manche en aluminium textur\u00e9 noir pour une prise s\u00fbre. Lame bleue en acier inoxydable AUS-8 avec une bonne r\u00e9tention des bords. Le clip de poche est mont\u00e9 \u00e0 l\u2019arri\u00e8re du couteau afin qu\u2019il repose bas dans la poche. Trou pour cordon. Ouverture automatique par bouton poussoir et d\u00e9verrouillage pour fermer. Excellent couteau pour l&rsquo;argent. Livr\u00e9 neuf dans une bo\u00eete de style magazine AK-47.<\/p>\n<p>Avez-vous d\u00e9j\u00e0 eu le malheur de devoir partager un beignet ? Votre situation ne fait qu&#8217;empirer lorsque vous vous retrouvez oblig\u00e9 d&rsquo;enduire votre bijou de poche \u00e0 grande vitesse, \u00e0 faible tra\u00een\u00e9e, modifi\u00e9, personnalis\u00e9 et doubl\u00e9 de miroir d&rsquo;une douceur gluante. Ce dont vous avez besoin, c&rsquo;est d&rsquo;un couteau con\u00e7u d\u00e8s le d\u00e9part pour faire la guerre au beignet. Et bien que son chemin vers l\u2019existence ait \u00e9t\u00e9 peu orthodoxe, Dessert Warrior est l\u00e0 ! Ce distributeur automatique s&rsquo;ouvre avant que quiconque puisse prendre plus de sa moiti\u00e9 du beignet. Le manche est rose vif avec des p\u00e9pites et la lame a une finition bleue douce, de sorte que le couteau se fondra dans les jolies p\u00e2tisseries du magasin. Il est r\u00e9volu le temps o\u00f9 vous n&rsquo;aviez pas le bon outil pour le travail&nbsp;!<\/p>\n<p>Vous voulez ajouter une touche d&rsquo;\u00e9clat \u00e0 votre Kalachnikov ? D\u00e9couvrez ces \u00e9l\u00e9gants clips de poche Flytanium ! Ces clips de poche conviennent uniquement aux mod\u00e8les standards, pas aux mod\u00e8les Mini ou XXL.<\/p>\n<p><strong>Le Boker Kalachnikov<\/strong> est inspir\u00e9 du fusil Kalachnikov. Son manche est fa\u00e7onn\u00e9 pour s&rsquo;adapter parfaitement \u00e0 la main et promet une prise s\u00fbre avec des rainures en haut et en bas. Kalachnikov rend hommage \u00e0 son homonyme avec un design sur lequel vous pouvez compter.<\/p>\n<p>Mat\u00e9riau de la lame : acier inoxydable AUS-8<br \/>\nMat\u00e9riau du manche : Aluminium<br \/>\nStyle de lame&nbsp;:&nbsp;pointe de chute<br \/>\nFinition de la lame&nbsp;: Bead Blast<br \/>\nType de bord&nbsp;:&nbsp;Standard<br \/>\nMod\u00e8le\/Motif&nbsp;: Kalachnikov<br \/>\nType de couteau : Automatique<br \/>\nType de verrouillage&nbsp;: Verrouillage par bouton<br \/>\nLongueur de la lame : 8,12 cm<br \/>\nLongueur du manche : 10,75 cm<br \/>\nLongueur totale : 19,12 cm<br \/>\nPoids : 3,70 onces.<\/p>\n","protected":false},"excerpt":{"rendered":"<p><strong>Il y a longtemps, nos acheteurs ont contact\u00e9 Boker et ont command\u00e9 des couteaux Kalachnikov \u00ab\u00a0Desert Warrior\u00a0\u00bb. Quelque part dans la cha\u00eene de communication, il a re\u00e7u un \u00ab s \u00bb suppl\u00e9mentaire et s&rsquo;est retrouv\u00e9 sur le bureau du concepteur. Le r\u00e9sultat : Dessert Warrior. Et tu sais quoi? Nous ne nous plaignons pas !<\/strong><\/p>\n","protected":false},"featured_media":346528,"comment_status":"open","ping_status":"closed","template":"","meta":[],"pwb-brand":[3799],"product_brand":[],"product_cat":[3699,3696],"product_tag":[3754],"class_list":{"0":"post-346563","1":"product","2":"type-product","3":"status-publish","4":"has-post-thumbnail","6":"pwb-brand-boker-fr","7":"product_cat-couteaux-de-tir","8":"product_cat-des-couteaux","9":"product_tag-b2b-fr","11":"first","12":"outofstock","13":"taxable","14":"shipping-taxable","15":"purchasable","16":"product-type-simple"},"brands":[{"id":3799,"name":"Boker","slug":"boker-fr"}],"_links":{"self":[{"href":"https:\/\/www.moskito.cz\/fr\/wp-json\/wp\/v2\/product\/346563","targetHints":{"allow":["GET"]}}],"collection":[{"href":"https:\/\/www.moskito.cz\/fr\/wp-json\/wp\/v2\/product"}],"about":[{"href":"https:\/\/www.moskito.cz\/fr\/wp-json\/wp\/v2\/types\/product"}],"replies":[{"embeddable":true,"href":"https:\/\/www.moskito.cz\/fr\/wp-json\/wp\/v2\/comments?post=346563"}],"wp:featuredmedia":[{"embeddable":true,"href":"https:\/\/www.moskito.cz\/fr\/wp-json\/wp\/v2\/media\/346528"}],"wp:attachment":[{"href":"https:\/\/www.moskito.cz\/fr\/wp-json\/wp\/v2\/media?parent=346563"}],"wp:term":[{"taxonomy":"pwb-brand","embeddable":true,"href":"https:\/\/www.moskito.cz\/fr\/wp-json\/wp\/v2\/pwb-brand?post=346563"},{"taxonomy":"product_brand","embeddable":true,"href":"https:\/\/www.moskito.cz\/fr\/wp-json\/wp\/v2\/product_brand?post=346563"},{"taxonomy":"product_cat","embeddable":true,"href":"https:\/\/www.moskito.cz\/fr\/wp-json\/wp\/v2\/product_cat?post=346563"},{"taxonomy":"product_tag","embeddable":true,"href":"https:\/\/www.moskito.cz\/fr\/wp-json\/wp\/v2\/product_tag?post=346563"}],"curies":[{"name":"wp","href":"https:\/\/api.w.org\/{rel}","templated":true}]}}