{"id":346752,"date":"2024-06-21T09:38:50","date_gmt":"2024-06-21T08:38:50","guid":{"rendered":"https:\/\/www.moskito.cz\/produkt\/couteau-solide-sog-tech-bowie-noir\/"},"modified":"2025-05-07T11:18:16","modified_gmt":"2025-05-07T10:18:16","slug":"couteau-solide-sog-tech-bowie-noir","status":"publish","type":"product","link":"https:\/\/www.moskito.cz\/fr\/produkt\/couteau-solide-sog-tech-bowie-noir\/","title":{"rendered":"Couteau Solide SOG TECH BOWIE NOIR"},"content":{"rendered":"<p>Couteau Solide <strong>SOG<\/strong> TECH BOWIE NOIR.<\/p>\n<p>Pour ceux qui recherchent le style S <strong>OG Bowie<\/strong> avec une touche moderne, ne cherchez pas plus loin que le Tech Bowie. Gr\u00e2ce \u00e0 des technologies et des mat\u00e9riaux modernes, le Tech Bowie est devenu un couteau de travail de premier ordre. Toutes les pi\u00e8ces m\u00e9talliques, y compris la lame, la protection transversale et la t\u00eate, sont recouvertes d&rsquo;un rev\u00eatement TiNi noir massif. La poign\u00e9e tactile Kraton crumb ajoute une touche moderne aux coussinets en cuir traditionnels. La lame AUS-8 \u00e9paisse (0,24&Prime;) est finie avec le m\u00eame meulage de lame que <strong>le SOG Bowie<\/strong> . La garde transversale fa\u00e7onn\u00e9e, le meulage creux profond, les d\u00e9tails pr\u00e9cis et la pointe \u00e0 facettes sont des signatures <strong>SOG<\/strong> indubitables.<\/p>\n<p>Lame fixe grand format de la famille Bowie originale de SOG.<br \/>\nIl est dot\u00e9 d&rsquo;une lame int\u00e9grale en acier AUS-8 de qualit\u00e9, d&rsquo;un manche en caoutchouc textur\u00e9 avec une protection crois\u00e9e et un pommeau en acier inoxydable.<\/p>\n<p>Finition durable<\/p>\n<p>La lame, la garde et la t\u00eate sont recouvertes d&rsquo;un rev\u00eatement TiNi noir.<\/p>\n<p>Acier AUS-8<\/p>\n<p>La solide lame AUS-8 est finie avec le m\u00eame meulage de lame que le SOG Bowie.<\/p>\n<p>Manche Kraton<\/p>\n<p>La poign\u00e9e tactile en caoutchouc Kraton ajoute une touche moderne et une prise s\u00fbre.<\/p>\n<p>Longueur totale : 27,5 cm<br \/>\nPoids du produit : 11,20 onces<br \/>\nLongueur de la lame : 16 cm<br \/>\n\u00c9paisseur de la lame : <span id=\"cwos\" class=\"qv3Wpe\">0,6<\/span> cm<br \/>\nFamille de produits : Tech Bowie<br \/>\nType de produit : Lame fixe<br \/>\nTrou pour lani\u00e8re&nbsp;: Oui<br \/>\nCordon inclus : Oui<br \/>\nMat\u00e9riau du cordon&nbsp;: Nylon<br \/>\nFinition&nbsp;: TiNi noir dur<br \/>\nType de bord&nbsp;:&nbsp;droit<br \/>\nAcier&nbsp;:&nbsp;AUS-8<br \/>\nMat\u00e9riau du manche : Kraton<br \/>\nCouleur de la poign\u00e9e: noir<br \/>\nDuret\u00e9 : Rc. 57-58<br \/>\n\u00c9tui inclus : Oui<br \/>\nCouleur de la coque : Noir<br \/>\nType de fixation de la veste&nbsp;: Clip de ceinture<br \/>\nType de fermeture de la veste : bouton-pression<br \/>\nMat\u00e9riau de la coque&nbsp;: Nylon press\u00e9 dur<\/p>\n<p>&nbsp;<\/p>\n<p>&nbsp;<\/p>\n<p>&nbsp;<\/p>\n<p>&nbsp;<\/p>\n<p>&nbsp;<\/p>\n","protected":false},"excerpt":{"rendered":"<p><strong>Pour ceux qui recherchent le style SOG Bowie avec une touche moderne, ne cherchez pas plus loin que le Tech Bowie. Gr\u00e2ce \u00e0 des technologies et des mat\u00e9riaux modernes, le Tech Bowie est devenu un couteau de travail de premier ordre.<\/strong><\/p>\n<p><strong>Transports gratuits.<\/strong><\/p>\n","protected":false},"featured_media":346698,"comment_status":"open","ping_status":"closed","template":"","meta":[],"pwb-brand":[3849],"product_brand":[],"product_cat":[3697,3696],"product_tag":[3754],"class_list":{"0":"post-346752","1":"product","2":"type-product","3":"status-publish","4":"has-post-thumbnail","6":"pwb-brand-sog-fr","7":"product_cat-couteaux-solides","8":"product_cat-des-couteaux","9":"product_tag-b2b-fr","11":"first","12":"instock","13":"taxable","14":"shipping-taxable","15":"purchasable","16":"product-type-simple"},"brands":[{"id":3849,"name":"SOG","slug":"sog-fr"}],"_links":{"self":[{"href":"https:\/\/www.moskito.cz\/fr\/wp-json\/wp\/v2\/product\/346752","targetHints":{"allow":["GET"]}}],"collection":[{"href":"https:\/\/www.moskito.cz\/fr\/wp-json\/wp\/v2\/product"}],"about":[{"href":"https:\/\/www.moskito.cz\/fr\/wp-json\/wp\/v2\/types\/product"}],"replies":[{"embeddable":true,"href":"https:\/\/www.moskito.cz\/fr\/wp-json\/wp\/v2\/comments?post=346752"}],"wp:featuredmedia":[{"embeddable":true,"href":"https:\/\/www.moskito.cz\/fr\/wp-json\/wp\/v2\/media\/346698"}],"wp:attachment":[{"href":"https:\/\/www.moskito.cz\/fr\/wp-json\/wp\/v2\/media?parent=346752"}],"wp:term":[{"taxonomy":"pwb-brand","embeddable":true,"href":"https:\/\/www.moskito.cz\/fr\/wp-json\/wp\/v2\/pwb-brand?post=346752"},{"taxonomy":"product_brand","embeddable":true,"href":"https:\/\/www.moskito.cz\/fr\/wp-json\/wp\/v2\/product_brand?post=346752"},{"taxonomy":"product_cat","embeddable":true,"href":"https:\/\/www.moskito.cz\/fr\/wp-json\/wp\/v2\/product_cat?post=346752"},{"taxonomy":"product_tag","embeddable":true,"href":"https:\/\/www.moskito.cz\/fr\/wp-json\/wp\/v2\/product_tag?post=346752"}],"curies":[{"name":"wp","href":"https:\/\/api.w.org\/{rel}","templated":true}]}}