{"id":346785,"date":"2024-06-21T14:27:29","date_gmt":"2024-06-21T13:28:06","guid":{"rendered":"https:\/\/www.moskito.cz\/produkt\/couteau-de-lancer-muela-pro-80l-14\/"},"modified":"2024-06-21T14:28:06","modified_gmt":"2024-06-21T13:28:06","slug":"couteau-de-lancer-muela-pro-80l-14","status":"publish","type":"product","link":"https:\/\/www.moskito.cz\/fr\/produkt\/couteau-de-lancer-muela-pro-80l-14\/","title":{"rendered":"Couteau de lancer Muela PRO-80L-14"},"content":{"rendered":"<p>Couteau de lancer <strong>Muela<\/strong> PRO-80L-14.<\/p>\n<p><strong>PRO-THROW<\/strong> , un couteau de lancer (fl\u00e9chette) au design full tang de la c\u00e9l\u00e8bre soci\u00e9t\u00e9 espagnole <strong>Muela<\/strong> . Massif, parfaitement \u00e9quilibr\u00e9, id\u00e9al pour les professionnels et amateurs de lancer. L&rsquo;entra\u00eenement avec un couteau permet de d\u00e9velopper les habitudes d&rsquo;une bonne prise lors du lancer, d&rsquo;une \u00e9valuation rapide de la distance jusqu&rsquo;\u00e0 la cible et d&rsquo;une technique de lancer correcte. Fabriqu\u00e9 en acier inoxydable 420H durable, durci entre 54 et 58 HRC.<\/p>\n<p>\u00c9tui &#8211; en cuir noir naturel. Le fourreau est dot\u00e9 d&rsquo;une attache de ceinture permettant de porter le couteau en position verticale.<\/p>\n<p>Donn\u00e9es techniques:<br \/>\nNum\u00e9ro de produit : PRO-80L-14<br \/>\nNom : PRO-THROW<br \/>\nType d&rsquo;acier : 420H<br \/>\nDuret\u00e9 de la lame selon Rockwell : 54-58 HRC<br \/>\nLargeur de la lame : 3,6 cm \/ 1,42&Prime;<br \/>\n\u00c9paisseur de la lame : 0,45 cm \/ 0,18&Prime;<br \/>\nLongueur totale : 25 cm \/ 9,84&Prime;<br \/>\nPoids&nbsp;: 203 g \/ 7,16 oz<br \/>\nType de bord&nbsp;:&nbsp;Lisse<br \/>\nType de lame : Dague (poignard)<br \/>\nMat\u00e9riau du manche : Acier inoxydable<br \/>\nFourreau&nbsp;: Cuir<br \/>\nFabricant : Muela, Espagne<\/p>\n<p>&nbsp;<\/p>\n","protected":false},"excerpt":{"rendered":"<p><strong>PRO-THROW, un couteau de lancer (fl\u00e9chette) au design full tang de la c\u00e9l\u00e8bre soci\u00e9t\u00e9 espagnole Muela. Massif, parfaitement \u00e9quilibr\u00e9, id\u00e9al pour les professionnels et amateurs de lancer.<\/strong><\/p>\n","protected":false},"featured_media":346762,"comment_status":"open","ping_status":"closed","template":"","meta":[],"pwb-brand":[3909],"product_brand":[],"product_cat":[3698,3696],"product_tag":[],"class_list":{"0":"post-346785","1":"product","2":"type-product","3":"status-publish","4":"has-post-thumbnail","6":"pwb-brand-elle-a-du","7":"product_cat-lancer-des-couteaux","8":"product_cat-des-couteaux","10":"first","11":"outofstock","12":"taxable","13":"shipping-taxable","14":"purchasable","15":"product-type-simple"},"brands":[{"id":3909,"name":"Elle a d\u00fb","slug":"elle-a-du"}],"_links":{"self":[{"href":"https:\/\/www.moskito.cz\/fr\/wp-json\/wp\/v2\/product\/346785","targetHints":{"allow":["GET"]}}],"collection":[{"href":"https:\/\/www.moskito.cz\/fr\/wp-json\/wp\/v2\/product"}],"about":[{"href":"https:\/\/www.moskito.cz\/fr\/wp-json\/wp\/v2\/types\/product"}],"replies":[{"embeddable":true,"href":"https:\/\/www.moskito.cz\/fr\/wp-json\/wp\/v2\/comments?post=346785"}],"wp:featuredmedia":[{"embeddable":true,"href":"https:\/\/www.moskito.cz\/fr\/wp-json\/wp\/v2\/media\/346762"}],"wp:attachment":[{"href":"https:\/\/www.moskito.cz\/fr\/wp-json\/wp\/v2\/media?parent=346785"}],"wp:term":[{"taxonomy":"pwb-brand","embeddable":true,"href":"https:\/\/www.moskito.cz\/fr\/wp-json\/wp\/v2\/pwb-brand?post=346785"},{"taxonomy":"product_brand","embeddable":true,"href":"https:\/\/www.moskito.cz\/fr\/wp-json\/wp\/v2\/product_brand?post=346785"},{"taxonomy":"product_cat","embeddable":true,"href":"https:\/\/www.moskito.cz\/fr\/wp-json\/wp\/v2\/product_cat?post=346785"},{"taxonomy":"product_tag","embeddable":true,"href":"https:\/\/www.moskito.cz\/fr\/wp-json\/wp\/v2\/product_tag?post=346785"}],"curies":[{"name":"wp","href":"https:\/\/api.w.org\/{rel}","templated":true}]}}