{"id":346881,"date":"2024-06-21T15:07:51","date_gmt":"2024-06-21T14:08:55","guid":{"rendered":"https:\/\/www.moskito.cz\/produkt\/couteau-pliant-damas-muela-couteau-pliant-damas-pq-9dam\/"},"modified":"2025-05-07T11:18:20","modified_gmt":"2025-05-07T10:18:20","slug":"couteau-pliant-damas-muela-couteau-pliant-damas-pq-9dam","status":"publish","type":"product","link":"https:\/\/www.moskito.cz\/fr\/produkt\/couteau-pliant-damas-muela-couteau-pliant-damas-pq-9dam\/","title":{"rendered":"Couteau pliant Damas MUELA Couteau pliant Damas PQ-9DAM"},"content":{"rendered":"<p>Couteau pliant Damas <strong>MUELA<\/strong> Couteau pliant Damas PQ-9DAM.<\/p>\n<p>Le couteau artisanal espagnol Muela PQ-9DAM a une lame en acier inoxydable de Damas, forg\u00e9e \u00e0 l&rsquo;aide de deux types d&rsquo;acier de m\u00e9tallurgie des poudres (RWL34 et PMC27) et li\u00e9e \u00e0 1150\u00b0C et 1,00 atmosph\u00e8res de pression, ce processus rend l&rsquo;acier avec deux fois plus de r\u00e9sistance \u00e0 la d\u00e9chirure. et double \u00e9galement la r\u00e9sistance \u00e0 la fatigue, la ductilit\u00e9 et la r\u00e9sistance aux chocs en plus d&rsquo;une beaut\u00e9 exceptionnelle en gravure&nbsp;;<\/p>\n<p>Propri\u00e9t\u00e9s:<br \/>\n&#8211; Manche avec doublures en acier inoxydable et manche en Alpaga avec bandeau rouge.<br \/>\n&#8211; Manche en bois Granadillo.<br \/>\n&#8211; Livr\u00e9 dans un \u00e9tui avec un certificat Muela.<br \/>\n&#8211; Longueur de la lame : 10 cm.<br \/>\n&#8211; Longueur totale : 21,5 cm.<br \/>\n&#8211; Poids : 120 gr.<br \/>\n&#8211; Mat\u00e9riau de la lame : Acier inoxydable Damas (RWL34 et PMC27).<br \/>\n&#8211; Syst\u00e8me de blocage des pr\u00e9formes.<\/p>\n<p>&nbsp;<\/p>\n","protected":false},"excerpt":{"rendered":"<p><strong>Le couteau Muela PQ-9DAM, fabriqu\u00e9 \u00e0 la main en Espagne, poss\u00e8de une lame en acier inoxydable de Damas, forg\u00e9e \u00e0 l&rsquo;aide de deux types d&rsquo;acier de m\u00e9tallurgie des poudres.<\/strong><\/p>\n<p><strong>Transports gratuits.<\/strong><\/p>\n","protected":false},"featured_media":346867,"comment_status":"open","ping_status":"closed","template":"","meta":[],"pwb-brand":[3909],"product_brand":[],"product_cat":[3760,3696],"product_tag":[3754],"class_list":{"0":"post-346881","1":"product","2":"type-product","3":"status-publish","4":"has-post-thumbnail","6":"pwb-brand-elle-a-du","7":"product_cat-couteaux-damasquines","8":"product_cat-des-couteaux","9":"product_tag-b2b-fr","11":"first","12":"instock","13":"taxable","14":"shipping-taxable","15":"purchasable","16":"product-type-simple"},"brands":[{"id":3909,"name":"Elle a d\u00fb","slug":"elle-a-du"}],"_links":{"self":[{"href":"https:\/\/www.moskito.cz\/fr\/wp-json\/wp\/v2\/product\/346881","targetHints":{"allow":["GET"]}}],"collection":[{"href":"https:\/\/www.moskito.cz\/fr\/wp-json\/wp\/v2\/product"}],"about":[{"href":"https:\/\/www.moskito.cz\/fr\/wp-json\/wp\/v2\/types\/product"}],"replies":[{"embeddable":true,"href":"https:\/\/www.moskito.cz\/fr\/wp-json\/wp\/v2\/comments?post=346881"}],"wp:featuredmedia":[{"embeddable":true,"href":"https:\/\/www.moskito.cz\/fr\/wp-json\/wp\/v2\/media\/346867"}],"wp:attachment":[{"href":"https:\/\/www.moskito.cz\/fr\/wp-json\/wp\/v2\/media?parent=346881"}],"wp:term":[{"taxonomy":"pwb-brand","embeddable":true,"href":"https:\/\/www.moskito.cz\/fr\/wp-json\/wp\/v2\/pwb-brand?post=346881"},{"taxonomy":"product_brand","embeddable":true,"href":"https:\/\/www.moskito.cz\/fr\/wp-json\/wp\/v2\/product_brand?post=346881"},{"taxonomy":"product_cat","embeddable":true,"href":"https:\/\/www.moskito.cz\/fr\/wp-json\/wp\/v2\/product_cat?post=346881"},{"taxonomy":"product_tag","embeddable":true,"href":"https:\/\/www.moskito.cz\/fr\/wp-json\/wp\/v2\/product_tag?post=346881"}],"curies":[{"name":"wp","href":"https:\/\/api.w.org\/{rel}","templated":true}]}}