{"id":346918,"date":"2024-06-21T15:55:34","date_gmt":"2024-06-21T14:57:28","guid":{"rendered":"https:\/\/www.moskito.cz\/produkt\/couteau-de-fermeture-muela-gl-10coa\/"},"modified":"2024-06-21T15:57:28","modified_gmt":"2024-06-21T14:57:28","slug":"couteau-de-fermeture-muela-gl-10coa","status":"publish","type":"product","link":"https:\/\/www.moskito.cz\/fr\/produkt\/couteau-de-fermeture-muela-gl-10coa\/","title":{"rendered":"Couteau de fermeture Muela GL-10COA"},"content":{"rendered":"<p>Couteau de fermeture <strong>Muela<\/strong> GL-10COA.<\/p>\n<p>Les couteaux <strong>Muela<\/strong> sont produits par une entreprise espagnole qui produit des couteaux de chasse, des couteaux pliants, des couteaux de luxe et bien d&rsquo;autres \u00e0 des prix abordables et de haute qualit\u00e9. Dans la production de lames, l&rsquo;entreprise Muela utilise diff\u00e9rents types d&rsquo;acier, par ex. 12C27 Sandvik, 14C28N, aciers molybd\u00e8ne-vanadium MOVA 60 d&rsquo;une duret\u00e9 de 57-61 HRC, acier Inox 1-42 d&rsquo;une duret\u00e9 de 54-58HRC.<br \/>\nCouteau de poche GL-10COA de la soci\u00e9t\u00e9 espagnole Muela Manufacturas. Manche en bois de cocobolo combin\u00e9 \u00e0 des garnitures en argent. S\u00e9curit\u00e9 dorsale classique avec guidon \u00e0 l&rsquo;avant de la poign\u00e9e.<\/p>\n<p>Couleur de la lame : argent classique<br \/>\nManche : bois<br \/>\nClip: non<br \/>\nLongueur de la lame : 9,5 cm<br \/>\nLongueur du manche : 12 cm<br \/>\nLongueur totale : 21,5 cm<br \/>\nPoids du couteau : 195 g<\/p>\n<p>&nbsp;<\/p>\n","protected":false},"excerpt":{"rendered":"<p><strong>Les couteaux Muela sont produits par une entreprise espagnole qui produit des couteaux de chasse, des couteaux pliants, des couteaux de luxe et bien d&rsquo;autres \u00e0 des prix abordables et de haute qualit\u00e9.<\/strong><\/p>\n","protected":false},"featured_media":346911,"comment_status":"open","ping_status":"closed","template":"","meta":[],"pwb-brand":[3909],"product_brand":[],"product_cat":[3700,3696],"product_tag":[3754],"class_list":{"0":"post-346918","1":"product","2":"type-product","3":"status-publish","4":"has-post-thumbnail","6":"pwb-brand-elle-a-du","7":"product_cat-couteaux-de-fermeture","8":"product_cat-des-couteaux","9":"product_tag-b2b-fr","11":"first","12":"instock","13":"taxable","14":"shipping-taxable","15":"purchasable","16":"product-type-simple"},"brands":[{"id":3909,"name":"Elle a d\u00fb","slug":"elle-a-du"}],"_links":{"self":[{"href":"https:\/\/www.moskito.cz\/fr\/wp-json\/wp\/v2\/product\/346918","targetHints":{"allow":["GET"]}}],"collection":[{"href":"https:\/\/www.moskito.cz\/fr\/wp-json\/wp\/v2\/product"}],"about":[{"href":"https:\/\/www.moskito.cz\/fr\/wp-json\/wp\/v2\/types\/product"}],"replies":[{"embeddable":true,"href":"https:\/\/www.moskito.cz\/fr\/wp-json\/wp\/v2\/comments?post=346918"}],"wp:featuredmedia":[{"embeddable":true,"href":"https:\/\/www.moskito.cz\/fr\/wp-json\/wp\/v2\/media\/346911"}],"wp:attachment":[{"href":"https:\/\/www.moskito.cz\/fr\/wp-json\/wp\/v2\/media?parent=346918"}],"wp:term":[{"taxonomy":"pwb-brand","embeddable":true,"href":"https:\/\/www.moskito.cz\/fr\/wp-json\/wp\/v2\/pwb-brand?post=346918"},{"taxonomy":"product_brand","embeddable":true,"href":"https:\/\/www.moskito.cz\/fr\/wp-json\/wp\/v2\/product_brand?post=346918"},{"taxonomy":"product_cat","embeddable":true,"href":"https:\/\/www.moskito.cz\/fr\/wp-json\/wp\/v2\/product_cat?post=346918"},{"taxonomy":"product_tag","embeddable":true,"href":"https:\/\/www.moskito.cz\/fr\/wp-json\/wp\/v2\/product_tag?post=346918"}],"curies":[{"name":"wp","href":"https:\/\/api.w.org\/{rel}","templated":true}]}}