{"id":346951,"date":"2024-06-21T16:10:31","date_gmt":"2024-06-21T15:11:02","guid":{"rendered":"https:\/\/www.moskito.cz\/produkt\/couteau-de-fermeture-muela-gl-10gra\/"},"modified":"2025-05-07T11:18:23","modified_gmt":"2025-05-07T10:18:23","slug":"couteau-de-fermeture-muela-gl-10gra","status":"publish","type":"product","link":"https:\/\/www.moskito.cz\/fr\/produkt\/couteau-de-fermeture-muela-gl-10gra\/","title":{"rendered":"Couteau de fermeture Muela GL-10GRA"},"content":{"rendered":"<p>Couteau de fermeture <strong>Muela<\/strong> GL-10GRA.<\/p>\n<p>Couteau de poche GL-10GRA de la soci\u00e9t\u00e9 espagnole Muela Manufacturas. Manche en bois noir africain combin\u00e9 \u00e0 des garnitures en argent. S\u00e9curit\u00e9 dorsale classique avec guidon \u00e0 l&rsquo;arri\u00e8re de la poign\u00e9e \u00e0 l&rsquo;avant.<\/p>\n<p>Fabriqu\u00e9 \u00e0 : Ciudad Real (Espagne)<\/p>\n<p>&#8211; Fabricant : Muela<\/p>\n<p>&#8211; D\u00e9signation catalogue : GL-10GRA<\/p>\n<p>&#8211; Type de lame : Laguiole<\/p>\n<p>&#8211; Type d&rsquo;assurance : Lockback<\/p>\n<p>&#8211; Longueur de la lame : 9,5 cm<\/p>\n<p>&#8211; Longueur du manche : 12 cm<\/p>\n<p>&#8211; Longueur totale : 21,5 cm<\/p>\n<p>&#8211; Largeur maximale du godet&nbsp;:&nbsp;cm<\/p>\n<p>&#8211; \u00c9paisseur de la lame : 3 mm<\/p>\n<p>&#8211; Mat\u00e9riau de la lame : acier inoxydable molybd\u00e8ne-vanadium<\/p>\n<p>&#8211; Duret\u00e9 : 56\/58 HRc<\/p>\n<p>&#8211; Mat\u00e9riau du manche : Bois noir africain naturel.<\/p>\n<p>&#8211; Mat\u00e9riau des manches : Alpaga<\/p>\n<p>&#8211; Poids : 215 grammes<\/p>\n<p>&#8211; Extra : Poign\u00e9e avec doublure en maillechort.<\/p>\n<p>Le mat\u00e9riel utilis\u00e9 dans ce mod\u00e8le est compos\u00e9 \u00e0 18 % de maillechort.<\/p>\n<p>Une mouche traditionnelle sur une pointe de rasoir.<\/p>\n","protected":false},"excerpt":{"rendered":"<p><strong>Couteau de poche GL-10GRA de la soci\u00e9t\u00e9 espagnole Muela Manufacturas. Manche en bois noir africain combin\u00e9 \u00e0 des garnitures en argent.<\/strong><\/p>\n","protected":false},"featured_media":346927,"comment_status":"open","ping_status":"closed","template":"","meta":[],"pwb-brand":[3909],"product_brand":[],"product_cat":[3700,3696],"product_tag":[3754],"class_list":{"0":"post-346951","1":"product","2":"type-product","3":"status-publish","4":"has-post-thumbnail","6":"pwb-brand-elle-a-du","7":"product_cat-couteaux-de-fermeture","8":"product_cat-des-couteaux","9":"product_tag-b2b-fr","11":"first","12":"instock","13":"taxable","14":"shipping-taxable","15":"purchasable","16":"product-type-simple"},"brands":[{"id":3909,"name":"Elle a d\u00fb","slug":"elle-a-du"}],"_links":{"self":[{"href":"https:\/\/www.moskito.cz\/fr\/wp-json\/wp\/v2\/product\/346951","targetHints":{"allow":["GET"]}}],"collection":[{"href":"https:\/\/www.moskito.cz\/fr\/wp-json\/wp\/v2\/product"}],"about":[{"href":"https:\/\/www.moskito.cz\/fr\/wp-json\/wp\/v2\/types\/product"}],"replies":[{"embeddable":true,"href":"https:\/\/www.moskito.cz\/fr\/wp-json\/wp\/v2\/comments?post=346951"}],"wp:featuredmedia":[{"embeddable":true,"href":"https:\/\/www.moskito.cz\/fr\/wp-json\/wp\/v2\/media\/346927"}],"wp:attachment":[{"href":"https:\/\/www.moskito.cz\/fr\/wp-json\/wp\/v2\/media?parent=346951"}],"wp:term":[{"taxonomy":"pwb-brand","embeddable":true,"href":"https:\/\/www.moskito.cz\/fr\/wp-json\/wp\/v2\/pwb-brand?post=346951"},{"taxonomy":"product_brand","embeddable":true,"href":"https:\/\/www.moskito.cz\/fr\/wp-json\/wp\/v2\/product_brand?post=346951"},{"taxonomy":"product_cat","embeddable":true,"href":"https:\/\/www.moskito.cz\/fr\/wp-json\/wp\/v2\/product_cat?post=346951"},{"taxonomy":"product_tag","embeddable":true,"href":"https:\/\/www.moskito.cz\/fr\/wp-json\/wp\/v2\/product_tag?post=346951"}],"curies":[{"name":"wp","href":"https:\/\/api.w.org\/{rel}","templated":true}]}}