{"id":347043,"date":"2024-06-24T12:55:35","date_gmt":"2024-06-24T11:56:25","guid":{"rendered":"https:\/\/www.moskito.cz\/produkt\/couteau-de-fermeture-muela-gl-10nl\/"},"modified":"2025-05-07T11:18:29","modified_gmt":"2025-05-07T10:18:29","slug":"couteau-de-fermeture-muela-gl-10nl","status":"publish","type":"product","link":"https:\/\/www.moskito.cz\/fr\/produkt\/couteau-de-fermeture-muela-gl-10nl\/","title":{"rendered":"Couteau de fermeture Muela GL-10NL"},"content":{"rendered":"<p>Couteau de fermeture <strong>Muela<\/strong> GL-10NL.<\/p>\n<p>Manufacturas Muela, fabricant de couteaux artisanaux et de couteaux pliants, pr\u00e9sente au sein de la famille ARTISAN KNIVES.<\/p>\n<p>Couteau de poche en bois press\u00e9 de corail et manche en laiton avec serrure. \u00c9galement disponible en bois press\u00e9 vert, bois violet et bois noir (GL-10G, GL-10NL et GL-10M).<\/p>\n<p>Caract\u00e9ristiques:<\/p>\n<p>Longueur totale : 215 mm<br \/>\nLongueur de la lame : 95 mm<br \/>\nLongueur du manche : 120 mm<br \/>\nMat\u00e9riau de la lame : acier inoxydable au molybd\u00e8ne-vanadium<br \/>\nMat\u00e9riau du manche : bois lamell\u00e9<br \/>\nMat\u00e9riau du raccord : laiton<br \/>\nS\u00e9curit\u00e9&nbsp;: s\u00e9curit\u00e9 du dos<br \/>\nPoids : 195g<\/p>\n","protected":false},"excerpt":{"rendered":"<p><strong>Manufacturas Muela, fabricant de couteaux artisanaux et de couteaux pliants, pr\u00e9sente au sein de la famille ARTISAN KNIVES.<\/strong><\/p>\n","protected":false},"featured_media":347036,"comment_status":"open","ping_status":"closed","template":"","meta":[],"pwb-brand":[3909],"product_brand":[],"product_cat":[3700,3696],"product_tag":[3754],"class_list":{"0":"post-347043","1":"product","2":"type-product","3":"status-publish","4":"has-post-thumbnail","6":"pwb-brand-elle-a-du","7":"product_cat-couteaux-de-fermeture","8":"product_cat-des-couteaux","9":"product_tag-b2b-fr","11":"first","12":"instock","13":"taxable","14":"shipping-taxable","15":"purchasable","16":"product-type-simple"},"brands":[{"id":3909,"name":"Elle a d\u00fb","slug":"elle-a-du"}],"_links":{"self":[{"href":"https:\/\/www.moskito.cz\/fr\/wp-json\/wp\/v2\/product\/347043","targetHints":{"allow":["GET"]}}],"collection":[{"href":"https:\/\/www.moskito.cz\/fr\/wp-json\/wp\/v2\/product"}],"about":[{"href":"https:\/\/www.moskito.cz\/fr\/wp-json\/wp\/v2\/types\/product"}],"replies":[{"embeddable":true,"href":"https:\/\/www.moskito.cz\/fr\/wp-json\/wp\/v2\/comments?post=347043"}],"wp:featuredmedia":[{"embeddable":true,"href":"https:\/\/www.moskito.cz\/fr\/wp-json\/wp\/v2\/media\/347036"}],"wp:attachment":[{"href":"https:\/\/www.moskito.cz\/fr\/wp-json\/wp\/v2\/media?parent=347043"}],"wp:term":[{"taxonomy":"pwb-brand","embeddable":true,"href":"https:\/\/www.moskito.cz\/fr\/wp-json\/wp\/v2\/pwb-brand?post=347043"},{"taxonomy":"product_brand","embeddable":true,"href":"https:\/\/www.moskito.cz\/fr\/wp-json\/wp\/v2\/product_brand?post=347043"},{"taxonomy":"product_cat","embeddable":true,"href":"https:\/\/www.moskito.cz\/fr\/wp-json\/wp\/v2\/product_cat?post=347043"},{"taxonomy":"product_tag","embeddable":true,"href":"https:\/\/www.moskito.cz\/fr\/wp-json\/wp\/v2\/product_tag?post=347043"}],"curies":[{"name":"wp","href":"https:\/\/api.w.org\/{rel}","templated":true}]}}