{"id":347236,"date":"2024-06-24T15:32:50","date_gmt":"2024-06-24T14:33:37","guid":{"rendered":"https:\/\/www.moskito.cz\/produkt\/couteau-pliant-muela-avec-etui-pq-9r\/"},"modified":"2025-05-07T11:18:34","modified_gmt":"2025-05-07T10:18:34","slug":"couteau-pliant-muela-avec-etui-pq-9r","status":"publish","type":"product","link":"https:\/\/www.moskito.cz\/fr\/produkt\/couteau-pliant-muela-avec-etui-pq-9r\/","title":{"rendered":"Couteau pliant Muela avec \u00e9tui PQ-9R"},"content":{"rendered":"<p>Couteau pliant <strong>Muela<\/strong> avec \u00e9tui PQ-9R.<\/p>\n<p>Couteau de poche avec manche en bois PQ-9R &#8211; Muela<\/p>\n<p>Les couteaux de poche Muela sont consid\u00e9r\u00e9s comme les meilleurs couteaux de chasse et de finition de la coutellerie espagnole.<\/p>\n<p>Id\u00e9al pour la chasse, la p\u00eache, la survie, le bushcraft, le camping, la randonn\u00e9e, les activit\u00e9s de plein air et l&rsquo;alpinisme.<\/p>\n<p>Parfois, les produits re\u00e7us n&rsquo;auront pas le m\u00eame ton ou le m\u00eame dynamisme que les images car les mat\u00e9riaux naturels tels que les types de bois ou les cornes et bois d&rsquo;animaux peuvent varier. Veuillez prendre cela en consid\u00e9ration.<\/p>\n<p>Longueur : Couteau de poche 21 cm (lame 9,5 cm ; manche 11,5 cm)<br \/>\nLargeur : Couteau de poche 2 cm<br \/>\nHauteur : Couteau de poche 1,5 cm<br \/>\nPoids : Couteau de poche 102 g ; Coquille 20 g<\/p>\n<p>&nbsp;<\/p>\n","protected":false},"excerpt":{"rendered":"<p><strong>Id\u00e9al pour la chasse, la p\u00eache, la survie, le bushcraft, le camping, la randonn\u00e9e, les activit\u00e9s de plein air et l&rsquo;alpinisme.<\/strong><\/p>\n","protected":false},"featured_media":347213,"comment_status":"open","ping_status":"closed","template":"","meta":[],"pwb-brand":[3909],"product_brand":[],"product_cat":[3700,3696],"product_tag":[3754],"class_list":{"0":"post-347236","1":"product","2":"type-product","3":"status-publish","4":"has-post-thumbnail","6":"pwb-brand-elle-a-du","7":"product_cat-couteaux-de-fermeture","8":"product_cat-des-couteaux","9":"product_tag-b2b-fr","11":"first","12":"instock","13":"taxable","14":"shipping-taxable","15":"purchasable","16":"product-type-simple"},"brands":[{"id":3909,"name":"Elle a d\u00fb","slug":"elle-a-du"}],"_links":{"self":[{"href":"https:\/\/www.moskito.cz\/fr\/wp-json\/wp\/v2\/product\/347236","targetHints":{"allow":["GET"]}}],"collection":[{"href":"https:\/\/www.moskito.cz\/fr\/wp-json\/wp\/v2\/product"}],"about":[{"href":"https:\/\/www.moskito.cz\/fr\/wp-json\/wp\/v2\/types\/product"}],"replies":[{"embeddable":true,"href":"https:\/\/www.moskito.cz\/fr\/wp-json\/wp\/v2\/comments?post=347236"}],"wp:featuredmedia":[{"embeddable":true,"href":"https:\/\/www.moskito.cz\/fr\/wp-json\/wp\/v2\/media\/347213"}],"wp:attachment":[{"href":"https:\/\/www.moskito.cz\/fr\/wp-json\/wp\/v2\/media?parent=347236"}],"wp:term":[{"taxonomy":"pwb-brand","embeddable":true,"href":"https:\/\/www.moskito.cz\/fr\/wp-json\/wp\/v2\/pwb-brand?post=347236"},{"taxonomy":"product_brand","embeddable":true,"href":"https:\/\/www.moskito.cz\/fr\/wp-json\/wp\/v2\/product_brand?post=347236"},{"taxonomy":"product_cat","embeddable":true,"href":"https:\/\/www.moskito.cz\/fr\/wp-json\/wp\/v2\/product_cat?post=347236"},{"taxonomy":"product_tag","embeddable":true,"href":"https:\/\/www.moskito.cz\/fr\/wp-json\/wp\/v2\/product_tag?post=347236"}],"curies":[{"name":"wp","href":"https:\/\/api.w.org\/{rel}","templated":true}]}}