{"id":347333,"date":"2024-06-24T16:04:09","date_gmt":"2024-06-24T15:04:49","guid":{"rendered":"https:\/\/www.moskito.cz\/produkt\/couteau-pliant-muela-avec-etui-bx-8lr\/"},"modified":"2025-05-07T11:18:37","modified_gmt":"2025-05-07T10:18:37","slug":"couteau-pliant-muela-avec-etui-bx-8lr","status":"publish","type":"product","link":"https:\/\/www.moskito.cz\/fr\/produkt\/couteau-pliant-muela-avec-etui-bx-8lr\/","title":{"rendered":"Couteau pliant Muela avec \u00e9tui BX-8LR"},"content":{"rendered":"<p>Couteau pliant <strong>Muela<\/strong> avec \u00e9tui BX-8LR.<\/p>\n<p><strong>Le couteau de poche Muela Folding Knife Type BX-8LR<\/strong> est un excellent couteau de poche, tr\u00e8s pratique \u00e0 utiliser et fabriqu\u00e9 avec des mat\u00e9riaux sp\u00e9ciaux comme le bois de corail press\u00e9. Le couteau de poche est un accessoire extr\u00eamement polyvalent, avec une plus grande portabilit\u00e9 et une ouverture rapide de la lame, id\u00e9al pour une vari\u00e9t\u00e9 de contextes avec de nombreuses utilisations, y compris la survie. Ils sont pliables, ce qui rend le transport facile et s\u00fbr car la lame est prot\u00e9g\u00e9e.<\/p>\n<p>Le manche du couteau de poche Muela BX-8LR est en bois de corail press\u00e9, un mat\u00e9riau naturel et r\u00e9sineux, expos\u00e9 \u00e0 des pressions et des temp\u00e9ratures \u00e9lev\u00e9es. Cela rend le bois plus dense, plus dur et plus durable.<br \/>\neau. Le bois de rose est un bois consid\u00e9r\u00e9 comme luxueux et rare, tr\u00e8s r\u00e9sistant et naturellement r\u00e9sistant.<\/p>\n<p>Sa lame est en X50CrMoV15 \u00ab\u00a0MOVA\u00a0\u00bb (1.4116), le mat\u00e9riau classique des couteaux et couteaux de poche <strong>Muela<\/strong> , qui est une excellente combinaison de molybd\u00e8ne et de vanadium, formant un acier avec une excellente duret\u00e9 et r\u00e9sistance \u00e0 la corrosion.<\/p>\n<p>Muela produit des couteaux, couteaux de poche et rasoirs exclusifs depuis 1950 en Espagne et est une r\u00e9f\u00e9rence en mati\u00e8re de coutellerie dans le monde entier. Gr\u00e2ce \u00e0 des mat\u00e9riaux sp\u00e9cialement s\u00e9lectionn\u00e9s tels que l&rsquo;acier martensitique utilis\u00e9 dans les lames et les bois de cerf utilis\u00e9s dans certains mod\u00e8les, ils sont fa\u00e7onn\u00e9s et finis avec un excellent travail qui allie des machines modernes \u00e0 une m\u00e9thode artisanale. Tous les produits passent par des coupeurs exp\u00e9riment\u00e9s, qui fabriquent et ajustent avec pr\u00e9cision, aff\u00fbtent, polissent et inspectent chaque pi\u00e8ce avec un contr\u00f4le de qualit\u00e9 exigeant.<\/p>\n<p>Description technique:<\/p>\n<p>Marque : Muela<\/p>\n<p>Mod\u00e8le : couteau de poche BX-8LR<\/p>\n<p>Mat\u00e9riau du manche : Bois de corail press\u00e9<\/p>\n<p>Mat\u00e9riau de la lame : 1.4116<\/p>\n<p>Longueur de la lame : 8,5 cm<\/p>\n<p>Longueur du manche : 10 cm<\/p>\n<p>Duret\u00e9 de l&rsquo;acier : 56 &#8211; 58 HRC<\/p>\n<p>Poids : 90g<\/p>\n<p>&nbsp;<\/p>\n<p>&nbsp;<\/p>\n<p>&nbsp;<\/p>\n","protected":false},"excerpt":{"rendered":"<p><strong>Le couteau de poche Muela Folding Knife Type BX-8LR est un excellent couteau de poche, tr\u00e8s pratique \u00e0 utiliser et fabriqu\u00e9 avec des mat\u00e9riaux sp\u00e9ciaux comme le bois de corail press\u00e9. Le couteau de poche est un accessoire extr\u00eamement polyvalent, avec une plus grande portabilit\u00e9 et une ouverture rapide de la lame, id\u00e9al pour une vari\u00e9t\u00e9 de contextes avec de nombreuses utilisations, y compris la survie.<\/strong><\/p>\n","protected":false},"featured_media":347294,"comment_status":"open","ping_status":"closed","template":"","meta":[],"pwb-brand":[3909],"product_brand":[],"product_cat":[3700,3696],"product_tag":[3754],"class_list":{"0":"post-347333","1":"product","2":"type-product","3":"status-publish","4":"has-post-thumbnail","6":"pwb-brand-elle-a-du","7":"product_cat-couteaux-de-fermeture","8":"product_cat-des-couteaux","9":"product_tag-b2b-fr","11":"first","12":"outofstock","13":"taxable","14":"shipping-taxable","15":"purchasable","16":"product-type-simple"},"brands":[{"id":3909,"name":"Elle a d\u00fb","slug":"elle-a-du"}],"_links":{"self":[{"href":"https:\/\/www.moskito.cz\/fr\/wp-json\/wp\/v2\/product\/347333","targetHints":{"allow":["GET"]}}],"collection":[{"href":"https:\/\/www.moskito.cz\/fr\/wp-json\/wp\/v2\/product"}],"about":[{"href":"https:\/\/www.moskito.cz\/fr\/wp-json\/wp\/v2\/types\/product"}],"replies":[{"embeddable":true,"href":"https:\/\/www.moskito.cz\/fr\/wp-json\/wp\/v2\/comments?post=347333"}],"wp:featuredmedia":[{"embeddable":true,"href":"https:\/\/www.moskito.cz\/fr\/wp-json\/wp\/v2\/media\/347294"}],"wp:attachment":[{"href":"https:\/\/www.moskito.cz\/fr\/wp-json\/wp\/v2\/media?parent=347333"}],"wp:term":[{"taxonomy":"pwb-brand","embeddable":true,"href":"https:\/\/www.moskito.cz\/fr\/wp-json\/wp\/v2\/pwb-brand?post=347333"},{"taxonomy":"product_brand","embeddable":true,"href":"https:\/\/www.moskito.cz\/fr\/wp-json\/wp\/v2\/product_brand?post=347333"},{"taxonomy":"product_cat","embeddable":true,"href":"https:\/\/www.moskito.cz\/fr\/wp-json\/wp\/v2\/product_cat?post=347333"},{"taxonomy":"product_tag","embeddable":true,"href":"https:\/\/www.moskito.cz\/fr\/wp-json\/wp\/v2\/product_tag?post=347333"}],"curies":[{"name":"wp","href":"https:\/\/api.w.org\/{rel}","templated":true}]}}