{"id":347501,"date":"2024-06-24T18:17:04","date_gmt":"2024-06-24T17:17:55","guid":{"rendered":"https:\/\/www.moskito.cz\/produkt\/couteau-de-tir-microtech-combat-troodon-interceptor-gen-iii-signature-series-apocalyptic-1217-10aps\/"},"modified":"2025-05-07T11:18:41","modified_gmt":"2025-05-07T10:18:41","slug":"couteau-de-tir-microtech-combat-troodon-interceptor-gen-iii-signature-series-apocalyptic-1217-10aps","status":"publish","type":"product","link":"https:\/\/www.moskito.cz\/fr\/produkt\/couteau-de-tir-microtech-combat-troodon-interceptor-gen-iii-signature-series-apocalyptic-1217-10aps\/","title":{"rendered":"Couteau de tir MICROTECH COMBAT TROODON INTERCEPTOR GEN III SIGNATURE SERIES APOCALYPTIC 1217-10APS"},"content":{"rendered":"<p>Couteau de tir <strong>MICROTECH<\/strong> COMBAT TROODON INTERCEPTOR GEN III SIGNATURE SERIES APOCALYPTIC 1217-10APS.<\/p>\n<p>Le tout nouveau Combat <strong>Troodon Gen III<\/strong> de Microtech Knives est l\u00e0 ! Avec poign\u00e9e nouvellement con\u00e7ue avec brise-verre int\u00e9gr\u00e9 et clip de poche \u00e0 bille en c\u00e9ramique de titane. Gr\u00e2ce au nouveau syst\u00e8me d&rsquo;entra\u00eenement OTF, ces couteaux sont les plus doux jamais produits par Microtech. Ouverture et fermeture extr\u00eamement douces\/faciles. Le nouveau commutateur repose d\u00e9sormais sur une plate-forme frais\u00e9e, ce qui aide \u00e0 briser les peluches\/d\u00e9bris de poche et r\u00e9duit la friction, augmentant ainsi sa fiabilit\u00e9 et r\u00e9duisant la fr\u00e9quence de nettoyage. La poign\u00e9e est d\u00e9sormais dot\u00e9e de vis Torx pour un retrait et un nettoyage faciles. Ces mod\u00e8les sont enti\u00e8rement repens\u00e9s et sauront plaire \u00e0 coup s\u00fbr !<\/p>\n<p>Longueur de la lame : 9,37 cm<\/p>\n<p>Acier de la lame : M390MK<\/p>\n<p>Mat\u00e9riau du manche : aluminium<\/p>\n<p>Longueur totale : 23,5 cm<\/p>\n<p>Poids : 5 onces<\/p>\n<p>Style de lame&nbsp;: Intercepteur<\/p>\n<p>Meulage de la lame&nbsp;:&nbsp;Plat<\/p>\n<p>Style de bordure&nbsp;:&nbsp;Standard<\/p>\n<p>Finition de la lame : Apocalyptique<\/p>\n<p>Couleur de la poign\u00e9e: noir<\/p>\n<p><iframe title=\"Microtech Combat Troodon Torture Test\" width=\"800\" height=\"450\" src=\"https:\/\/www.youtube.com\/embed\/xE9TeOFYEjg?feature=oembed\" frameborder=\"0\" allow=\"accelerometer; autoplay; clipboard-write; encrypted-media; gyroscope; picture-in-picture; web-share\" referrerpolicy=\"strict-origin-when-cross-origin\" allowfullscreen><\/iframe><\/p>\n<p>&nbsp;<\/p>\n","protected":false},"excerpt":{"rendered":"<p><strong>Au fil des ann\u00e9es, Microtech\u00ae Knives a rempli les couteaux avec passion et comp\u00e9tence pour cr\u00e9er presque des \u0153uvres d&rsquo;art qui sont le summum de la fonctionnalit\u00e9. Toutes les pi\u00e8ces sont fabriqu\u00e9es aux \u00c9tats-Unis.<\/strong><br \/>\n <strong>Tous les couteaux Microtech sont garantis \u00e0 vie.<\/strong><\/p>\n<p> <strong>Livraison gratuite.<\/strong><\/p>\n","protected":false},"featured_media":347465,"comment_status":"open","ping_status":"closed","template":"","meta":[],"pwb-brand":[3751],"product_brand":[],"product_cat":[3699,3696],"product_tag":[3754],"class_list":{"0":"post-347501","1":"product","2":"type-product","3":"status-publish","4":"has-post-thumbnail","6":"pwb-brand-microtechnologie","7":"product_cat-couteaux-de-tir","8":"product_cat-des-couteaux","9":"product_tag-b2b-fr","11":"first","12":"outofstock","13":"taxable","14":"shipping-taxable","15":"purchasable","16":"product-type-simple"},"brands":[{"id":3751,"name":"Microtechnologie","slug":"microtechnologie"}],"_links":{"self":[{"href":"https:\/\/www.moskito.cz\/fr\/wp-json\/wp\/v2\/product\/347501","targetHints":{"allow":["GET"]}}],"collection":[{"href":"https:\/\/www.moskito.cz\/fr\/wp-json\/wp\/v2\/product"}],"about":[{"href":"https:\/\/www.moskito.cz\/fr\/wp-json\/wp\/v2\/types\/product"}],"replies":[{"embeddable":true,"href":"https:\/\/www.moskito.cz\/fr\/wp-json\/wp\/v2\/comments?post=347501"}],"wp:featuredmedia":[{"embeddable":true,"href":"https:\/\/www.moskito.cz\/fr\/wp-json\/wp\/v2\/media\/347465"}],"wp:attachment":[{"href":"https:\/\/www.moskito.cz\/fr\/wp-json\/wp\/v2\/media?parent=347501"}],"wp:term":[{"taxonomy":"pwb-brand","embeddable":true,"href":"https:\/\/www.moskito.cz\/fr\/wp-json\/wp\/v2\/pwb-brand?post=347501"},{"taxonomy":"product_brand","embeddable":true,"href":"https:\/\/www.moskito.cz\/fr\/wp-json\/wp\/v2\/product_brand?post=347501"},{"taxonomy":"product_cat","embeddable":true,"href":"https:\/\/www.moskito.cz\/fr\/wp-json\/wp\/v2\/product_cat?post=347501"},{"taxonomy":"product_tag","embeddable":true,"href":"https:\/\/www.moskito.cz\/fr\/wp-json\/wp\/v2\/product_tag?post=347501"}],"curies":[{"name":"wp","href":"https:\/\/api.w.org\/{rel}","templated":true}]}}