{"id":347871,"date":"2024-06-26T12:49:17","date_gmt":"2024-06-26T13:16:33","guid":{"rendered":"https:\/\/www.moskito.cz\/produkt\/couteau-fixe-muela-lm-8r\/"},"modified":"2025-05-07T11:18:52","modified_gmt":"2025-05-07T10:18:52","slug":"couteau-fixe-muela-lm-8r","status":"publish","type":"product","link":"https:\/\/www.moskito.cz\/fr\/produkt\/couteau-fixe-muela-lm-8r\/","title":{"rendered":"Couteau fixe Muela LM-8R"},"content":{"rendered":"<p>Couteau fixe <strong>Muela<\/strong> LM-8R.<\/p>\n<p>Couteau fixe avec \u00e9tui.<\/p>\n<p>LAME EN ACIER MoVa Acier inoxydable<\/p>\n<p>MAT\u00c9RIAU DU POIGN\u00c9E Bois<\/p>\n<p>LONGUEUR DE LA LAME 8,5 cm<\/p>\n<p>LONGUEUR TOTALE 19 cm<\/p>\n<p>POIDS 89 g<\/p>\n<p>\u00c9TUI Cuir<\/p>\n<p>ORIGINE Fabriqu\u00e9 en Espagne<\/p>\n<p>&nbsp;<\/p>\n","protected":false},"excerpt":{"rendered":"<p><strong>Couteau Lm8r neuf, acier Mova, manche en bois de corail, tout d&rsquo;une seule pi\u00e8ce, rivet\u00e9, couteau livr\u00e9 avec un \u00e9tui en cuir.<\/strong><\/p>\n<p>&nbsp;<\/p>\n","protected":false},"featured_media":347843,"comment_status":"open","ping_status":"closed","template":"","meta":[],"pwb-brand":[3909],"product_brand":[],"product_cat":[3697,3696],"product_tag":[3754],"class_list":{"0":"post-347871","1":"product","2":"type-product","3":"status-publish","4":"has-post-thumbnail","6":"pwb-brand-elle-a-du","7":"product_cat-couteaux-solides","8":"product_cat-des-couteaux","9":"product_tag-b2b-fr","11":"first","12":"instock","13":"taxable","14":"shipping-taxable","15":"purchasable","16":"product-type-simple"},"brands":[{"id":3909,"name":"Elle a d\u00fb","slug":"elle-a-du"}],"_links":{"self":[{"href":"https:\/\/www.moskito.cz\/fr\/wp-json\/wp\/v2\/product\/347871","targetHints":{"allow":["GET"]}}],"collection":[{"href":"https:\/\/www.moskito.cz\/fr\/wp-json\/wp\/v2\/product"}],"about":[{"href":"https:\/\/www.moskito.cz\/fr\/wp-json\/wp\/v2\/types\/product"}],"replies":[{"embeddable":true,"href":"https:\/\/www.moskito.cz\/fr\/wp-json\/wp\/v2\/comments?post=347871"}],"wp:featuredmedia":[{"embeddable":true,"href":"https:\/\/www.moskito.cz\/fr\/wp-json\/wp\/v2\/media\/347843"}],"wp:attachment":[{"href":"https:\/\/www.moskito.cz\/fr\/wp-json\/wp\/v2\/media?parent=347871"}],"wp:term":[{"taxonomy":"pwb-brand","embeddable":true,"href":"https:\/\/www.moskito.cz\/fr\/wp-json\/wp\/v2\/pwb-brand?post=347871"},{"taxonomy":"product_brand","embeddable":true,"href":"https:\/\/www.moskito.cz\/fr\/wp-json\/wp\/v2\/product_brand?post=347871"},{"taxonomy":"product_cat","embeddable":true,"href":"https:\/\/www.moskito.cz\/fr\/wp-json\/wp\/v2\/product_cat?post=347871"},{"taxonomy":"product_tag","embeddable":true,"href":"https:\/\/www.moskito.cz\/fr\/wp-json\/wp\/v2\/product_tag?post=347871"}],"curies":[{"name":"wp","href":"https:\/\/api.w.org\/{rel}","templated":true}]}}