{"id":347906,"date":"2024-06-26T14:25:14","date_gmt":"2024-06-26T13:26:26","guid":{"rendered":"https:\/\/www.moskito.cz\/produkt\/couteau-fixe-muela-terrier-9g\/"},"modified":"2025-05-07T11:18:52","modified_gmt":"2025-05-07T10:18:52","slug":"couteau-fixe-muela-terrier-9g","status":"publish","type":"product","link":"https:\/\/www.moskito.cz\/fr\/produkt\/couteau-fixe-muela-terrier-9g\/","title":{"rendered":"Couteau Fixe Muela TERRIER-9G"},"content":{"rendered":"<p>Couteau fixe <strong>Muela<\/strong> TERRIER-9G.<\/p>\n<p>Le populaire couteau de chasse de Muel est d\u00e9sormais disponible dans une version avec un manche en Micarta vert-jaune. La lame du renifleur Terrier-9G est compos\u00e9e d&rsquo;acier au carbone nitro-42, qui combine un degr\u00e9 extraordinaire de duret\u00e9 avec une haute r\u00e9sistance \u00e0 la corrosion. Le fourreau en cuir attach\u00e9 compl\u00e8te classiquement le couteau.<\/p>\n<p>Longueur totale : 18,90 cm<br \/>\nLongueur de la lame : 8,80 cm<br \/>\n\u00c9paisseur de la lame : 0,38 cm<br \/>\nPoids : 122,00 g<br \/>\nMat\u00e9riau de la lame : Nitro-42<br \/>\nMat\u00e9riau du manche : Micarta<br \/>\nLa couleur verte<br \/>\nCouleur de la lame&nbsp;:&nbsp;Non rev\u00eatu<br \/>\nMat\u00e9riau de la gaine : cuir<\/p>\n<p>&nbsp;<\/p>\n","protected":false},"excerpt":{"rendered":"<p><strong>Le Muela TERRIER-9G a une construction durable adapt\u00e9e aux t\u00e2ches exigeantes sur le terrain. Il est parfait pour les petits travaux de chasse et les activit\u00e9s de plein air en g\u00e9n\u00e9ral.<\/strong><\/p>\n","protected":false},"featured_media":347883,"comment_status":"open","ping_status":"closed","template":"","meta":[],"pwb-brand":[3909],"product_brand":[],"product_cat":[3697,3696],"product_tag":[3754],"class_list":{"0":"post-347906","1":"product","2":"type-product","3":"status-publish","4":"has-post-thumbnail","6":"pwb-brand-elle-a-du","7":"product_cat-couteaux-solides","8":"product_cat-des-couteaux","9":"product_tag-b2b-fr","11":"first","12":"instock","13":"taxable","14":"shipping-taxable","15":"purchasable","16":"product-type-simple"},"brands":[{"id":3909,"name":"Elle a d\u00fb","slug":"elle-a-du"}],"_links":{"self":[{"href":"https:\/\/www.moskito.cz\/fr\/wp-json\/wp\/v2\/product\/347906","targetHints":{"allow":["GET"]}}],"collection":[{"href":"https:\/\/www.moskito.cz\/fr\/wp-json\/wp\/v2\/product"}],"about":[{"href":"https:\/\/www.moskito.cz\/fr\/wp-json\/wp\/v2\/types\/product"}],"replies":[{"embeddable":true,"href":"https:\/\/www.moskito.cz\/fr\/wp-json\/wp\/v2\/comments?post=347906"}],"wp:featuredmedia":[{"embeddable":true,"href":"https:\/\/www.moskito.cz\/fr\/wp-json\/wp\/v2\/media\/347883"}],"wp:attachment":[{"href":"https:\/\/www.moskito.cz\/fr\/wp-json\/wp\/v2\/media?parent=347906"}],"wp:term":[{"taxonomy":"pwb-brand","embeddable":true,"href":"https:\/\/www.moskito.cz\/fr\/wp-json\/wp\/v2\/pwb-brand?post=347906"},{"taxonomy":"product_brand","embeddable":true,"href":"https:\/\/www.moskito.cz\/fr\/wp-json\/wp\/v2\/product_brand?post=347906"},{"taxonomy":"product_cat","embeddable":true,"href":"https:\/\/www.moskito.cz\/fr\/wp-json\/wp\/v2\/product_cat?post=347906"},{"taxonomy":"product_tag","embeddable":true,"href":"https:\/\/www.moskito.cz\/fr\/wp-json\/wp\/v2\/product_tag?post=347906"}],"curies":[{"name":"wp","href":"https:\/\/api.w.org\/{rel}","templated":true}]}}