{"id":347930,"date":"2024-06-26T14:45:49","date_gmt":"2024-06-26T13:46:59","guid":{"rendered":"https:\/\/www.moskito.cz\/produkt\/couteau-de-fermeture-muela-crusader-13m-n-k\/"},"modified":"2025-05-07T11:18:53","modified_gmt":"2025-05-07T10:18:53","slug":"couteau-de-fermeture-muela-crusader-13m-n-k","status":"publish","type":"product","link":"https:\/\/www.moskito.cz\/fr\/produkt\/couteau-de-fermeture-muela-crusader-13m-n-k\/","title":{"rendered":"Couteau de fermeture Muela CRUSADER-13M.N\/K"},"content":{"rendered":"<p>Couteau de fermeture <strong>Muela<\/strong> CRUSADER-13M.N\/K<\/p>\n<p><strong>Crusader Black<\/strong> Micarta, Black Blade, grand couteau tactique\/survie durable. Parfaitement \u00e9quilibr\u00e9 avec une lame enti\u00e8rement en acier inoxydable, il offre des performances de coupe exceptionnelles. Un outil qui fonctionnera bien dans une grande vari\u00e9t\u00e9 d\u2019applications&nbsp;!<\/p>\n<p>1.4116, X50CrMoV15 &#8211; acier au molybd\u00e8ne vanadium utilis\u00e9 pour les couteaux, couverts et instruments chirurgicaux haut de gamme. Il se caract\u00e9rise par une duret\u00e9 relativement \u00e9lev\u00e9e comme les aciers inoxydables. R\u00e9sistant \u00e0 la corrosion dans les conditions de cuisine. C&rsquo;est une alternative recommand\u00e9e au mat\u00e9riau 1.4034 \/ X46Cr13 \/ 4H13. La composition chimique est enrichie de chrome, de molybd\u00e8ne et de vanadium.<\/p>\n<p>Lame &#8211; extr\u00eamement tranchante en forme de Drop Point, id\u00e9ale pour la survie et la chasse. La lame Plain est d\u00e9riv\u00e9e de Hollow Grind, qui offre une excellente g\u00e9om\u00e9trie de lame et des performances de coupe extr\u00eames. Une fausse lame au dos de la lame augmente les capacit\u00e9s de coupe du couteau. L&rsquo;ensemble de la lame est recouvert d&rsquo;une couche antireflet noire \u00e0 base de T\u00e9flon. La grande poign\u00e9e inf\u00e9rieure emp\u00eache la main de glisser sur la lame. Au dos du coin de jimping sup\u00e9rieur, un repose-pouce dentel\u00e9.<\/p>\n<p>Poign\u00e9e &#8211; en Micarta, toile press\u00e9e sous pression avec r\u00e9sine synth\u00e9tique. Surface de doublure textur\u00e9e pour une prise confortable. La poign\u00e9e \u00e9tait boulonn\u00e9e directement au tango, ce qui rendait l&rsquo;ensemble de la structure tr\u00e8s rigide et durable. La rainure pour les doigts avant am\u00e9liore l&rsquo;ergonomie de la poign\u00e9e. Dans la partie sup\u00e9rieure du Lanyard Hole, une ouverture pour enfiler une longe de s\u00e9curit\u00e9 ou d\u00e9corative.<br \/>\nFourreau &#8211; Kydex.<\/p>\n<p>Le Groupe Muela est actuellement l&rsquo;une des entreprises leaders dans le domaine des couteaux de chasse artisanaux, tant en Espagne que dans le monde, et ses couteaux et couteaux de poche sont tr\u00e8s appr\u00e9ci\u00e9s pour leur qualit\u00e9 sup\u00e9rieure de fabrication.<\/p>\n<p>Donn\u00e9es techniques:<\/p>\n<p>Longueur totale : 25 cm \/ 9,84&Prime;<br \/>\nLongueur de la lame : 12,5 cm \/ 4,92&Prime;<br \/>\nLongueur du manche : 12,5 cm \/ 4,92&Prime;<br \/>\n\u00c9paisseur de la lame : 0,45 cm \/ 0,18&Prime;<br \/>\n\u00c9paisseur du manche&nbsp;: n.d<br \/>\nPoids&nbsp;: 293,0 g \/ 10,3 oz<\/p>\n<p>Mat\u00e9riau de la lame&nbsp;: X50CrMoV15<br \/>\nDuret\u00e9 de la lame&nbsp;: n.d<br \/>\nMeulage de la lame&nbsp;: creux<br \/>\nTraitement de surface de la lame&nbsp;: rev\u00eatement PTFE noir<\/p>\n<p>Mat\u00e9riau du manche : Micarta<br \/>\nCouleur finition poign\u00e9e : Noir<\/p>\n<p>Fourreau (\u00e9tui)&nbsp;: Kydex<br \/>\nAccessoires Accessoires&nbsp;: Paracorde rouge<\/p>\n<p>Cr\u00e9ateur : Muela<br \/>\nNom de la marque: Muela<br \/>\nFabricant : Manufacturas Muela, SA, Espagne<br \/>\nPays d&rsquo;origine : Espagne<\/p>\n<p>&nbsp;<\/p>\n","protected":false},"excerpt":{"rendered":"<p><strong>Crusader Black Micarta, Black Blade, grand couteau tactique\/survie durable. Parfaitement \u00e9quilibr\u00e9 avec une lame enti\u00e8rement en acier inoxydable, il offre des performances de coupe exceptionnelles. Un outil qui fonctionnera bien dans une grande vari\u00e9t\u00e9 d\u2019applications&nbsp;!<\/strong><\/p>\n<p><strong>Transports gratuits.<\/strong><\/p>\n","protected":false},"featured_media":347915,"comment_status":"open","ping_status":"closed","template":"","meta":[],"pwb-brand":[3909],"product_brand":[],"product_cat":[3697,3696],"product_tag":[],"class_list":{"0":"post-347930","1":"product","2":"type-product","3":"status-publish","4":"has-post-thumbnail","6":"pwb-brand-elle-a-du","7":"product_cat-couteaux-solides","8":"product_cat-des-couteaux","10":"first","11":"instock","12":"taxable","13":"shipping-taxable","14":"purchasable","15":"product-type-simple"},"brands":[{"id":3909,"name":"Elle a d\u00fb","slug":"elle-a-du"}],"_links":{"self":[{"href":"https:\/\/www.moskito.cz\/fr\/wp-json\/wp\/v2\/product\/347930","targetHints":{"allow":["GET"]}}],"collection":[{"href":"https:\/\/www.moskito.cz\/fr\/wp-json\/wp\/v2\/product"}],"about":[{"href":"https:\/\/www.moskito.cz\/fr\/wp-json\/wp\/v2\/types\/product"}],"replies":[{"embeddable":true,"href":"https:\/\/www.moskito.cz\/fr\/wp-json\/wp\/v2\/comments?post=347930"}],"wp:featuredmedia":[{"embeddable":true,"href":"https:\/\/www.moskito.cz\/fr\/wp-json\/wp\/v2\/media\/347915"}],"wp:attachment":[{"href":"https:\/\/www.moskito.cz\/fr\/wp-json\/wp\/v2\/media?parent=347930"}],"wp:term":[{"taxonomy":"pwb-brand","embeddable":true,"href":"https:\/\/www.moskito.cz\/fr\/wp-json\/wp\/v2\/pwb-brand?post=347930"},{"taxonomy":"product_brand","embeddable":true,"href":"https:\/\/www.moskito.cz\/fr\/wp-json\/wp\/v2\/product_brand?post=347930"},{"taxonomy":"product_cat","embeddable":true,"href":"https:\/\/www.moskito.cz\/fr\/wp-json\/wp\/v2\/product_cat?post=347930"},{"taxonomy":"product_tag","embeddable":true,"href":"https:\/\/www.moskito.cz\/fr\/wp-json\/wp\/v2\/product_tag?post=347930"}],"curies":[{"name":"wp","href":"https:\/\/api.w.org\/{rel}","templated":true}]}}