{"id":347990,"date":"2024-06-26T15:00:30","date_gmt":"2024-06-26T14:00:30","guid":{"rendered":"https:\/\/www.moskito.cz\/produkt\/couteau-fixe-muela-gavilan\/"},"modified":"2025-05-07T11:18:55","modified_gmt":"2025-05-07T10:18:55","slug":"couteau-fixe-muela-gavilan","status":"publish","type":"product","link":"https:\/\/www.moskito.cz\/fr\/produkt\/couteau-fixe-muela-gavilan\/","title":{"rendered":"Couteau Fixe Muela Gavilan"},"content":{"rendered":"<p>Couteau fixe <strong>Muela<\/strong> Gavilan.<\/p>\n<p><strong>Le Gvil\u00e1n Muela<\/strong> est un couteau haut de gamme dot\u00e9 d&rsquo;une lame en acier MoVa et d&rsquo;un manche en bois de h\u00eatre stylis\u00e9 et en laiton. Ce produit de haute qualit\u00e9 pr\u00e9sente une surface trait\u00e9e et exclusive. De plus, il est \u00e9quip\u00e9 d&rsquo;un \u00e9tui en cuir.<\/p>\n<p>La prestigieuse marque de couteaux Muela d&rsquo;origine espagnole se distingue par son extr\u00eame qualit\u00e9. Les couteaux espagnols ont l&rsquo;\u00e9tui retir\u00e9 et la lame et le manche sont d&rsquo;une seule pi\u00e8ce, ce qui les rend beaucoup plus r\u00e9sistants aux chocs. Il a des dimensions tr\u00e8s int\u00e9ressantes, c&rsquo;est donc un produit avec un rapport qualit\u00e9\/prix in\u00e9gal\u00e9.<\/p>\n<p>Grand couteau outdoor avec lame en acier inoxydable molybd\u00e8ne-vanadium. La transformation suppl\u00e9mentaire de la microstructure de la martinsite en aust\u00e9nite rend l&rsquo;acier de meilleure qualit\u00e9. La transformation donne \u00e0 la microstructure une structure plus homog\u00e8ne, la rendant plus r\u00e9sistante \u00e0 la rupture et \u00e0 la corrosion et globalement plus stable. Muela appelle cette m\u00e9thode CRYO-T. Le manche est en bois de h\u00eatre avec une gravure d\u00e9corative brunie et des mitres en laiton. Avec \u00e9tui en cuir de haute qualit\u00e9.<\/p>\n<p>Mat\u00e9riau de la lame&nbsp;: X50CrMoV15 (acier inoxydable au molybd\u00e8ne vanadium)<br \/>\nMat\u00e9riau du manche : bois de h\u00eatre<br \/>\nFourreau&nbsp;: Cuir<br \/>\nLongueur de la lame : 12,5 cm<br \/>\nLongueur totale : 25,5 cm<br \/>\nPoids : 315g<\/p>\n<p>&nbsp;<\/p>\n<p>&nbsp;<\/p>\n","protected":false},"excerpt":{"rendered":"<p><strong>Le Gvil\u00e1n Muela est un couteau haut de gamme dot\u00e9 d&rsquo;une lame en acier MoVa et d&rsquo;un manche en bois de h\u00eatre stylis\u00e9 et en laiton. Ce produit de haute qualit\u00e9 pr\u00e9sente une surface trait\u00e9e et exclusive. De plus, il est \u00e9quip\u00e9 d&rsquo;un \u00e9tui en cuir.<\/strong><\/p>\n","protected":false},"featured_media":347966,"comment_status":"open","ping_status":"closed","template":"","meta":[],"pwb-brand":[3909],"product_brand":[],"product_cat":[3697,3696],"product_tag":[],"class_list":{"0":"post-347990","1":"product","2":"type-product","3":"status-publish","4":"has-post-thumbnail","6":"pwb-brand-elle-a-du","7":"product_cat-couteaux-solides","8":"product_cat-des-couteaux","10":"first","11":"outofstock","12":"taxable","13":"shipping-taxable","14":"purchasable","15":"product-type-simple"},"brands":[{"id":3909,"name":"Elle a d\u00fb","slug":"elle-a-du"}],"_links":{"self":[{"href":"https:\/\/www.moskito.cz\/fr\/wp-json\/wp\/v2\/product\/347990","targetHints":{"allow":["GET"]}}],"collection":[{"href":"https:\/\/www.moskito.cz\/fr\/wp-json\/wp\/v2\/product"}],"about":[{"href":"https:\/\/www.moskito.cz\/fr\/wp-json\/wp\/v2\/types\/product"}],"replies":[{"embeddable":true,"href":"https:\/\/www.moskito.cz\/fr\/wp-json\/wp\/v2\/comments?post=347990"}],"wp:featuredmedia":[{"embeddable":true,"href":"https:\/\/www.moskito.cz\/fr\/wp-json\/wp\/v2\/media\/347966"}],"wp:attachment":[{"href":"https:\/\/www.moskito.cz\/fr\/wp-json\/wp\/v2\/media?parent=347990"}],"wp:term":[{"taxonomy":"pwb-brand","embeddable":true,"href":"https:\/\/www.moskito.cz\/fr\/wp-json\/wp\/v2\/pwb-brand?post=347990"},{"taxonomy":"product_brand","embeddable":true,"href":"https:\/\/www.moskito.cz\/fr\/wp-json\/wp\/v2\/product_brand?post=347990"},{"taxonomy":"product_cat","embeddable":true,"href":"https:\/\/www.moskito.cz\/fr\/wp-json\/wp\/v2\/product_cat?post=347990"},{"taxonomy":"product_tag","embeddable":true,"href":"https:\/\/www.moskito.cz\/fr\/wp-json\/wp\/v2\/product_tag?post=347990"}],"curies":[{"name":"wp","href":"https:\/\/api.w.org\/{rel}","templated":true}]}}