{"id":348014,"date":"2024-06-26T15:32:49","date_gmt":"2024-06-26T14:33:35","guid":{"rendered":"https:\/\/www.moskito.cz\/produkt\/couteau-fixe-muela-mouse-6r\/"},"modified":"2025-05-07T11:18:56","modified_gmt":"2025-05-07T10:18:56","slug":"couteau-fixe-muela-mouse-6r","status":"publish","type":"product","link":"https:\/\/www.moskito.cz\/fr\/produkt\/couteau-fixe-muela-mouse-6r\/","title":{"rendered":"Couteau Fixe Muela Mouse-6R"},"content":{"rendered":"<p>Couteau fixe <strong>Muela<\/strong> Mouse-6R.<\/p>\n<p>Un couteau de la soci\u00e9t\u00e9 espagnole Muela, parfait pour les chasseurs et les chasseurs comme couteau de chasse. Bien qu&rsquo;il soit destin\u00e9 avant tout aux activit\u00e9s li\u00e9es \u00e0 la chasse, il convient \u00e9galement comme petit couteau r\u00e9sistant pour les s\u00e9jours dans la nature et les activit\u00e9s de plein air. Il est fabriqu\u00e9 \u00e0 partir d\u2019une seule pi\u00e8ce d\u2019acier inoxydable au molybd\u00e8ne vanadium de qualit\u00e9. Les poign\u00e9es sont en bois Pakka, un mat\u00e9riau tr\u00e8s r\u00e9sistant cr\u00e9\u00e9 en pressant plusieurs couches de placage en bois impr\u00e9gn\u00e9 de r\u00e9sine. Le manche est rond et tient parfaitement dans la main. L&rsquo;extr\u00e9mit\u00e9 du manche comporte un trou pour un cordon de suspension et le couteau est livr\u00e9 avec un \u00e9tui en cuir marron.<\/p>\n<p>Longueur de la lame : 8 cm<br \/>\nLongueur totale : 16,5 cm<br \/>\nLongueur du manche : 8,5 cm<br \/>\nPoids : 130g<\/p>\n","protected":false},"excerpt":{"rendered":"<p><strong>Un couteau de la soci\u00e9t\u00e9 espagnole Muela, parfait pour les chasseurs et les chasseurs comme couteau de chasse.<\/strong><\/p>\n","protected":false},"featured_media":347999,"comment_status":"open","ping_status":"closed","template":"","meta":[],"pwb-brand":[3909],"product_brand":[],"product_cat":[3700,3696],"product_tag":[],"class_list":{"0":"post-348014","1":"product","2":"type-product","3":"status-publish","4":"has-post-thumbnail","6":"pwb-brand-elle-a-du","7":"product_cat-couteaux-de-fermeture","8":"product_cat-des-couteaux","10":"first","11":"outofstock","12":"sold-individually","13":"taxable","14":"shipping-taxable","15":"purchasable","16":"product-type-simple"},"brands":[{"id":3909,"name":"Elle a d\u00fb","slug":"elle-a-du"}],"_links":{"self":[{"href":"https:\/\/www.moskito.cz\/fr\/wp-json\/wp\/v2\/product\/348014","targetHints":{"allow":["GET"]}}],"collection":[{"href":"https:\/\/www.moskito.cz\/fr\/wp-json\/wp\/v2\/product"}],"about":[{"href":"https:\/\/www.moskito.cz\/fr\/wp-json\/wp\/v2\/types\/product"}],"replies":[{"embeddable":true,"href":"https:\/\/www.moskito.cz\/fr\/wp-json\/wp\/v2\/comments?post=348014"}],"wp:featuredmedia":[{"embeddable":true,"href":"https:\/\/www.moskito.cz\/fr\/wp-json\/wp\/v2\/media\/347999"}],"wp:attachment":[{"href":"https:\/\/www.moskito.cz\/fr\/wp-json\/wp\/v2\/media?parent=348014"}],"wp:term":[{"taxonomy":"pwb-brand","embeddable":true,"href":"https:\/\/www.moskito.cz\/fr\/wp-json\/wp\/v2\/pwb-brand?post=348014"},{"taxonomy":"product_brand","embeddable":true,"href":"https:\/\/www.moskito.cz\/fr\/wp-json\/wp\/v2\/product_brand?post=348014"},{"taxonomy":"product_cat","embeddable":true,"href":"https:\/\/www.moskito.cz\/fr\/wp-json\/wp\/v2\/product_cat?post=348014"},{"taxonomy":"product_tag","embeddable":true,"href":"https:\/\/www.moskito.cz\/fr\/wp-json\/wp\/v2\/product_tag?post=348014"}],"curies":[{"name":"wp","href":"https:\/\/api.w.org\/{rel}","templated":true}]}}