{"id":348038,"date":"2024-06-26T15:44:03","date_gmt":"2024-06-26T14:45:10","guid":{"rendered":"https:\/\/www.moskito.cz\/produkt\/couteau-fixe-muela-bwe-8m\/"},"modified":"2025-05-07T11:18:57","modified_gmt":"2025-05-07T10:18:57","slug":"couteau-fixe-muela-bwe-8m","status":"publish","type":"product","link":"https:\/\/www.moskito.cz\/fr\/produkt\/couteau-fixe-muela-bwe-8m\/","title":{"rendered":"Couteau Fixe MUELA BWE-8M"},"content":{"rendered":"<p>Couteau fixe <strong>MUELA<\/strong> BWE-8M.<\/p>\n<p>Le Muela BWE-8M est un couteau outdoor avec \u00e9tui.<\/p>\n<p>La lame de construction fulltang est en acier inoxydable X50CrMoV15, ce qui prouve son caract\u00e8re polyvalent dans la vie quotidienne et dans la nature. Le manche est fait de micarta textur\u00e9 durable, recouvert d&rsquo;une fine couche rouge.<\/p>\n<p>Le couteau est livr\u00e9 avec un \u00e9tui en cuir de qualit\u00e9 avec des coutures rouges.<\/p>\n<p>Mat\u00e9riau de la lame&nbsp;: X50CrMoV15<br \/>\nMat\u00e9riau du manche : Micarta<br \/>\nMat\u00e9riau du bo\u00eetier : Cuir<br \/>\nLongueur de la lame : 8 cm<br \/>\nLongueur totale : 16,2 cm<br \/>\n\u00c9paisseur de la lame : 0,3 cm<br \/>\nPoids : 75g<br \/>\nType de lame : Bowie<br \/>\nUtilisation : Chasse, Camping, Bushcraft<\/p>\n","protected":false},"excerpt":{"rendered":"<p><strong>Le Muela BWE-8M est un couteau outdoor dot\u00e9 d&rsquo;un \u00e9tui en cuir.<\/strong><\/p>\n","protected":false},"featured_media":348023,"comment_status":"open","ping_status":"closed","template":"","meta":[],"pwb-brand":[3909],"product_brand":[],"product_cat":[3697,3696],"product_tag":[],"class_list":{"0":"post-348038","1":"product","2":"type-product","3":"status-publish","4":"has-post-thumbnail","6":"pwb-brand-elle-a-du","7":"product_cat-couteaux-solides","8":"product_cat-des-couteaux","10":"first","11":"instock","12":"taxable","13":"shipping-taxable","14":"purchasable","15":"product-type-simple"},"brands":[{"id":3909,"name":"Elle a d\u00fb","slug":"elle-a-du"}],"_links":{"self":[{"href":"https:\/\/www.moskito.cz\/fr\/wp-json\/wp\/v2\/product\/348038","targetHints":{"allow":["GET"]}}],"collection":[{"href":"https:\/\/www.moskito.cz\/fr\/wp-json\/wp\/v2\/product"}],"about":[{"href":"https:\/\/www.moskito.cz\/fr\/wp-json\/wp\/v2\/types\/product"}],"replies":[{"embeddable":true,"href":"https:\/\/www.moskito.cz\/fr\/wp-json\/wp\/v2\/comments?post=348038"}],"wp:featuredmedia":[{"embeddable":true,"href":"https:\/\/www.moskito.cz\/fr\/wp-json\/wp\/v2\/media\/348023"}],"wp:attachment":[{"href":"https:\/\/www.moskito.cz\/fr\/wp-json\/wp\/v2\/media?parent=348038"}],"wp:term":[{"taxonomy":"pwb-brand","embeddable":true,"href":"https:\/\/www.moskito.cz\/fr\/wp-json\/wp\/v2\/pwb-brand?post=348038"},{"taxonomy":"product_brand","embeddable":true,"href":"https:\/\/www.moskito.cz\/fr\/wp-json\/wp\/v2\/product_brand?post=348038"},{"taxonomy":"product_cat","embeddable":true,"href":"https:\/\/www.moskito.cz\/fr\/wp-json\/wp\/v2\/product_cat?post=348038"},{"taxonomy":"product_tag","embeddable":true,"href":"https:\/\/www.moskito.cz\/fr\/wp-json\/wp\/v2\/product_tag?post=348038"}],"curies":[{"name":"wp","href":"https:\/\/api.w.org\/{rel}","templated":true}]}}