{"id":348094,"date":"2024-06-26T15:59:35","date_gmt":"2024-06-26T14:59:35","guid":{"rendered":"https:\/\/www.moskito.cz\/produkt\/couteau-fixe-muela-mouse-7m\/"},"modified":"2025-09-26T07:50:10","modified_gmt":"2025-09-26T06:50:10","slug":"couteau-fixe-muela-mouse-7m","status":"publish","type":"product","link":"https:\/\/www.moskito.cz\/fr\/produkt\/couteau-fixe-muela-mouse-7m\/","title":{"rendered":"Couteau fixe Muela Mouse-7M"},"content":{"rendered":"<p>Couteau fixe <strong>Muela<\/strong> Mouse-7M.<\/p>\n<p><strong>Muela Mouse-7M<\/strong> Brown Jute Micarta, couteau de type \u00ab skinner \u00bb satin\u00e9, simple et compact avec un design pleine soie. Lame satin\u00e9e en acier inoxydable 14C28N. Poign\u00e9e micarta confortable. Une excellente aide pour la chasse, les activit\u00e9s de plein air ou la survie.<\/p>\n<p>14C28N &#8211; l&rsquo;acier chrom\u00e9 martensitique est le dernier ajout \u00e0 la gamme d&rsquo;aciers inoxydables produits par la soci\u00e9t\u00e9 sid\u00e9rurgique su\u00e9doise Sandvik. La composition chimique optimis\u00e9e avec une combinaison unique garantit la plus haute qualit\u00e9, d&rsquo;excellentes performances de lame, une duret\u00e9 \u00e9lev\u00e9e et une r\u00e9sistance \u00e0 la corrosion. En r\u00e9duisant la teneur en carbone de 0,62 % (C) et en augmentant la teneur en chrome de 14,0 % (Cr), ainsi qu&rsquo;en ajoutant de l&rsquo;azote de 0,11 % (N), la r\u00e9sistance \u00e0 la corrosion a \u00e9t\u00e9 consid\u00e9rablement augment\u00e9e. Consid\u00e9r\u00e9 comme une version am\u00e9lior\u00e9e de l&rsquo;acier 13C26. In\u00e9gal\u00e9 dans la cat\u00e9gorie prix\/qualit\u00e9 !<\/p>\n<p>Principal \u2013 Type Trailing Point avec le ventre de la lame clairement marqu\u00e9. L&rsquo;ordinaire a \u00e9t\u00e9 am\u00e9lior\u00e9 avec du gris tuhival (Hollow Grind), qui offre d&rsquo;excellentes propri\u00e9t\u00e9s de coupe combin\u00e9es \u00e0 une excellente durabilit\u00e9.<\/p>\n<p>Manipulation &#8211; profil\u00e9, recouvert d&rsquo;une doublure en micarta de jute imperm\u00e9able et polie. C&rsquo;est une prise en main confortable et s\u00fbre, c&rsquo;est s\u00fbr. Vis design pour la fixation des couvercles de poign\u00e9es. \u00c0 l&rsquo;arri\u00e8re de la poign\u00e9e se trouve une ouverture pour un c\u00e2ble de s\u00e9curit\u00e9 (inclus dans l&#8217;emballage).<\/p>\n<p>Weed &#8211; en cuir de vache naturel bien dormant de couleur noire. Le logo du fabricant est grav\u00e9 sur la surface. Sur les berges, l&rsquo;ajout \u00e9tait cousu avec un fil d\u00e9coratif. Le montage sur une ceinture ou un appareil permet de transporter le couteau en position verticale.<\/p>\n<p>Donn\u00e9es techniques:<br \/>\n Num\u00e9ro de produit : Mouse-7M<br \/>\n Nom du produit : Muela Mouse-7M Brown Jute Micarta, Satin<\/p>\n<p>Longueur totale : 14 cm\/5,51&Prime;<br \/>\n Longueur de la lame : 7 cm\/2,76&Prime;<br \/>\n \u00c9paisseur de la t\u00eate : bd<br \/>\n Poids : 140,0 g \/ 4,94 oz<\/p>\n<p>Mat\u00e9riau de base : Sandvik 14C28N<br \/>\n Duret\u00e9 de la t\u00eate : bd<br \/>\n Rectification de la t\u00eate : Concave<br \/>\n Finition de la t\u00eate : satin\u00e9e<\/p>\n<p>Mat\u00e9riau du manche : jute Micarta<br \/>\n Finition du manche : Marron<\/p>\n<p>Cabane (cabura) : Cuir<br \/>\n Autres accessoires : Aucun<\/p>\n<p>Cr\u00e9ateur par Muela<br \/>\n Marque : Muela<br \/>\n Fabricant: Manufacturas Muela, SA<br \/>\n Pays d&rsquo;origine : Espagne<\/p>\n<p>&nbsp;<\/p>\n","protected":false},"excerpt":{"rendered":"<p><strong>Muela Mouse-7M Brown Jute Micarta, couteau de type \u00ab skinner \u00bb satin\u00e9, simple et compact avec un design pleine soie. Lame satin\u00e9e en acier inoxydable 14C28N. Poign\u00e9e micarta confortable. Une excellente aide pour la chasse, les activit\u00e9s de plein air ou la survie.<\/strong><\/p>\n","protected":false},"featured_media":348048,"comment_status":"open","ping_status":"closed","template":"","meta":[],"pwb-brand":[3909],"product_brand":[],"product_cat":[3697,3696],"product_tag":[],"class_list":{"0":"post-348094","1":"product","2":"type-product","3":"status-publish","4":"has-post-thumbnail","6":"pwb-brand-elle-a-du","7":"product_cat-couteaux-solides","8":"product_cat-des-couteaux","10":"first","11":"outofstock","12":"taxable","13":"shipping-taxable","14":"purchasable","15":"product-type-simple"},"brands":[{"id":3909,"name":"Elle a d\u00fb","slug":"elle-a-du"}],"_links":{"self":[{"href":"https:\/\/www.moskito.cz\/fr\/wp-json\/wp\/v2\/product\/348094","targetHints":{"allow":["GET"]}}],"collection":[{"href":"https:\/\/www.moskito.cz\/fr\/wp-json\/wp\/v2\/product"}],"about":[{"href":"https:\/\/www.moskito.cz\/fr\/wp-json\/wp\/v2\/types\/product"}],"replies":[{"embeddable":true,"href":"https:\/\/www.moskito.cz\/fr\/wp-json\/wp\/v2\/comments?post=348094"}],"wp:featuredmedia":[{"embeddable":true,"href":"https:\/\/www.moskito.cz\/fr\/wp-json\/wp\/v2\/media\/348048"}],"wp:attachment":[{"href":"https:\/\/www.moskito.cz\/fr\/wp-json\/wp\/v2\/media?parent=348094"}],"wp:term":[{"taxonomy":"pwb-brand","embeddable":true,"href":"https:\/\/www.moskito.cz\/fr\/wp-json\/wp\/v2\/pwb-brand?post=348094"},{"taxonomy":"product_brand","embeddable":true,"href":"https:\/\/www.moskito.cz\/fr\/wp-json\/wp\/v2\/product_brand?post=348094"},{"taxonomy":"product_cat","embeddable":true,"href":"https:\/\/www.moskito.cz\/fr\/wp-json\/wp\/v2\/product_cat?post=348094"},{"taxonomy":"product_tag","embeddable":true,"href":"https:\/\/www.moskito.cz\/fr\/wp-json\/wp\/v2\/product_tag?post=348094"}],"curies":[{"name":"wp","href":"https:\/\/api.w.org\/{rel}","templated":true}]}}