{"id":348114,"date":"2023-07-02T21:32:35","date_gmt":"2024-06-28T06:45:20","guid":{"rendered":"https:\/\/www.moskito.cz\/produkt\/couteau-pliant-spyderco-kazuyuki-sakurai-pochi-c256tip\/"},"modified":"2025-05-07T11:19:02","modified_gmt":"2025-05-07T10:19:02","slug":"couteau-pliant-spyderco-kazuyuki-sakurai-pochi-c256tip","status":"publish","type":"product","link":"https:\/\/www.moskito.cz\/fr\/produkt\/couteau-pliant-spyderco-kazuyuki-sakurai-pochi-c256tip\/","title":{"rendered":"Couteau pliant Spyderco Kazuyuki Sakurai Pochi C256TIP"},"content":{"rendered":"<p>Couteau pliant <strong>Spyderco<\/strong> Kazuyuki Sakurai Pochi C256TIP<\/p>\n<p>Le coutelier japonais Kazuyuki Sakurai est sp\u00e9cialis\u00e9 dans les couteaux pliants complexes fabriqu\u00e9s \u00e0 la main, dont beaucoup sont inspir\u00e9s des formes d&rsquo;animaux. Certains de ses mod\u00e8les les plus populaires sont les couteaux en forme de chien de sa s\u00e9rie \u00ab Pochi \u00bb (poh-chee), qui tire son nom du nom japonais le plus courant pour les chiens, \u00e0 peu pr\u00e8s \u00e9quivalent \u00e0 \u00ab Spot \u00bb. Sa premi\u00e8re collaboration avec Spyderco traduit fid\u00e8lement ce nouveau design en un composant de production unique en son genre avec une lame en acier inoxydable creuse CPM-S45VN, un manche en titane microbill\u00e9, un verrou int\u00e9gr\u00e9 Reeve (RIL) et un pliable anodis\u00e9 bleu. queue\u00a0\u00bb. clip de poche en titane et accent d&rsquo;axe de pivotement.<\/p>\n<p>Caract\u00e9ristiques<br \/>\nLongueur de la lame : 4 cm<br \/>\nLongueur ferm\u00e9 : 6,5 cm<br \/>\nLongueur totale : 10 cm<br \/>\n\u00c9paisseur de la lame : 0,25 cm<br \/>\nMat\u00e9riau de la lame : acier inoxydable CPM-S45VN<br \/>\nStyle de lame&nbsp;:&nbsp;pointe de clip<br \/>\nMeulage de la lame&nbsp;: creux<br \/>\nTraitement de surface de la lame : satin\u00e9<br \/>\nBord de la lame&nbsp;:&nbsp;Lisse<br \/>\nMat\u00e9riau du manche : Titane<br \/>\nCouleur du manche : gris<br \/>\nM\u00e9canisme de verrouillage&nbsp;: Reeve Integral Lock<br \/>\nClip de poche : titane bleu (pliable, usure droite)<br \/>\nNum\u00e9ro de mod\u00e8le&nbsp;: C256TIP<br \/>\nNom du mod\u00e8le : Pochi<br \/>\nCr\u00e9ateur : Kazuyuki Sakurai<br \/>\nPoids : 1,7 onces. (48g)<\/p>\n","protected":false},"excerpt":{"rendered":"<p><strong>Le coutelier japonais Kazuyuki Sakurai est sp\u00e9cialis\u00e9 dans les couteaux pliants complexes faits \u00e0 la main, dont beaucoup sont inspir\u00e9s des formes d&rsquo;animaux.<\/strong><\/p>\n","protected":false},"featured_media":348124,"comment_status":"open","ping_status":"closed","template":"","meta":[],"pwb-brand":[3778],"product_brand":[],"product_cat":[3700,3696],"product_tag":[3754],"class_list":{"0":"post-348114","1":"product","2":"type-product","3":"status-publish","4":"has-post-thumbnail","6":"pwb-brand-spyderco-fr","7":"product_cat-couteaux-de-fermeture","8":"product_cat-des-couteaux","9":"product_tag-b2b-fr","11":"first","12":"instock","13":"taxable","14":"shipping-taxable","15":"purchasable","16":"product-type-simple"},"brands":[{"id":3778,"name":"Spyderco","slug":"spyderco-fr"}],"_links":{"self":[{"href":"https:\/\/www.moskito.cz\/fr\/wp-json\/wp\/v2\/product\/348114","targetHints":{"allow":["GET"]}}],"collection":[{"href":"https:\/\/www.moskito.cz\/fr\/wp-json\/wp\/v2\/product"}],"about":[{"href":"https:\/\/www.moskito.cz\/fr\/wp-json\/wp\/v2\/types\/product"}],"replies":[{"embeddable":true,"href":"https:\/\/www.moskito.cz\/fr\/wp-json\/wp\/v2\/comments?post=348114"}],"wp:featuredmedia":[{"embeddable":true,"href":"https:\/\/www.moskito.cz\/fr\/wp-json\/wp\/v2\/media\/348124"}],"wp:attachment":[{"href":"https:\/\/www.moskito.cz\/fr\/wp-json\/wp\/v2\/media?parent=348114"}],"wp:term":[{"taxonomy":"pwb-brand","embeddable":true,"href":"https:\/\/www.moskito.cz\/fr\/wp-json\/wp\/v2\/pwb-brand?post=348114"},{"taxonomy":"product_brand","embeddable":true,"href":"https:\/\/www.moskito.cz\/fr\/wp-json\/wp\/v2\/product_brand?post=348114"},{"taxonomy":"product_cat","embeddable":true,"href":"https:\/\/www.moskito.cz\/fr\/wp-json\/wp\/v2\/product_cat?post=348114"},{"taxonomy":"product_tag","embeddable":true,"href":"https:\/\/www.moskito.cz\/fr\/wp-json\/wp\/v2\/product_tag?post=348114"}],"curies":[{"name":"wp","href":"https:\/\/api.w.org\/{rel}","templated":true}]}}