{"id":348137,"date":"2023-12-16T21:10:17","date_gmt":"2024-06-28T06:45:50","guid":{"rendered":"https:\/\/www.moskito.cz\/?post_type=product&p=348137"},"modified":"2025-05-07T11:19:02","modified_gmt":"2025-05-07T10:19:02","slug":"couteau-pliant-spyderco-chicago-c130gp","status":"publish","type":"product","link":"https:\/\/www.moskito.cz\/fr\/produkt\/couteau-pliant-spyderco-chicago-c130gp\/","title":{"rendered":"Couteau pliant Spyderco Chicago C130GP"},"content":{"rendered":"<p>Couteau pliant <strong>Spyderco<\/strong> Chicago C130GP<\/p>\n<p>Lois. Qu\u2019ils soient n\u00e9cessaires, bons ou simplement dingues, ils sont destin\u00e9s \u00e0 r\u00e9tablir l\u2019ordre et \u00e0 conjurer le chaos. Lorsque notre gouvernement et notre soci\u00e9t\u00e9 \u00e9tablissent des r\u00e8gles, nous faisons de notre mieux pour respecter leurs param\u00e8tres.<\/p>\n<p>Par exemple, de nombreuses villes m\u00e9tropolitaines am\u00e9ricaines limitent le port des couteaux de poche en public aux couteaux dont la lame mesure deux pouces ou moins. Bienvenue \u00e0 Chicago ! Si j&rsquo;\u00e9tais un r\u00e9sident de Chicago et que je portais r\u00e9guli\u00e8rement un couteau de poche, je pourrais \u00eatre enclin (en tant que citoyen respectueux des lois) \u00e0 transporter un outil soumis aux restrictions de cette ville.<\/p>\n<p><strong>Le Spyderco<\/strong> C130G Chicago n\u2019est que cela. La lame plate de deux pouces CTS-BD1N est \u00e9l\u00e9gamment \u00e9quip\u00e9e d&rsquo;un manche G-10 noir et du Michael Walker LinerLock. La poign\u00e9e est fa\u00e7onn\u00e9e et dimensionn\u00e9e de mani\u00e8re ergonomique avec des inserts squelett\u00e9s sur toute la longueur \u00e0 l&rsquo;int\u00e9rieur pour plus de solidit\u00e9 sans encombrement ni poids.<\/p>\n<p>Sa lame en forme de feuille coupe efficacement sur tous les fronts, depuis les coupes \u00e0 fort impact comme la moquette et la corde en poly\u00e9thyl\u00e8ne jusqu&rsquo;\u00e0 quelque chose d&rsquo;aussi simple que nettoyer les clous ou gratter le ruban adh\u00e9sif sur le verre.<\/p>\n<p>Un clip de poche profond permet de ranger le couteau dans une poche de pantalon avec la pointe point\u00e9e vers le haut, pr\u00eat \u00e0 \u00eatre transport\u00e9 par un gaucher ou un droitier. Celui-ci est destin\u00e9 aux Chicagoiens ou \u00e0 tous ceux qui recherchent un couteau de ville\/costume.<\/p>\n<p>Caract\u00e9ristiques:<br \/>\nLongueur de la lame : 5,1 cm<br \/>\n\u00c9paisseur de la lame : 025 cm<br \/>\nLongueur totale : 12,8 cm<br \/>\nLongueur ferm\u00e9 : 7,9 cm<br \/>\nAcier de la lame&nbsp;: acier inoxydable CTS-BD1N<br \/>\nPoids : 1,9 onces. (54 g) env.<br \/>\nMat\u00e9riau du manche : G10 noir<\/p>\n","protected":false},"excerpt":{"rendered":"<p><strong>Bienvenue \u00e0 Chicago ! Si j&rsquo;\u00e9tais un r\u00e9sident de Chicago et que je portais r\u00e9guli\u00e8rement un couteau de poche, je pourrais \u00eatre enclin (en tant que citoyen respectueux des lois) \u00e0 transporter un outil soumis aux restrictions de cette ville.<\/strong><\/p>\n","protected":false},"featured_media":348139,"comment_status":"open","ping_status":"closed","template":"","meta":[],"pwb-brand":[3778],"product_brand":[],"product_cat":[3700,3696],"product_tag":[3754],"class_list":{"0":"post-348137","1":"product","2":"type-product","3":"status-publish","4":"has-post-thumbnail","6":"pwb-brand-spyderco-fr","7":"product_cat-couteaux-de-fermeture","8":"product_cat-des-couteaux","9":"product_tag-b2b-fr","11":"first","12":"instock","13":"sale","14":"taxable","15":"shipping-taxable","16":"purchasable","17":"product-type-simple"},"brands":[{"id":3778,"name":"Spyderco","slug":"spyderco-fr"}],"_links":{"self":[{"href":"https:\/\/www.moskito.cz\/fr\/wp-json\/wp\/v2\/product\/348137","targetHints":{"allow":["GET"]}}],"collection":[{"href":"https:\/\/www.moskito.cz\/fr\/wp-json\/wp\/v2\/product"}],"about":[{"href":"https:\/\/www.moskito.cz\/fr\/wp-json\/wp\/v2\/types\/product"}],"replies":[{"embeddable":true,"href":"https:\/\/www.moskito.cz\/fr\/wp-json\/wp\/v2\/comments?post=348137"}],"wp:featuredmedia":[{"embeddable":true,"href":"https:\/\/www.moskito.cz\/fr\/wp-json\/wp\/v2\/media\/348139"}],"wp:attachment":[{"href":"https:\/\/www.moskito.cz\/fr\/wp-json\/wp\/v2\/media?parent=348137"}],"wp:term":[{"taxonomy":"pwb-brand","embeddable":true,"href":"https:\/\/www.moskito.cz\/fr\/wp-json\/wp\/v2\/pwb-brand?post=348137"},{"taxonomy":"product_brand","embeddable":true,"href":"https:\/\/www.moskito.cz\/fr\/wp-json\/wp\/v2\/product_brand?post=348137"},{"taxonomy":"product_cat","embeddable":true,"href":"https:\/\/www.moskito.cz\/fr\/wp-json\/wp\/v2\/product_cat?post=348137"},{"taxonomy":"product_tag","embeddable":true,"href":"https:\/\/www.moskito.cz\/fr\/wp-json\/wp\/v2\/product_tag?post=348137"}],"curies":[{"name":"wp","href":"https:\/\/api.w.org\/{rel}","templated":true}]}}