{"id":348182,"date":"2023-12-16T20:03:28","date_gmt":"2024-06-28T06:47:44","guid":{"rendered":"https:\/\/www.moskito.cz\/produkt\/couteau-pliant-leger-spyderco-manbug-mfpk390\/"},"modified":"2025-06-29T08:42:49","modified_gmt":"2025-06-29T07:42:49","slug":"couteau-pliant-leger-spyderco-manbug-mfpk390","status":"publish","type":"product","link":"https:\/\/www.moskito.cz\/fr\/produkt\/couteau-pliant-leger-spyderco-manbug-mfpk390\/","title":{"rendered":"Couteau pliant l\u00e9ger Spyderco Manbug MFPK390"},"content":{"rendered":"<p>Couteau pliant l\u00e9ger <strong>Spyderco<\/strong> Manbug MFPK390<\/p>\n<p><strong>Spyderco<\/strong> a toujours \u00e9t\u00e9 tr\u00e8s fier de ses efforts pour repousser les limites de la performance en proposant des aciers \u00e0 lames exotiques dans ses couteaux. Dans cet esprit, ils sont fiers d&rsquo;annoncer qu&rsquo;ils proposent une gamme de mod\u00e8les les plus vendus avec des lames en K390. Le K390 MICROCLEAN, produit par Bohler-Uddeholm, est un acier \u00e0 outils de formage \u00e0 froid de pointe produit par un proc\u00e9d\u00e9 de m\u00e9tallurgie des particules. Son compos\u00e9 d&rsquo;alliage avanc\u00e9 a \u00e9t\u00e9 sp\u00e9cialement d\u00e9velopp\u00e9 pour offrir la r\u00e9sistance extr\u00eame \u00e0 l&rsquo;usure et la haute r\u00e9sistance \u00e0 la compression n\u00e9cessaires aux applications industrielles de d\u00e9coupe, de poin\u00e7onnage et de poin\u00e7onnage. Malgr\u00e9 sa robustesse, la microstructure exceptionnellement fine et homog\u00e8ne est \u00e9galement facile \u00e0 usiner et \u00e0 traiter thermiquement. Ensemble, ces propri\u00e9t\u00e9s font du K390 un excellent mat\u00e9riau de lame pour les vrais connaisseurs d&rsquo;acier. Spyderco est fier de le pr\u00e9senter sur certains de ses mod\u00e8les les plus populaires, qui comportent \u00e9galement des poign\u00e9es bleues distinctives.<\/p>\n<p>Remarque : le K390 est un acier inoxydable haute performance qui peut rouiller s&rsquo;il n&rsquo;est pas correctement entretenu. Nettoyez et s\u00e9chez toujours les lames apr\u00e8s utilisation et appliquez de l&rsquo;huile ou d&rsquo;autres produits anticorrosion si n\u00e9cessaire.<\/p>\n<p>Caract\u00e9ristiques<br \/>\nLongueur de la lame : 5 cm<br \/>\nLongueur ferm\u00e9 : 6,4 cm<br \/>\nLongueur totale : 11,4 cm<br \/>\n\u00c9paisseur de la lame : 0,25 cm<br \/>\nMat\u00e9riau de la lame : acier \u00e0 outils Bohler K390<br \/>\nStyle de lame&nbsp;:&nbsp;pointe de clip<br \/>\nMeulage de la lame&nbsp;: Enti\u00e8rement plat<br \/>\nTraitement de surface de la lame : satin\u00e9<br \/>\nBord de la lame&nbsp;:&nbsp;Lisse<br \/>\nMat\u00e9riau du manche : FRN<br \/>\nCouleur de la poign\u00e9e: bleu<br \/>\nM\u00e9canisme de verrouillage : Lockback<br \/>\n Clip de poche : Aucun<br \/>\n Num\u00e9ro de mod\u00e8le : MFPK390<br \/>\n Nom du mod\u00e8le : Manbug Lightweight K390<br \/>\n Poids : 0,7 oz (20 g)<br \/>\n Fabriqu\u00e9 au Japon <\/p>\n","protected":false},"excerpt":{"rendered":"<p><strong>Spyderco a toujours \u00e9t\u00e9 tr\u00e8s fier de ses efforts pour repousser les limites de la performance en proposant des aciers \u00e0 lames exotiques dans ses couteaux. Dans cet esprit, ils sont fiers d&rsquo;annoncer qu&rsquo;ils proposent une gamme de mod\u00e8les les plus vendus avec des lames en K390.<\/strong><\/p>\n","protected":false},"featured_media":348185,"comment_status":"open","ping_status":"closed","template":"","meta":[],"pwb-brand":[3778],"product_brand":[],"product_cat":[3700,3696],"product_tag":[3754],"class_list":{"0":"post-348182","1":"product","2":"type-product","3":"status-publish","4":"has-post-thumbnail","6":"pwb-brand-spyderco-fr","7":"product_cat-couteaux-de-fermeture","8":"product_cat-des-couteaux","9":"product_tag-b2b-fr","11":"first","12":"outofstock","13":"sale","14":"taxable","15":"shipping-taxable","16":"purchasable","17":"product-type-simple"},"brands":[{"id":3778,"name":"Spyderco","slug":"spyderco-fr"}],"_links":{"self":[{"href":"https:\/\/www.moskito.cz\/fr\/wp-json\/wp\/v2\/product\/348182","targetHints":{"allow":["GET"]}}],"collection":[{"href":"https:\/\/www.moskito.cz\/fr\/wp-json\/wp\/v2\/product"}],"about":[{"href":"https:\/\/www.moskito.cz\/fr\/wp-json\/wp\/v2\/types\/product"}],"replies":[{"embeddable":true,"href":"https:\/\/www.moskito.cz\/fr\/wp-json\/wp\/v2\/comments?post=348182"}],"wp:featuredmedia":[{"embeddable":true,"href":"https:\/\/www.moskito.cz\/fr\/wp-json\/wp\/v2\/media\/348185"}],"wp:attachment":[{"href":"https:\/\/www.moskito.cz\/fr\/wp-json\/wp\/v2\/media?parent=348182"}],"wp:term":[{"taxonomy":"pwb-brand","embeddable":true,"href":"https:\/\/www.moskito.cz\/fr\/wp-json\/wp\/v2\/pwb-brand?post=348182"},{"taxonomy":"product_brand","embeddable":true,"href":"https:\/\/www.moskito.cz\/fr\/wp-json\/wp\/v2\/product_brand?post=348182"},{"taxonomy":"product_cat","embeddable":true,"href":"https:\/\/www.moskito.cz\/fr\/wp-json\/wp\/v2\/product_cat?post=348182"},{"taxonomy":"product_tag","embeddable":true,"href":"https:\/\/www.moskito.cz\/fr\/wp-json\/wp\/v2\/product_tag?post=348182"}],"curies":[{"name":"wp","href":"https:\/\/api.w.org\/{rel}","templated":true}]}}