{"id":348204,"date":"2024-01-01T15:53:26","date_gmt":"2024-06-28T06:52:45","guid":{"rendered":"https:\/\/www.moskito.cz\/produkt\/couteau-verrouillable-spyderco-squeak-non-verrouillable-c154ppn\/"},"modified":"2025-05-07T11:19:04","modified_gmt":"2025-05-07T10:19:04","slug":"couteau-verrouillable-spyderco-squeak-non-verrouillable-c154ppn","status":"publish","type":"product","link":"https:\/\/www.moskito.cz\/fr\/produkt\/couteau-verrouillable-spyderco-squeak-non-verrouillable-c154ppn\/","title":{"rendered":"Couteau verrouillable Spyderco Squeak (non verrouillable) C154PPN"},"content":{"rendered":"<p>Couteau verrouillable <strong>Spyderco<\/strong> Squeak (non verrouillable) C154PPN<\/p>\n<p>Fabriqu\u00e9 \u00e0 Maniago, le Squeak SLIPIT est <strong>un couteau Spyderco<\/strong> \u00e0 ouverture \u00e0 une main sans s\u00e9curit\u00e9 appel\u00e9 SLIPIT. Il est con\u00e7u pour un transport l\u00e9gal restreint dans les endroits o\u00f9 les couteaux verrouillables sont interdits.<\/p>\n<p>La lame est enti\u00e8rement rectifi\u00e9e et fabriqu\u00e9e en acier autrichien Bohler-Uddeholm N690Co. Le N690C0 est un acier \u00e0 haute teneur en carbone additionn\u00e9 de cobalt pour une uniformit\u00e9 structurelle r\u00e9sultant en une meilleure r\u00e9tention des bords et une meilleure capacit\u00e9 d&rsquo;aff\u00fbtage. La sangle textur\u00e9e est usin\u00e9e \u00e0 partir du dos de la lame et de la lame pour une r\u00e9sistance accrue au glissement.<\/p>\n<p>La lame du Squeak est maintenue en position ouverte pendant la coupe par un joint molet\u00e9 sur l&rsquo;axe de la lame. Lors de la fermeture de la lame, l&rsquo;encoche g\u00e9n\u00e8re une r\u00e9sistance fonctionnellement similaire \u00e0 celle d&rsquo;un couteau de poche coulissant traditionnel et remplit la fonction suppl\u00e9mentaire de lisser le mouvement d&rsquo;ouverture de la lame. Contr\u00f4le et confort accrus Les concepteurs de Spyderco ajoutent des vibrations profondes aux doigts, d\u00e9pla\u00e7ant naturellement l&rsquo;index vers une position situ\u00e9e sous la lame, directement sous le pouce. Placer l&rsquo;index dans ce choil emp\u00eache la lame de se fermer accidentellement pendant la coupe et offre une position de pr\u00e9hension qui permet \u00e0 l&rsquo;utilisateur de s&rsquo;\u00e9touffer plus pr\u00e8s de la lame pour une plus grande dext\u00e9rit\u00e9.<\/p>\n<p>La poign\u00e9e est en FRN (nylon renforc\u00e9 de fibre de verre) et con\u00e7ue pour le confort de l&rsquo;utilisateur, que ce soit dans la main, avec une poign\u00e9e textur\u00e9e ergonomique, ou dans la poche avec un clip m\u00e9tallique rabattable double face dans une poche profonde.<\/p>\n<p><strong>Spyderco<\/strong> est tr\u00e8s fier de soutenir la tourn\u00e9e Guardians of the Ribbon\/Pink Heals et les programmes \u00ab Cares Enough to Wear Pink \u00bb en faisant don d&rsquo;une partie des ventes de nos couteaux \u00e0 manche rose. Fond\u00e9e en 2007 par l&rsquo;ancien pompier Dave Graybill, cette incroyable organisation caritative se concentre sur la fourniture de soins directs aux femmes luttant contre toutes les formes de cancer. Mieux connu pour sa flotte de camions de pompiers roses et de voitures de police, le mouvement Pink Heals parcourt les \u00c9tats-Unis pour rendre visite aux femmes et aux enfants atteints de cancer, identifiant leurs besoins les plus critiques et coordonnant les ressources locales pour r\u00e9pondre \u00e0 ces besoins. Pink Heals fait \u00e9galement appel au soutien de services fiscaux et de dirigeants communautaires pour assurer un soutien continu aux femmes qui luttent contre le cancer en garantissant que les dons restent dans la communaut\u00e9 locale d&rsquo;o\u00f9 ils proviennent. Plus important encore, Pink Heals utilise 100 % de tous les dons qu\u2019elle re\u00e7oit. s&rsquo;occuper directement des femmes qu&rsquo;ils servent et fournir un soutien imm\u00e9diat et tangible \u00e0 celles qui en ont le plus besoin. Tous les frais de fonctionnement de l&rsquo;association sont couverts par la vente de chemises roses arborant le logo de leur organisation. Ces chemises constituent \u00e9galement le fondement de la campagne \u00ab Cares Enough to Wear Pink \u00bb, une campagne nationale visant \u00e0 sensibiliser les femmes au fait qu&rsquo;elles constituent l&rsquo;une des ressources les plus pr\u00e9cieuses au monde.<\/p>\n<p>Spyderco est honor\u00e9 de soutenir la tourn\u00e9e Guardians of the Ribbon\/Pink Heals et les femmes qu&rsquo;ils servent. Une partie des b\u00e9n\u00e9fices de chaque vente sera revers\u00e9e \u00e0 la recherche sur le cancer du sein lors de la tourn\u00e9e Guardians of the Ribbon\/Pink Heals. Pour en savoir plus sur ses programmes extraordinaires et sur la mani\u00e8re dont vous pouvez contribuer \u00e0 soutenir leurs efforts, veuillez visiter www.pinkfiretrucks.org.<\/p>\n<p>Caract\u00e9ristiques:<br \/>\nLongueur de la lame : 5,1 cm<br \/>\n\u00c9paisseur de la lame : 0,3 cm<br \/>\nLongueur totale : 12,8 cm<br \/>\nLongueur ferm\u00e9 : 7,9 cm<br \/>\nAcier de la lame : N690Co<br \/>\nPoids : 1,6 onces. (46g)<br \/>\nMat\u00e9riau du manche : FRN rose<br \/>\nFabriqu\u00e9 en Italie<\/p>\n","protected":false},"excerpt":{"rendered":"<p><strong>Squeak SLIPIT, fabriqu\u00e9 \u00e0 Maniago, un couteau sans s\u00e9curit\u00e9 qui s&rsquo;ouvre d&rsquo;une seule main et s&rsquo;appelle SLIPIT.<\/strong><\/p>\n","protected":false},"featured_media":348205,"comment_status":"open","ping_status":"closed","template":"","meta":[],"pwb-brand":[3778],"product_brand":[],"product_cat":[3700,3696],"product_tag":[3754],"class_list":{"0":"post-348204","1":"product","2":"type-product","3":"status-publish","4":"has-post-thumbnail","6":"pwb-brand-spyderco-fr","7":"product_cat-couteaux-de-fermeture","8":"product_cat-des-couteaux","9":"product_tag-b2b-fr","11":"first","12":"outofstock","13":"taxable","14":"shipping-taxable","15":"purchasable","16":"product-type-simple"},"brands":[{"id":3778,"name":"Spyderco","slug":"spyderco-fr"}],"_links":{"self":[{"href":"https:\/\/www.moskito.cz\/fr\/wp-json\/wp\/v2\/product\/348204","targetHints":{"allow":["GET"]}}],"collection":[{"href":"https:\/\/www.moskito.cz\/fr\/wp-json\/wp\/v2\/product"}],"about":[{"href":"https:\/\/www.moskito.cz\/fr\/wp-json\/wp\/v2\/types\/product"}],"replies":[{"embeddable":true,"href":"https:\/\/www.moskito.cz\/fr\/wp-json\/wp\/v2\/comments?post=348204"}],"wp:featuredmedia":[{"embeddable":true,"href":"https:\/\/www.moskito.cz\/fr\/wp-json\/wp\/v2\/media\/348205"}],"wp:attachment":[{"href":"https:\/\/www.moskito.cz\/fr\/wp-json\/wp\/v2\/media?parent=348204"}],"wp:term":[{"taxonomy":"pwb-brand","embeddable":true,"href":"https:\/\/www.moskito.cz\/fr\/wp-json\/wp\/v2\/pwb-brand?post=348204"},{"taxonomy":"product_brand","embeddable":true,"href":"https:\/\/www.moskito.cz\/fr\/wp-json\/wp\/v2\/product_brand?post=348204"},{"taxonomy":"product_cat","embeddable":true,"href":"https:\/\/www.moskito.cz\/fr\/wp-json\/wp\/v2\/product_cat?post=348204"},{"taxonomy":"product_tag","embeddable":true,"href":"https:\/\/www.moskito.cz\/fr\/wp-json\/wp\/v2\/product_tag?post=348204"}],"curies":[{"name":"wp","href":"https:\/\/api.w.org\/{rel}","templated":true}]}}