{"id":348231,"date":"2023-07-04T15:31:48","date_gmt":"2023-07-04T14:31:48","guid":{"rendered":"https:\/\/www.moskito.cz\/?post_type=product&p=348231"},"modified":"2025-05-07T11:19:04","modified_gmt":"2025-05-07T10:19:04","slug":"spyderco-dragonfly-2-wharncliffe-c28fpwcbk2-couteau-pliant","status":"publish","type":"product","link":"https:\/\/www.moskito.cz\/fr\/produkt\/spyderco-dragonfly-2-wharncliffe-c28fpwcbk2-couteau-pliant\/","title":{"rendered":"Spyderco Dragonfly 2 Wharncliffe C28FPWCBK2 Couteau pliant"},"content":{"rendered":"<p><strong>Spyderco<\/strong> Dragonfly 2 Wharncliffe C28FPWCBK2 Couteau pliant<\/p>\n<p>La Dragonfly a toujours repr\u00e9sent\u00e9 une combinaison extraordinaire de dimensions compactes et de performances de coupe complexes. Aujourd&rsquo;hui, cette performance fait un autre pas en avant avec l&rsquo;ajout du profil de lame Wharncliffe. Lame Wharncliffe de choix pour de nombreux utilisateurs de couteaux exp\u00e9riment\u00e9s, la lame parfaitement droite du Wharncliffe offre une puissance de coupe extr\u00eame pr\u00e8s du talon et une pr\u00e9cision semblable \u00e0 celle d&rsquo;un scalpel \u00e0 la pointe &#8211; en particulier lorsqu&rsquo;elle est combin\u00e9e avec une \u00e9mouture compl\u00e8tement plate \u00e0 faible friction. Toutes les autres caract\u00e9ristiques de ce couteau sont conformes \u00e0 celles du best-seller Dragonfly 2, notamment un manche l\u00e9ger moul\u00e9 par injection FRN, une texture bidirectionnelle \u00e0 haute traction, un m\u00e9canisme de verrouillage arri\u00e8re robuste et un clip m\u00e9tallique de poche profonde double face.<br \/>\nCaract\u00e9ristiques<\/p>\n<p>Longueur de la lame : 5,8 cm<br \/>\nTranchant : 4,8 cm<br \/>\nLongueur ferm\u00e9 : 8,5 cm<br \/>\nLongueur totale : 14,2 cm<br \/>\n\u00c9paisseur de la lame : 0,25 cm<br \/>\nMat\u00e9riau de la lame : acier inoxydable VG10<br \/>\nStyle de lame&nbsp;: Wharncliffe<br \/>\nMeulage de la lame&nbsp;: Enti\u00e8rement plat<br \/>\nTraitement de surface de la lame : satin\u00e9<br \/>\nBord de la lame&nbsp;:&nbsp;Lisse<br \/>\nMat\u00e9riau du manche&nbsp;: FRN textur\u00e9 bidirectionnel<br \/>\nCouleur de la poign\u00e9e: noir<br \/>\nM\u00e9canisme de verrouillage&nbsp;: Lockback<br \/>\nClip de poche&nbsp;: rabattable, \u00e0 porter \u00e0 gauche\/\u00e0 droite<br \/>\nNum\u00e9ro de mod\u00e8le&nbsp;: C28FPWCBK2<br \/>\nNom du mod\u00e8le : Libellule 2 Wharncliffe<br \/>\nPoids : 1,2 onces. (34g)<br \/>\nFabriqu\u00e9 au Japon<\/p>\n<p>&nbsp;<\/p>\n","protected":false},"excerpt":{"rendered":"<p><strong>La Dragonfly a toujours repr\u00e9sent\u00e9 une combinaison extraordinaire de dimensions compactes et de performances de coupe complexes.<\/strong><\/p>\n","protected":false},"featured_media":348232,"comment_status":"open","ping_status":"closed","template":"","meta":[],"pwb-brand":[3778],"product_brand":[],"product_cat":[3700,3696],"product_tag":[],"class_list":{"0":"post-348231","1":"product","2":"type-product","3":"status-publish","4":"has-post-thumbnail","6":"pwb-brand-spyderco-fr","7":"product_cat-couteaux-de-fermeture","8":"product_cat-des-couteaux","10":"first","11":"instock","12":"taxable","13":"shipping-taxable","14":"purchasable","15":"product-type-simple"},"brands":[{"id":3778,"name":"Spyderco","slug":"spyderco-fr"}],"_links":{"self":[{"href":"https:\/\/www.moskito.cz\/fr\/wp-json\/wp\/v2\/product\/348231","targetHints":{"allow":["GET"]}}],"collection":[{"href":"https:\/\/www.moskito.cz\/fr\/wp-json\/wp\/v2\/product"}],"about":[{"href":"https:\/\/www.moskito.cz\/fr\/wp-json\/wp\/v2\/types\/product"}],"replies":[{"embeddable":true,"href":"https:\/\/www.moskito.cz\/fr\/wp-json\/wp\/v2\/comments?post=348231"}],"wp:featuredmedia":[{"embeddable":true,"href":"https:\/\/www.moskito.cz\/fr\/wp-json\/wp\/v2\/media\/348232"}],"wp:attachment":[{"href":"https:\/\/www.moskito.cz\/fr\/wp-json\/wp\/v2\/media?parent=348231"}],"wp:term":[{"taxonomy":"pwb-brand","embeddable":true,"href":"https:\/\/www.moskito.cz\/fr\/wp-json\/wp\/v2\/pwb-brand?post=348231"},{"taxonomy":"product_brand","embeddable":true,"href":"https:\/\/www.moskito.cz\/fr\/wp-json\/wp\/v2\/product_brand?post=348231"},{"taxonomy":"product_cat","embeddable":true,"href":"https:\/\/www.moskito.cz\/fr\/wp-json\/wp\/v2\/product_cat?post=348231"},{"taxonomy":"product_tag","embeddable":true,"href":"https:\/\/www.moskito.cz\/fr\/wp-json\/wp\/v2\/product_tag?post=348231"}],"curies":[{"name":"wp","href":"https:\/\/api.w.org\/{rel}","templated":true}]}}