{"id":348316,"date":"2021-08-17T20:46:47","date_gmt":"2024-06-28T09:38:00","guid":{"rendered":"https:\/\/www.moskito.cz\/produkt\/couteau-de-fermeture-civivi-elementum\/"},"modified":"2025-05-07T11:19:08","modified_gmt":"2025-05-07T10:19:08","slug":"couteau-de-fermeture-civivi-elementum","status":"publish","type":"product","link":"https:\/\/www.moskito.cz\/fr\/produkt\/couteau-de-fermeture-civivi-elementum\/","title":{"rendered":"Couteau de fermeture Civivi Elementum"},"content":{"rendered":"<p>Couteau de fermeture <strong>Civivi<\/strong> Elementum.<\/p>\n<p>Longueur de la lame&nbsp;: 2,96&nbsp;po (75,2&nbsp;mm)<br \/>\n\u00c9paisseur de la lame&nbsp;: 0,12&nbsp;\u00ab\u00a0(3&nbsp;mm)<br \/>\nMat\u00e9riau de la lame : D2<br \/>\nDuret\u00e9 de la lame&nbsp;: HRC59-61<br \/>\nMouture de la lame&nbsp;: Creuse<br \/>\nFinition de la lame&nbsp;: Finition satin\u00e9e<\/p>\n<p>Longueur du manche&nbsp;: 4,03&nbsp;\u201d(102,4&nbsp;mm)<br \/>\n\u00c9paisseur totale de la poign\u00e9e&nbsp;:&nbsp;0,43&nbsp;po (11&nbsp;mm)<br \/>\nMat\u00e9riau du manche: G10<br \/>\nFinition de la poign\u00e9e&nbsp;: poign\u00e9e noire G10<\/p>\n<p>Mat\u00e9riau du rev\u00eatement : acier inoxydable.<br \/>\nCouleur de la doublure : couleur grise.<\/p>\n<p>Mat\u00e9riau du clip : acier inoxydable.<br \/>\nMat\u00e9riau des vis : acier inoxydable.<br \/>\nCapuchon de pivot&nbsp;: acier inoxydable<br \/>\nMat\u00e9riau des rondelles&nbsp;: roulement \u00e0 billes en c\u00e9ramique en cage<\/p>\n<p>Poids&nbsp;: 82 g \/ 2,89 oz<br \/>\nType de verrouillage&nbsp;: Liner&nbsp;Lock<\/p>\n<p>Concepteur : CIVIVI<\/p>\n<p><strong>WE Knife<\/strong> Co. Ltd. (WE) a acquis la r\u00e9putation de proposer constamment des conceptions innovantes produites avec une qualit\u00e9 constante et \u00e9lev\u00e9e gr\u00e2ce \u00e0 un historique de livraison constante de produits \u00e0 succ\u00e8s. Gr\u00e2ce \u00e0 cela, WE s&rsquo;est impos\u00e9 comme le plus grand fabricant chinois de couteaux de qualit\u00e9.<\/p>\n<p>En r\u00e9ponse aux besoins du march\u00e9, nous avons introduit la marque CIVIVI en 2018, qui se concentre sp\u00e9cifiquement sur l&rsquo;offre de gammes de produits EDC fonctionnels et utilitaires \u00e0 des prix plus abordables.<\/p>\n<p>Combinant les valeurs fondamentales de WE en mati\u00e8re de conception innovante et de fabrication de qualit\u00e9 avec des mat\u00e9riaux tels que le G10, le carbone multiplis et les aciers D2, inoxydables et Damas, les produits CIVIVI offrent \u00e0 leurs utilisateurs valeur et performances sans compromis.<\/p>\n<p>Les couteaux CIVIVI sont beaux, agr\u00e9ables au toucher, fonctionnent bien et font le travail. Comme leurs fr\u00e8res WE Knife, ils sont <strong>\u00ab&nbsp;FAIT MIEUX&nbsp;\u00bb<\/strong><\/p>\n","protected":false},"excerpt":{"rendered":"<p>La marque <strong>CIVIVI<\/strong> est pr\u00e9sente sur le march\u00e9 depuis plus de 20 ans et produit des couteaux de la plus haute qualit\u00e9 et les plus diversifi\u00e9s \u00e0 des prix plus abordables.<\/p>\n","protected":false},"featured_media":348318,"comment_status":"open","ping_status":"closed","template":"","meta":[],"pwb-brand":[3862],"product_brand":[],"product_cat":[3700,3696],"product_tag":[],"class_list":{"0":"post-348316","1":"product","2":"type-product","3":"status-publish","4":"has-post-thumbnail","6":"pwb-brand-couteau-civivi","7":"product_cat-couteaux-de-fermeture","8":"product_cat-des-couteaux","10":"first","11":"instock","12":"taxable","13":"shipping-taxable","14":"purchasable","15":"product-type-simple"},"brands":[{"id":3862,"name":"Couteau CIVIVI","slug":"couteau-civivi"}],"_links":{"self":[{"href":"https:\/\/www.moskito.cz\/fr\/wp-json\/wp\/v2\/product\/348316","targetHints":{"allow":["GET"]}}],"collection":[{"href":"https:\/\/www.moskito.cz\/fr\/wp-json\/wp\/v2\/product"}],"about":[{"href":"https:\/\/www.moskito.cz\/fr\/wp-json\/wp\/v2\/types\/product"}],"replies":[{"embeddable":true,"href":"https:\/\/www.moskito.cz\/fr\/wp-json\/wp\/v2\/comments?post=348316"}],"wp:featuredmedia":[{"embeddable":true,"href":"https:\/\/www.moskito.cz\/fr\/wp-json\/wp\/v2\/media\/348318"}],"wp:attachment":[{"href":"https:\/\/www.moskito.cz\/fr\/wp-json\/wp\/v2\/media?parent=348316"}],"wp:term":[{"taxonomy":"pwb-brand","embeddable":true,"href":"https:\/\/www.moskito.cz\/fr\/wp-json\/wp\/v2\/pwb-brand?post=348316"},{"taxonomy":"product_brand","embeddable":true,"href":"https:\/\/www.moskito.cz\/fr\/wp-json\/wp\/v2\/product_brand?post=348316"},{"taxonomy":"product_cat","embeddable":true,"href":"https:\/\/www.moskito.cz\/fr\/wp-json\/wp\/v2\/product_cat?post=348316"},{"taxonomy":"product_tag","embeddable":true,"href":"https:\/\/www.moskito.cz\/fr\/wp-json\/wp\/v2\/product_tag?post=348316"}],"curies":[{"name":"wp","href":"https:\/\/api.w.org\/{rel}","templated":true}]}}