{"id":348347,"date":"2023-05-09T21:39:31","date_gmt":"2024-06-28T11:02:38","guid":{"rendered":"https:\/\/www.moskito.cz\/produkt\/couteau-de-fermeture-kansept-knives-goblin-bronzed-titanium-k2016a4\/"},"modified":"2025-05-07T11:19:09","modified_gmt":"2025-05-07T10:19:09","slug":"couteau-de-fermeture-kansept-knives-goblin-bronzed-titanium-k2016a4","status":"publish","type":"product","link":"https:\/\/www.moskito.cz\/fr\/produkt\/couteau-de-fermeture-kansept-knives-goblin-bronzed-titanium-k2016a4\/","title":{"rendered":"Couteau de fermeture Kansept Knives Goblin Bronzed Titanium K2016A4"},"content":{"rendered":"<p>Couteau de fermeture <strong>Kansept Knives<\/strong> Goblin Bronzed Titanium K2016A4<\/p>\n<p>L&rsquo;acier \u00e0 lame CPM-S35VN offre une lame solide avec une excellente r\u00e9tention des bords.<br \/>\nPoign\u00e9es biseaut\u00e9es en titane avec une impression de boussole pour une surface de pr\u00e9hension lisse qui est confortable dans votre poche ou votre main.<br \/>\nL&rsquo;acier sous la lame de 3\u00a0\u00bb CPM-S35VN offre une lame robuste avec une excellente r\u00e9tention des bords.<br \/>\nLe roulement \u00e0 billes en c\u00e9ramique offre une ouverture en douceur<br \/>\nCARACT\u00c9RISTIQUES<\/p>\n<p>Longueur totale : 14,3 cm<br \/>\nLongueur de la lame : 5,56 cm<br \/>\n\u00c9paisseur de la lame : 3 mm<br \/>\nAcier de la lame&nbsp;: CPM-S35VN<br \/>\nMeulage de la lame : Meulage plat<br \/>\nLame&nbsp;: d\u00e9lav\u00e9e \u00e0 la pierre<br \/>\nManche : Titane<br \/>\nVerrouillage du cadre<br \/>\nCr\u00e9ateur&nbsp;: Couteaux nobles<\/p>\n","protected":false},"excerpt":{"rendered":"<div class=\"elementor-element elementor-element-bbb542b elementor-widget elementor-widget-woocommerce-product-short-description\" data-id=\"bbb542b\" data-element_type=\"widget\" data-widget_type=\"woocommerce-product-short-description.default\">\n<div class=\"elementor-widget-container\">\n<div class=\"woocommerce-product-details__short-description\">\n<p><strong>\u00ab Kansept \u00bb est une traduction du sens de \u00ab concept \u00bb. Ce qui nous distingue des autres, c&rsquo;est notre capacit\u00e9 \u00e0 innover. Comme le design de notre logo, qui est bas\u00e9 sur l\u2019image d\u2019OVNIS voyageant d\u2019espace en espace et sautant dans le futur.  <\/strong><\/p>\n<p><strong>Transports gratuits.<\/strong><\/p>\n<\/div>\n<\/div>\n<\/div>\n<section class=\"elementor-section elementor-inner-section elementor-element elementor-element-ee51d4b elementor-section-boxed elementor-section-height-default elementor-section-height-default\" data-particle_enable=\"false\" data-particle-mobile-disabled=\"false\" data-id=\"ee51d4b\" data-element_type=\"section\">\n<div class=\"elementor-container elementor-column-gap-no\">\n<div class=\"elementor-column elementor-col-50 elementor-inner-column elementor-element elementor-element-2fbed19\" data-id=\"2fbed19\" data-element_type=\"column\">\n<div class=\"elementor-widget-wrap elementor-element-populated\">\n<div class=\"elementor-element elementor-element-0450112 elementor-widget elementor-widget-heading\" data-id=\"0450112\" data-element_type=\"widget\" data-widget_type=\"heading.default\">\n<div class=\"elementor-widget-container\"><\/div>\n<\/div>\n<\/div>\n<\/div>\n<\/div>\n<\/section>\n","protected":false},"featured_media":348348,"comment_status":"open","ping_status":"closed","template":"","meta":[],"pwb-brand":[3922],"product_brand":[],"product_cat":[3700,3696],"product_tag":[],"class_list":{"0":"post-348347","1":"product","2":"type-product","3":"status-publish","4":"has-post-thumbnail","6":"pwb-brand-couteaux-kansept","7":"product_cat-couteaux-de-fermeture","8":"product_cat-des-couteaux","10":"first","11":"instock","12":"taxable","13":"shipping-taxable","14":"purchasable","15":"product-type-simple"},"brands":[{"id":3922,"name":"Couteaux Kansept","slug":"couteaux-kansept"}],"_links":{"self":[{"href":"https:\/\/www.moskito.cz\/fr\/wp-json\/wp\/v2\/product\/348347","targetHints":{"allow":["GET"]}}],"collection":[{"href":"https:\/\/www.moskito.cz\/fr\/wp-json\/wp\/v2\/product"}],"about":[{"href":"https:\/\/www.moskito.cz\/fr\/wp-json\/wp\/v2\/types\/product"}],"replies":[{"embeddable":true,"href":"https:\/\/www.moskito.cz\/fr\/wp-json\/wp\/v2\/comments?post=348347"}],"wp:featuredmedia":[{"embeddable":true,"href":"https:\/\/www.moskito.cz\/fr\/wp-json\/wp\/v2\/media\/348348"}],"wp:attachment":[{"href":"https:\/\/www.moskito.cz\/fr\/wp-json\/wp\/v2\/media?parent=348347"}],"wp:term":[{"taxonomy":"pwb-brand","embeddable":true,"href":"https:\/\/www.moskito.cz\/fr\/wp-json\/wp\/v2\/pwb-brand?post=348347"},{"taxonomy":"product_brand","embeddable":true,"href":"https:\/\/www.moskito.cz\/fr\/wp-json\/wp\/v2\/product_brand?post=348347"},{"taxonomy":"product_cat","embeddable":true,"href":"https:\/\/www.moskito.cz\/fr\/wp-json\/wp\/v2\/product_cat?post=348347"},{"taxonomy":"product_tag","embeddable":true,"href":"https:\/\/www.moskito.cz\/fr\/wp-json\/wp\/v2\/product_tag?post=348347"}],"curies":[{"name":"wp","href":"https:\/\/api.w.org\/{rel}","templated":true}]}}