{"id":348375,"date":"2024-06-28T12:36:49","date_gmt":"2024-06-28T11:37:44","guid":{"rendered":"https:\/\/www.moskito.cz\/produkt\/couteau-damas-massif-muela-bw-6dam\/"},"modified":"2025-05-07T11:19:11","modified_gmt":"2025-05-07T10:19:11","slug":"couteau-damas-massif-muela-bw-6dam","status":"publish","type":"product","link":"https:\/\/www.moskito.cz\/fr\/produkt\/couteau-damas-massif-muela-bw-6dam\/","title":{"rendered":"Couteau Damas Massif Muela BW-6DAM"},"content":{"rendered":"<p>Couteau Damas massif <strong>Muela<\/strong> BW-6DAM.<\/p>\n<p>Couteau de chasse artistique <strong>Muela<\/strong> Bowie avec lame en acier Damas de 7,5 cm, manche en bois de cerf et fourreau en s\u00e9quoia. Comprend un \u00e9tui en cuir marron et un \u00e9tui de pr\u00e9sentation.<\/p>\n<p>L&rsquo;acier inoxydable Damas est produit \u00e0 partir de deux types d&rsquo;acier m\u00e9tallurgique en poudre (RWL34 et PMC27) et est assembl\u00e9 \u00e0 1&nbsp;150 \u00b0C et sous une pression de 1&nbsp;000 atmosph\u00e8res. Ce processus cr\u00e9e \u00e9galement un acier avec une r\u00e9sistance \u00e0 la d\u00e9chirure, une r\u00e9sistance \u00e0 la fatigue, une ductilit\u00e9 et une r\u00e9sistance aux chocs doubl\u00e9es et met en valeur la beaut\u00e9 exceptionnelle de sa gravure.<\/p>\n<p>Longueur de la lame : 7,5 cm<br \/>\nLongueur du manche : 9,5 cm<br \/>\nLongueur totale : 17 cm<br \/>\nLame : Acier Damas RWL34 (t\u00f4les d&rsquo;acier 576 RWL34 et PMC27)<br \/>\nDuret\u00e9 : 60\/62 HRc<br \/>\nPoign\u00e9e&nbsp;: bois de cerf avec garniture en laiton et incrustations de cuir et de bois de corail<br \/>\nCouverture : cuir de premi\u00e8re qualit\u00e9<br \/>\nPoids : 100 gr<\/p>\n<p>&nbsp;<\/p>\n","protected":false},"excerpt":{"rendered":"<p><strong>Couteau de chasse artistique Muela Bowie avec lame en acier Damas de 7,5 cm, manche en bois de cerf et fourreau en s\u00e9quoia. Comprend un \u00e9tui en cuir marron et un \u00e9tui de pr\u00e9sentation.<\/strong><\/p>\n<p><strong>Transports gratuits.<\/strong><\/p>\n","protected":false},"featured_media":348355,"comment_status":"open","ping_status":"closed","template":"","meta":[],"pwb-brand":[3909],"product_brand":[],"product_cat":[3760,3696],"product_tag":[],"class_list":{"0":"post-348375","1":"product","2":"type-product","3":"status-publish","4":"has-post-thumbnail","6":"pwb-brand-elle-a-du","7":"product_cat-couteaux-damasquines","8":"product_cat-des-couteaux","10":"first","11":"instock","12":"taxable","13":"shipping-taxable","14":"purchasable","15":"product-type-simple"},"brands":[{"id":3909,"name":"Elle a d\u00fb","slug":"elle-a-du"}],"_links":{"self":[{"href":"https:\/\/www.moskito.cz\/fr\/wp-json\/wp\/v2\/product\/348375","targetHints":{"allow":["GET"]}}],"collection":[{"href":"https:\/\/www.moskito.cz\/fr\/wp-json\/wp\/v2\/product"}],"about":[{"href":"https:\/\/www.moskito.cz\/fr\/wp-json\/wp\/v2\/types\/product"}],"replies":[{"embeddable":true,"href":"https:\/\/www.moskito.cz\/fr\/wp-json\/wp\/v2\/comments?post=348375"}],"wp:featuredmedia":[{"embeddable":true,"href":"https:\/\/www.moskito.cz\/fr\/wp-json\/wp\/v2\/media\/348355"}],"wp:attachment":[{"href":"https:\/\/www.moskito.cz\/fr\/wp-json\/wp\/v2\/media?parent=348375"}],"wp:term":[{"taxonomy":"pwb-brand","embeddable":true,"href":"https:\/\/www.moskito.cz\/fr\/wp-json\/wp\/v2\/pwb-brand?post=348375"},{"taxonomy":"product_brand","embeddable":true,"href":"https:\/\/www.moskito.cz\/fr\/wp-json\/wp\/v2\/product_brand?post=348375"},{"taxonomy":"product_cat","embeddable":true,"href":"https:\/\/www.moskito.cz\/fr\/wp-json\/wp\/v2\/product_cat?post=348375"},{"taxonomy":"product_tag","embeddable":true,"href":"https:\/\/www.moskito.cz\/fr\/wp-json\/wp\/v2\/product_tag?post=348375"}],"curies":[{"name":"wp","href":"https:\/\/api.w.org\/{rel}","templated":true}]}}