{"id":348419,"date":"2024-06-28T12:56:38","date_gmt":"2024-06-28T11:57:23","guid":{"rendered":"https:\/\/www.moskito.cz\/produkt\/couteau-fixe-muela-peccary-8m\/"},"modified":"2025-05-07T11:19:11","modified_gmt":"2025-05-07T10:19:11","slug":"couteau-fixe-muela-peccary-8m","status":"publish","type":"product","link":"https:\/\/www.moskito.cz\/fr\/produkt\/couteau-fixe-muela-peccary-8m\/","title":{"rendered":"Couteau Fixe Muela PECCARY-8M"},"content":{"rendered":"<p>Couteau fixe <strong>Muela<\/strong> PECCARY-8M.<\/p>\n<p><strong>PECCARY-8.M<\/strong> est un couteau \u00e0 lame fixe et de construction pleine soie avec un fourreau adapt\u00e9 pour s&rsquo;accrocher autour du cou. Gr\u00e2ce \u00e0 son excellente ergonomie, il tient bien en main malgr\u00e9 ses petites dimensions. Le couteau parfait pour l&rsquo;autod\u00e9fense, utilis\u00e9 par les amateurs de plein air et de survie. L\u00e9ger &#8211; fin &#8211; irrempla\u00e7able &#8211; dot\u00e9 d&rsquo;un \u00e9tui plat &#8211; ce couteau vous accompagnera toujours !<\/p>\n<p>Lame &#8211; avec un profil Drop Point et une \u00e9paisseur de 2,8 mm. Enduit d\u2019une couche antireflet Satin Finish (semi-mate). Fabriqu\u00e9 en acier inoxydable durable au molybd\u00e8ne-vanadium X50CrMoV15, tremp\u00e9 dans la plage de 57 \u00e0 58 HRC. La lame se caract\u00e9rise par de bonnes propri\u00e9t\u00e9s m\u00e9caniques et un aff\u00fbtage \u00e0 long terme. La lame lisse (type Plain) a \u00e9t\u00e9 r\u00e9alis\u00e9e avec une \u00e9mouture plate (Flat Grind).<\/p>\n<p>Le manche &#8211; profil\u00e9, recouvert d&rsquo;inserts imperm\u00e9ables antid\u00e9rapants en micarta noir, assure une prise s\u00fbre malgr\u00e9 ses petites dimensions. Une ouverture \u00e9largie pour la ligne de paracorde a \u00e9t\u00e9 plac\u00e9e \u00e0 l&rsquo;arri\u00e8re de la poign\u00e9e.<\/p>\n<p>Le cadre &#8211; les poign\u00e9es \u00e9taient recouverts d&rsquo;entretoises fibreuses d\u00e9coratives de couleur rouge, auxquelles \u00e9tait fix\u00e9 le rev\u00eatement de la poign\u00e9e.<\/p>\n<p>Gaine &#8211; en mat\u00e9riau Kydex prot\u00e8ge le couteau des chutes et de l&rsquo;humidit\u00e9. Livr\u00e9 avec un cordon paracord pour accrocher l&rsquo;\u00e9tui du couteau autour du cou.<\/p>\n<p>Sp\u00e9cifications techniques:<br \/>\nNum\u00e9ro de produit: PECCARY-8M<\/p>\n<p>Type d&rsquo;acier : X50CrMoV15<br \/>\nLongueur de la lame : 7 cm \/ 2,76&Prime;<br \/>\n\u00c9paisseur de la lame : 0,28 cm \/ 0,11&Prime;<br \/>\nLongueur totale : 15,2 cm \/ 5,98&Prime;<br \/>\nPoids&nbsp;: 69 g \/ 2,43 oz<br \/>\nType de bord&nbsp;:&nbsp;Lisse<br \/>\nType de lame&nbsp;:&nbsp;pointe de chute<br \/>\nType de coupe : Plat<br \/>\nMat\u00e9riau du manche : Micarta noir<br \/>\nFourreau : Kydex<br \/>\nFabricant : Muela, Espagne<\/p>\n<p>&nbsp;<\/p>\n<p>&nbsp;<\/p>\n","protected":false},"excerpt":{"rendered":"<p><strong>Ce couteau polyvalent, qui partage une lame avec le couteau COLIBRI, se d\u00e9cline d\u00e9sormais sous la forme d&rsquo;un joli couteau de cou.<\/strong><\/p>\n<p><strong>Tout comme le P\u00c9CCARY, l&rsquo;animal qui lui inspire son nom est petit, rustique, dynamique, agressif et robuste. Des caract\u00e9ristiques qui le rendent adapt\u00e9 \u00e0 une vari\u00e9t\u00e9 de situations.<\/strong><\/p>\n<p>&nbsp;<\/p>\n","protected":false},"featured_media":348379,"comment_status":"open","ping_status":"closed","template":"","meta":[],"pwb-brand":[],"product_brand":[],"product_cat":[3697,3696],"product_tag":[],"class_list":{"0":"post-348419","1":"product","2":"type-product","3":"status-publish","4":"has-post-thumbnail","6":"product_cat-couteaux-solides","7":"product_cat-des-couteaux","9":"first","10":"outofstock","11":"taxable","12":"shipping-taxable","13":"purchasable","14":"product-type-simple"},"brands":[],"_links":{"self":[{"href":"https:\/\/www.moskito.cz\/fr\/wp-json\/wp\/v2\/product\/348419","targetHints":{"allow":["GET"]}}],"collection":[{"href":"https:\/\/www.moskito.cz\/fr\/wp-json\/wp\/v2\/product"}],"about":[{"href":"https:\/\/www.moskito.cz\/fr\/wp-json\/wp\/v2\/types\/product"}],"replies":[{"embeddable":true,"href":"https:\/\/www.moskito.cz\/fr\/wp-json\/wp\/v2\/comments?post=348419"}],"wp:featuredmedia":[{"embeddable":true,"href":"https:\/\/www.moskito.cz\/fr\/wp-json\/wp\/v2\/media\/348379"}],"wp:attachment":[{"href":"https:\/\/www.moskito.cz\/fr\/wp-json\/wp\/v2\/media?parent=348419"}],"wp:term":[{"taxonomy":"pwb-brand","embeddable":true,"href":"https:\/\/www.moskito.cz\/fr\/wp-json\/wp\/v2\/pwb-brand?post=348419"},{"taxonomy":"product_brand","embeddable":true,"href":"https:\/\/www.moskito.cz\/fr\/wp-json\/wp\/v2\/product_brand?post=348419"},{"taxonomy":"product_cat","embeddable":true,"href":"https:\/\/www.moskito.cz\/fr\/wp-json\/wp\/v2\/product_cat?post=348419"},{"taxonomy":"product_tag","embeddable":true,"href":"https:\/\/www.moskito.cz\/fr\/wp-json\/wp\/v2\/product_tag?post=348419"}],"curies":[{"name":"wp","href":"https:\/\/api.w.org\/{rel}","templated":true}]}}