{"id":348457,"date":"2024-01-17T16:08:56","date_gmt":"2024-01-17T15:08:56","guid":{"rendered":"https:\/\/www.moskito.cz\/produkt\/couteau-a-champignons-de-fermeture-joker-jkr-32\/"},"modified":"2025-11-21T09:43:07","modified_gmt":"2025-11-21T08:43:07","slug":"couteau-a-champignons-de-fermeture-joker-jkr-32","status":"publish","type":"product","link":"https:\/\/www.moskito.cz\/fr\/produkt\/couteau-a-champignons-de-fermeture-joker-jkr-32\/","title":{"rendered":"Couteau \u00e0 champignons de fermeture Joker JKR 32"},"content":{"rendered":"<p>Couteau \u00e0 champignons de fermeture <strong>Joker<\/strong> JKR 32<\/p>\n<p>Le couteau de fermeture a une longueur de lame de 6 cm dont la forme est id\u00e9ale pour d\u00e9limiter les champignons. La longueur totale \u00e0 l&rsquo;\u00e9tat ouvert est de 19 cm.<\/p>\n<p>Au bout du manche, le couteau est \u00e9quip\u00e9 de poils pour \u00e9liminer la salet\u00e9 de la surface des champignons. Il y a \u00e9galement un ruban \u00e0 mesurer sur la bouche pour les mesures d&rsquo;orientation.<\/p>\n","protected":false},"excerpt":{"rendered":"<p><strong>Couteau \u00e0 champignons Joker.<\/strong><\/p>\n","protected":false},"featured_media":348458,"comment_status":"open","ping_status":"closed","template":"","meta":[],"pwb-brand":[3873],"product_brand":[],"product_cat":[3700,3696],"product_tag":[],"class_list":{"0":"post-348457","1":"product","2":"type-product","3":"status-publish","4":"has-post-thumbnail","6":"pwb-brand-joker-fr","7":"product_cat-couteaux-de-fermeture","8":"product_cat-des-couteaux","10":"first","11":"instock","12":"taxable","13":"shipping-taxable","14":"purchasable","15":"product-type-simple"},"brands":[{"id":3873,"name":"Joker","slug":"joker-fr"}],"_links":{"self":[{"href":"https:\/\/www.moskito.cz\/fr\/wp-json\/wp\/v2\/product\/348457","targetHints":{"allow":["GET"]}}],"collection":[{"href":"https:\/\/www.moskito.cz\/fr\/wp-json\/wp\/v2\/product"}],"about":[{"href":"https:\/\/www.moskito.cz\/fr\/wp-json\/wp\/v2\/types\/product"}],"replies":[{"embeddable":true,"href":"https:\/\/www.moskito.cz\/fr\/wp-json\/wp\/v2\/comments?post=348457"}],"wp:featuredmedia":[{"embeddable":true,"href":"https:\/\/www.moskito.cz\/fr\/wp-json\/wp\/v2\/media\/348458"}],"wp:attachment":[{"href":"https:\/\/www.moskito.cz\/fr\/wp-json\/wp\/v2\/media?parent=348457"}],"wp:term":[{"taxonomy":"pwb-brand","embeddable":true,"href":"https:\/\/www.moskito.cz\/fr\/wp-json\/wp\/v2\/pwb-brand?post=348457"},{"taxonomy":"product_brand","embeddable":true,"href":"https:\/\/www.moskito.cz\/fr\/wp-json\/wp\/v2\/product_brand?post=348457"},{"taxonomy":"product_cat","embeddable":true,"href":"https:\/\/www.moskito.cz\/fr\/wp-json\/wp\/v2\/product_cat?post=348457"},{"taxonomy":"product_tag","embeddable":true,"href":"https:\/\/www.moskito.cz\/fr\/wp-json\/wp\/v2\/product_tag?post=348457"}],"curies":[{"name":"wp","href":"https:\/\/api.w.org\/{rel}","templated":true}]}}