{"id":348504,"date":"2024-07-02T12:58:39","date_gmt":"2024-07-02T11:59:17","guid":{"rendered":"https:\/\/www.moskito.cz\/produkt\/couteau-de-fermeture-avec-etui-muela-bx-8-ol\/"},"modified":"2025-05-07T11:19:14","modified_gmt":"2025-05-07T10:19:14","slug":"couteau-de-fermeture-avec-etui-muela-bx-8-ol","status":"publish","type":"product","link":"https:\/\/www.moskito.cz\/fr\/produkt\/couteau-de-fermeture-avec-etui-muela-bx-8-ol\/","title":{"rendered":"Couteau de fermeture avec \u00e9tui Muela BX-8.OL"},"content":{"rendered":"<p>Couteau de fermeture avec \u00e9tui <strong>Muela<\/strong> BX-8.OL<\/p>\n<p>D\u00e9couvrez le couteau de chasse le plus exceptionnel jamais cr\u00e9\u00e9 pour vous accompagner dans vos aventures outdoor ! Pr\u00e9sentation du couteau de chasse artisanal BX-8.OL, un v\u00e9ritable chef-d&rsquo;\u0153uvre fabriqu\u00e9 avec passion et savoir-faire en Espagne par la c\u00e9l\u00e8bre marque Muela.<\/p>\n<p>Propri\u00e9t\u00e9s:<\/p>\n<p>S\u00e9curit\u00e9 Lockback : Gr\u00e2ce \u00e0 la technologie unique Lockback, vous pouvez \u00eatre s\u00fbr que la lame restera verrouill\u00e9e en place pendant l&rsquo;utilisation. Ne vous inqui\u00e9tez pas des accidents !<br \/>\nLame de 8,5 cm : La longueur de la lame offre l\u2019\u00e9quilibre parfait entre polyvalence et performance. Il est id\u00e9al pour les t\u00e2ches de pr\u00e9cision ainsi que pour les t\u00e2ches plus exigeantes lors de vos journ\u00e9es de chasse.<br \/>\nManche en bois d&rsquo;olivier de 10 cm : Pouvez-vous imaginer avoir la douceur et l&rsquo;\u00e9l\u00e9gance du bois d&rsquo;olivier entre vos mains ? Ce manche est un v\u00e9ritable bijou, non seulement par son aspect, mais aussi parce qu&rsquo;il tient confortablement dans la main et offre une prise ferme ? maintien s\u00e9curis\u00e9.<br \/>\nConstruction robuste : D&rsquo;une longueur totale de 18,5 cm, ce rasoir est con\u00e7u pour durer toute une vie. La lame en acier inoxydable molybd\u00e8ne vanadium de 2,5 mm assure une r\u00e9sistance exceptionnelle \u00e0 tous les d\u00e9fis de la nature.<br \/>\nD\u00e9tails en maillechort : Le renfort en maillechort donne non seulement au couteau une touche esth\u00e9tique et distinctive, mais offre \u00e9galement une protection suppl\u00e9mentaire au manche et garantit son int\u00e9grit\u00e9 et sa durabilit\u00e9.<br \/>\n\u00c9tui inclus : Pour prot\u00e9ger ce bijou de couteau lorsqu\u2019il n\u2019est pas utilis\u00e9, nous vous fournissons un \u00e9tui durable et \u00e9l\u00e9gant. Vous pouvez l&#8217;emmener partout en toute s\u00e9r\u00e9nit\u00e9.<br \/>\nPoids optimal : Avec seulement 210 grammes, ce couteau est suffisamment l\u00e9ger pour tenir confortablement dans une poche ou un sac \u00e0 dos, mais suffisamment durable pour accomplir n&rsquo;importe quelle t\u00e2che !<\/p>\n<p>Ne manquez pas cette opportunit\u00e9 de poss\u00e9der une authentique pi\u00e8ce d&rsquo;artisanat espagnol qui fera passer votre exp\u00e9rience de chasse \u00e0 un niveau sup\u00e9rieur. Le couteau de chasse artisanal Muela BX-8.OL est le compagnon id\u00e9al qui refl\u00e9tera votre style et votre passion pour la nature. Cliquez maintenant et emportez-le avec vous lors de votre prochaine aventure en plein air&nbsp;!<\/p>\n<p>Longueur totale : 19 cm<br \/>\nLongueur de la lame : 8,5 cm<br \/>\nPoids : 120g<br \/>\nMat\u00e9riau de la lame : 440<br \/>\nMat\u00e9riau du manche : olive<br \/>\nS\u00e9curit\u00e9&nbsp;: Backlock<\/p>\n","protected":false},"excerpt":{"rendered":"<p><strong>D\u00e9couvrez le couteau de chasse le plus exceptionnel jamais cr\u00e9\u00e9 pour vous accompagner dans vos aventures outdoor ! Pr\u00e9sentation du couteau de chasse artisanal BX-8.OL, un v\u00e9ritable chef-d&rsquo;\u0153uvre fabriqu\u00e9 avec passion et savoir-faire en Espagne par la c\u00e9l\u00e8bre marque Muela.<\/strong><\/p>\n","protected":false},"featured_media":348489,"comment_status":"open","ping_status":"closed","template":"","meta":[],"pwb-brand":[3909],"product_brand":[],"product_cat":[3700,3696],"product_tag":[3754],"class_list":{"0":"post-348504","1":"product","2":"type-product","3":"status-publish","4":"has-post-thumbnail","6":"pwb-brand-elle-a-du","7":"product_cat-couteaux-de-fermeture","8":"product_cat-des-couteaux","9":"product_tag-b2b-fr","11":"first","12":"outofstock","13":"taxable","14":"shipping-taxable","15":"purchasable","16":"product-type-simple"},"brands":[{"id":3909,"name":"Elle a d\u00fb","slug":"elle-a-du"}],"_links":{"self":[{"href":"https:\/\/www.moskito.cz\/fr\/wp-json\/wp\/v2\/product\/348504","targetHints":{"allow":["GET"]}}],"collection":[{"href":"https:\/\/www.moskito.cz\/fr\/wp-json\/wp\/v2\/product"}],"about":[{"href":"https:\/\/www.moskito.cz\/fr\/wp-json\/wp\/v2\/types\/product"}],"replies":[{"embeddable":true,"href":"https:\/\/www.moskito.cz\/fr\/wp-json\/wp\/v2\/comments?post=348504"}],"wp:featuredmedia":[{"embeddable":true,"href":"https:\/\/www.moskito.cz\/fr\/wp-json\/wp\/v2\/media\/348489"}],"wp:attachment":[{"href":"https:\/\/www.moskito.cz\/fr\/wp-json\/wp\/v2\/media?parent=348504"}],"wp:term":[{"taxonomy":"pwb-brand","embeddable":true,"href":"https:\/\/www.moskito.cz\/fr\/wp-json\/wp\/v2\/pwb-brand?post=348504"},{"taxonomy":"product_brand","embeddable":true,"href":"https:\/\/www.moskito.cz\/fr\/wp-json\/wp\/v2\/product_brand?post=348504"},{"taxonomy":"product_cat","embeddable":true,"href":"https:\/\/www.moskito.cz\/fr\/wp-json\/wp\/v2\/product_cat?post=348504"},{"taxonomy":"product_tag","embeddable":true,"href":"https:\/\/www.moskito.cz\/fr\/wp-json\/wp\/v2\/product_tag?post=348504"}],"curies":[{"name":"wp","href":"https:\/\/api.w.org\/{rel}","templated":true}]}}